{"id":6343,"date":"2025-12-15T17:00:32","date_gmt":"2025-12-15T16:00:32","guid":{"rendered":"https:\/\/www.lazioinnova.it\/innovazione-aperta\/?page_id=6343"},"modified":"2025-12-19T09:58:42","modified_gmt":"2025-12-19T08:58:42","slug":"uniamo-network-territoriale","status":"publish","type":"page","link":"https:\/\/www.lazioinnova.it\/innovazione-aperta\/uniamo-network-territoriale\/","title":{"rendered":"UniAmo\u00a0network territoriale"},"content":{"rendered":"<div class=\"wp-block-image\">\n<figure class=\"aligncenter size-full\"><img loading=\"lazy\" decoding=\"async\" width=\"999\" height=\"170\" src=\"https:\/\/www.lazioinnova.it\/innovazione-aperta\/app\/uploads\/2025\/10\/Stringa-Spazio-Attivo_positivo.png\" alt=\"Loghi Coesione Italia 21-27, Unione europea, Repubblica Italiana e Regione Lazio. PR FESR Lazio 2021-2027 - O.S. 1.3\" class=\"wp-image-5587\" srcset=\"https:\/\/www.lazioinnova.it\/innovazione-aperta\/app\/uploads\/2025\/10\/Stringa-Spazio-Attivo_positivo.png 999w, https:\/\/www.lazioinnova.it\/innovazione-aperta\/app\/uploads\/2025\/10\/Stringa-Spazio-Attivo_positivo-300x51.png 300w, https:\/\/www.lazioinnova.it\/innovazione-aperta\/app\/uploads\/2025\/10\/Stringa-Spazio-Attivo_positivo-768x131.png 768w\" sizes=\"auto, (max-width: 999px) 100vw, 999px\" \/><\/figure><\/div>\n\n<div class=\"wp-block-image\">\n<figure class=\"aligncenter size-full\"><img loading=\"lazy\" decoding=\"async\" width=\"940\" height=\"501\" src=\"https:\/\/www.lazioinnova.it\/innovazione-aperta\/app\/uploads\/2025\/12\/immagine-progetto-uniamo.jpeg\" alt=\"\" class=\"wp-image-6368\" srcset=\"https:\/\/www.lazioinnova.it\/innovazione-aperta\/app\/uploads\/2025\/12\/immagine-progetto-uniamo.jpeg 940w, https:\/\/www.lazioinnova.it\/innovazione-aperta\/app\/uploads\/2025\/12\/immagine-progetto-uniamo-300x160.jpeg 300w, https:\/\/www.lazioinnova.it\/innovazione-aperta\/app\/uploads\/2025\/12\/immagine-progetto-uniamo-768x409.jpeg 768w\" sizes=\"auto, (max-width: 940px) 100vw, 940px\" \/><\/figure><\/div>\n\n\n<p><strong>Azioni previste:<\/strong><br>Un percorso esperienziale per costituire un network territoriale gestito da studenti, protagonisti e ambasciatori del territorio, per rafforzare la connessione tra scuola, imprese e comunit\u00e0 attraverso l&#8217;innovazione, l\u2019inclusione sociale, la sostenibilit\u00e0, la digitalizzazione e l&#8217;imprenditoria.<\/p>\n\n\n\n<p><strong>Articolazione del percorso:<\/strong><br>da 10 a 60 ore (modalit\u00e0 laboratoriale secondo i principi del learning by doing)<\/p>\n\n\n\n<ul class=\"wp-block-list\">\n<li>Modulo 1: MERAVIGLIA &#8211; Ispirazione e Creativit\u00e0, Marketing e territoriale e comunicazione (10 ore)<\/li>\n\n\n\n<li>Modulo 2: MANI IN PASTA &#8211; La natura da un altro punto di vista, Marketing e storytelling territoriale, Comunicazione, public speaking, digital PR e gestione eventi (10 ore)<\/li>\n\n\n\n<li>Modulo 3: SALE IN ZUCCA &#8211;  Management operativo, Public speaking e gestione eventi, Creazione di una community online di networking, Realizzazione di eventi pilota: UniAmo Day, passeggiate esperienziali, business&nbsp;picnic\/aperitivi di rete (20 ore)<\/li>\n\n\n\n<li>Modulo 4: EVENTO FINALE (5 ore)<\/li>\n<\/ul>\n\n\n\n<p><strong>Competenze che si acquisiscono con il percorso:<\/strong><br>Soft skills (leadership, teamwork, problem solving)<br>Competenze digitali, STEAM e multilinguistiche<br>Mentalit\u00e0 imprenditoriale (creativit\u00e0, resilienza)<br>Storytelling e marketing territoriale<br>EntreComp (In azione, risorse, idee e opportunit\u00e0).<br><\/p>\n\n\n\n<p><strong>Territori coinvolti:<\/strong><br>Roma Capitale, Citt\u00e0 Metropolitana di Roma (esclusa la Capitale), Latina, Viterbo, Rieti e Frosinone.<\/p>\n\n\n\n<p><strong>Destinatari:<\/strong><br>Studenti e studentesse delle classi III, IV e V degli indirizzi di studio tecnico\/professionali, quali: AFM, alberghiero, tecnico informatico.<br><\/p>\n\n\n\n<p><strong>Disponibilit\u00e0:<\/strong><br>5 Istituti&nbsp; (qualora arrivassero pi\u00f9 domande, si valuter\u00e0 prediligendo il criterio di espansione territoriale e adesione ai moduli del percorso in base all\u2019attivazione e l\u2019interesse relativo all\u2019inserimento di tutti i contenuti trattati).<\/p>\n\n\n\n<p><strong>Modalit\u00e0 di Adesione:<\/strong><br>Via mail a: <a href=\"mailto:uniamomarketingterritoriale@yahoo.com\">uniamomarketingterritoriale@yahoo.com<\/a><\/p>\n\n\n\n<p class=\"has-background\" style=\"background-color:#f4e2533d;font-size:22px\">Scarica la&nbsp;<strong><a href=\"https:\/\/www.lazioinnova.it\/innovazione-aperta\/app\/uploads\/2025\/12\/locandina-catalogo-progetto-uniamo.docx.pdf\">Locandina<\/a><\/strong> del progetto (.pdf)<\/p>\n\n\n\n<h2 class=\"wp-block-heading\" id=\"proponente\"><br><br>Proponente:<\/h2>\n\n\n\n<figure class=\"wp-block-image size-full\"><img loading=\"lazy\" decoding=\"async\" width=\"220\" height=\"90\" src=\"https:\/\/www.lazioinnova.it\/innovazione-aperta\/app\/uploads\/2025\/12\/singita-logo-positive.png\" alt=\"Logo Singita miracle beach\" class=\"wp-image-6350\"\/><\/figure>\n\n\n\n<p>Valorizzazioni Turistiche S.R.L. Singita Miracle Beach \u00e8 un network che unisce ospitalit\u00e0, arte, sostenibilit\u00e0 e innovazione in un modo di vivere il mare autentico e distintivo. L\u2019impresa si distingue per un forte know-how nell\u2019ospitalit\u00e0, maturato attraverso anni di attivit\u00e0 nel settore turistico-balneare.<br>Tra le competenze professionali che abbiamo consolidato nel tempo e che pensiamo possano essere trasmesse alle giovani menti, rientrano: Customer Experience, Gestione sostenibile, Innovazione e Creativit\u00e0.<\/p>\n\n\n\n<p><a href=\"https:\/\/www.singita.it\/fregene\/\"><strong>www.singita.it\/fregene<\/strong><\/a><br><\/p>\n","protected":false},"excerpt":{"rendered":"<p>Azioni previste:Un percorso esperienziale per costituire un network territoriale gestito da studenti, protagonisti e ambasciatori del territorio, per rafforzare la connessione tra scuola, imprese e comunit\u00e0 attraverso l&#8217;innovazione, l\u2019inclusione sociale, la sostenibilit\u00e0, la digitalizzazione e l&#8217;imprenditoria. Articolazione del percorso:da 10 a 60 ore (modalit\u00e0 laboratoriale secondo i principi del learning by doing) Competenze che si [&hellip;]<\/p>\n","protected":false},"author":2,"featured_media":1574,"parent":0,"menu_order":0,"comment_status":"closed","ping_status":"closed","template":"","meta":{"_acf_changed":false,"ghostkit_customizer_options":"","ghostkit_custom_css":"","ghostkit_custom_js_head":"","ghostkit_custom_js_foot":"","ghostkit_typography":"","footnotes":""},"class_list":["post-6343","page","type-page","status-publish","has-post-thumbnail","hentry"],"acf":[],"yoast_head":"<!-- This site is optimized with the Yoast SEO plugin v25.3.1 - https:\/\/yoast.com\/wordpress\/plugins\/seo\/ -->\n<title>UniAmo\u00a0network territoriale - Innovazione Aperta - LazioInnova<\/title>\n<meta name=\"robots\" content=\"index, follow, max-snippet:-1, max-image-preview:large, max-video-preview:-1\" \/>\n<link rel=\"canonical\" href=\"https:\/\/www.lazioinnova.it\/innovazione-aperta\/uniamo-network-territoriale\/\" \/>\n<meta property=\"og:locale\" content=\"it_IT\" \/>\n<meta property=\"og:type\" content=\"article\" \/>\n<meta property=\"og:title\" content=\"UniAmo\u00a0network territoriale - Innovazione Aperta - LazioInnova\" \/>\n<meta property=\"og:description\" content=\"Azioni previste:Un percorso esperienziale per costituire un network territoriale gestito da studenti, protagonisti e ambasciatori del territorio, per rafforzare la connessione tra scuola, imprese e comunit\u00e0 attraverso l&#8217;innovazione, l\u2019inclusione sociale, la sostenibilit\u00e0, la digitalizzazione e l&#8217;imprenditoria. Articolazione del percorso:da 10 a 60 ore (modalit\u00e0 laboratoriale secondo i principi del learning by doing) Competenze che si [&hellip;]\" \/>\n<meta property=\"og:url\" content=\"https:\/\/www.lazioinnova.it\/innovazione-aperta\/uniamo-network-territoriale\/\" \/>\n<meta property=\"og:site_name\" content=\"Innovazione Aperta - LazioInnova\" \/>\n<meta property=\"article:modified_time\" content=\"2025-12-19T08:58:42+00:00\" \/>\n<meta property=\"og:image\" content=\"https:\/\/www.lazioinnova.it\/innovazione-aperta\/app\/uploads\/2023\/10\/Pagina-iniziativa-1920x618-pixel-1-1.png\" \/>\n\t<meta property=\"og:image:width\" content=\"1920\" \/>\n\t<meta property=\"og:image:height\" content=\"618\" \/>\n\t<meta property=\"og:image:type\" content=\"image\/png\" \/>\n<meta name=\"twitter:card\" content=\"summary_large_image\" \/>\n<meta name=\"twitter:label1\" content=\"Tempo di lettura stimato\" \/>\n\t<meta name=\"twitter:data1\" content=\"3 minuti\" \/>\n<script type=\"application\/ld+json\" class=\"yoast-schema-graph\">{\"@context\":\"https:\/\/schema.org\",\"@graph\":[{\"@type\":\"WebPage\",\"@id\":\"https:\/\/www.lazioinnova.it\/innovazione-aperta\/uniamo-network-territoriale\/\",\"url\":\"https:\/\/www.lazioinnova.it\/innovazione-aperta\/uniamo-network-territoriale\/\",\"name\":\"UniAmo\u00a0network territoriale - Innovazione Aperta - LazioInnova\",\"isPartOf\":{\"@id\":\"https:\/\/www.lazioinnova.it\/innovazione-aperta\/#website\"},\"primaryImageOfPage\":{\"@id\":\"https:\/\/www.lazioinnova.it\/innovazione-aperta\/uniamo-network-territoriale\/#primaryimage\"},\"image\":{\"@id\":\"https:\/\/www.lazioinnova.it\/innovazione-aperta\/uniamo-network-territoriale\/#primaryimage\"},\"thumbnailUrl\":\"https:\/\/www.lazioinnova.it\/innovazione-aperta\/app\/uploads\/2023\/10\/Pagina-iniziativa-1920x618-pixel-1-1.png\",\"datePublished\":\"2025-12-15T16:00:32+00:00\",\"dateModified\":\"2025-12-19T08:58:42+00:00\",\"breadcrumb\":{\"@id\":\"https:\/\/www.lazioinnova.it\/innovazione-aperta\/uniamo-network-territoriale\/#breadcrumb\"},\"inLanguage\":\"it-IT\",\"potentialAction\":[{\"@type\":\"ReadAction\",\"target\":[\"https:\/\/www.lazioinnova.it\/innovazione-aperta\/uniamo-network-territoriale\/\"]}]},{\"@type\":\"ImageObject\",\"inLanguage\":\"it-IT\",\"@id\":\"https:\/\/www.lazioinnova.it\/innovazione-aperta\/uniamo-network-territoriale\/#primaryimage\",\"url\":\"https:\/\/www.lazioinnova.it\/innovazione-aperta\/app\/uploads\/2023\/10\/Pagina-iniziativa-1920x618-pixel-1-1.png\",\"contentUrl\":\"https:\/\/www.lazioinnova.it\/innovazione-aperta\/app\/uploads\/2023\/10\/Pagina-iniziativa-1920x618-pixel-1-1.png\",\"width\":1920,\"height\":618},{\"@type\":\"BreadcrumbList\",\"@id\":\"https:\/\/www.lazioinnova.it\/innovazione-aperta\/uniamo-network-territoriale\/#breadcrumb\",\"itemListElement\":[{\"@type\":\"ListItem\",\"position\":1,\"name\":\"Home\",\"item\":\"https:\/\/www.lazioinnova.it\/innovazione-aperta\/\"},{\"@type\":\"ListItem\",\"position\":2,\"name\":\"UniAmo\u00a0network territoriale\"}]},{\"@type\":\"WebSite\",\"@id\":\"https:\/\/www.lazioinnova.it\/innovazione-aperta\/#website\",\"url\":\"https:\/\/www.lazioinnova.it\/innovazione-aperta\/\",\"name\":\"Innovazione Aperta - LazioInnova\",\"description\":\"Lazio Innova\",\"potentialAction\":[{\"@type\":\"SearchAction\",\"target\":{\"@type\":\"EntryPoint\",\"urlTemplate\":\"https:\/\/www.lazioinnova.it\/innovazione-aperta\/?s={search_term_string}\"},\"query-input\":{\"@type\":\"PropertyValueSpecification\",\"valueRequired\":true,\"valueName\":\"search_term_string\"}}],\"inLanguage\":\"it-IT\"}]}<\/script>\n<!-- \/ Yoast SEO plugin. -->","yoast_head_json":{"title":"UniAmo\u00a0network territoriale - Innovazione Aperta - LazioInnova","robots":{"index":"index","follow":"follow","max-snippet":"max-snippet:-1","max-image-preview":"max-image-preview:large","max-video-preview":"max-video-preview:-1"},"canonical":"https:\/\/www.lazioinnova.it\/innovazione-aperta\/uniamo-network-territoriale\/","og_locale":"it_IT","og_type":"article","og_title":"UniAmo\u00a0network territoriale - Innovazione Aperta - LazioInnova","og_description":"Azioni previste:Un percorso esperienziale per costituire un network territoriale gestito da studenti, protagonisti e ambasciatori del territorio, per rafforzare la connessione tra scuola, imprese e comunit\u00e0 attraverso l&#8217;innovazione, l\u2019inclusione sociale, la sostenibilit\u00e0, la digitalizzazione e l&#8217;imprenditoria. Articolazione del percorso:da 10 a 60 ore (modalit\u00e0 laboratoriale secondo i principi del learning by doing) Competenze che si [&hellip;]","og_url":"https:\/\/www.lazioinnova.it\/innovazione-aperta\/uniamo-network-territoriale\/","og_site_name":"Innovazione Aperta - LazioInnova","article_modified_time":"2025-12-19T08:58:42+00:00","og_image":[{"width":1920,"height":618,"url":"https:\/\/www.lazioinnova.it\/innovazione-aperta\/app\/uploads\/2023\/10\/Pagina-iniziativa-1920x618-pixel-1-1.png","type":"image\/png"}],"twitter_card":"summary_large_image","twitter_misc":{"Tempo di lettura stimato":"3 minuti"},"schema":{"@context":"https:\/\/schema.org","@graph":[{"@type":"WebPage","@id":"https:\/\/www.lazioinnova.it\/innovazione-aperta\/uniamo-network-territoriale\/","url":"https:\/\/www.lazioinnova.it\/innovazione-aperta\/uniamo-network-territoriale\/","name":"UniAmo\u00a0network territoriale - Innovazione Aperta - LazioInnova","isPartOf":{"@id":"https:\/\/www.lazioinnova.it\/innovazione-aperta\/#website"},"primaryImageOfPage":{"@id":"https:\/\/www.lazioinnova.it\/innovazione-aperta\/uniamo-network-territoriale\/#primaryimage"},"image":{"@id":"https:\/\/www.lazioinnova.it\/innovazione-aperta\/uniamo-network-territoriale\/#primaryimage"},"thumbnailUrl":"https:\/\/www.lazioinnova.it\/innovazione-aperta\/app\/uploads\/2023\/10\/Pagina-iniziativa-1920x618-pixel-1-1.png","datePublished":"2025-12-15T16:00:32+00:00","dateModified":"2025-12-19T08:58:42+00:00","breadcrumb":{"@id":"https:\/\/www.lazioinnova.it\/innovazione-aperta\/uniamo-network-territoriale\/#breadcrumb"},"inLanguage":"it-IT","potentialAction":[{"@type":"ReadAction","target":["https:\/\/www.lazioinnova.it\/innovazione-aperta\/uniamo-network-territoriale\/"]}]},{"@type":"ImageObject","inLanguage":"it-IT","@id":"https:\/\/www.lazioinnova.it\/innovazione-aperta\/uniamo-network-territoriale\/#primaryimage","url":"https:\/\/www.lazioinnova.it\/innovazione-aperta\/app\/uploads\/2023\/10\/Pagina-iniziativa-1920x618-pixel-1-1.png","contentUrl":"https:\/\/www.lazioinnova.it\/innovazione-aperta\/app\/uploads\/2023\/10\/Pagina-iniziativa-1920x618-pixel-1-1.png","width":1920,"height":618},{"@type":"BreadcrumbList","@id":"https:\/\/www.lazioinnova.it\/innovazione-aperta\/uniamo-network-territoriale\/#breadcrumb","itemListElement":[{"@type":"ListItem","position":1,"name":"Home","item":"https:\/\/www.lazioinnova.it\/innovazione-aperta\/"},{"@type":"ListItem","position":2,"name":"UniAmo\u00a0network territoriale"}]},{"@type":"WebSite","@id":"https:\/\/www.lazioinnova.it\/innovazione-aperta\/#website","url":"https:\/\/www.lazioinnova.it\/innovazione-aperta\/","name":"Innovazione Aperta - LazioInnova","description":"Lazio Innova","potentialAction":[{"@type":"SearchAction","target":{"@type":"EntryPoint","urlTemplate":"https:\/\/www.lazioinnova.it\/innovazione-aperta\/?s={search_term_string}"},"query-input":{"@type":"PropertyValueSpecification","valueRequired":true,"valueName":"search_term_string"}}],"inLanguage":"it-IT"}]}},"featured_image_src":"https:\/\/www.lazioinnova.it\/innovazione-aperta\/app\/uploads\/2023\/10\/Pagina-iniziativa-1920x618-pixel-1-1-600x400.png","featured_image_src_square":"https:\/\/www.lazioinnova.it\/innovazione-aperta\/app\/uploads\/2023\/10\/Pagina-iniziativa-1920x618-pixel-1-1-600x600.png","_links":{"self":[{"href":"https:\/\/www.lazioinnova.it\/innovazione-aperta\/wp-json\/wp\/v2\/pages\/6343","targetHints":{"allow":["GET"]}}],"collection":[{"href":"https:\/\/www.lazioinnova.it\/innovazione-aperta\/wp-json\/wp\/v2\/pages"}],"about":[{"href":"https:\/\/www.lazioinnova.it\/innovazione-aperta\/wp-json\/wp\/v2\/types\/page"}],"author":[{"embeddable":true,"href":"https:\/\/www.lazioinnova.it\/innovazione-aperta\/wp-json\/wp\/v2\/users\/2"}],"replies":[{"embeddable":true,"href":"https:\/\/www.lazioinnova.it\/innovazione-aperta\/wp-json\/wp\/v2\/comments?post=6343"}],"version-history":[{"count":8,"href":"https:\/\/www.lazioinnova.it\/innovazione-aperta\/wp-json\/wp\/v2\/pages\/6343\/revisions"}],"predecessor-version":[{"id":6371,"href":"https:\/\/www.lazioinnova.it\/innovazione-aperta\/wp-json\/wp\/v2\/pages\/6343\/revisions\/6371"}],"wp:featuredmedia":[{"embeddable":true,"href":"https:\/\/www.lazioinnova.it\/innovazione-aperta\/wp-json\/wp\/v2\/media\/1574"}],"wp:attachment":[{"href":"https:\/\/www.lazioinnova.it\/innovazione-aperta\/wp-json\/wp\/v2\/media?parent=6343"}],"curies":[{"name":"wp","href":"https:\/\/api.w.org\/{rel}","templated":true}]}}