{"id":12533,"date":"2017-12-28T14:28:41","date_gmt":"2017-12-28T13:28:41","guid":{"rendered":"https:\/\/www.lazioinnova.it\/?page_id=12533"},"modified":"2023-11-16T10:57:21","modified_gmt":"2023-11-16T10:57:21","slug":"social-innovation-lab","status":"publish","type":"page","link":"https:\/\/www.lazioinnova.it\/spazioattivo\/social-innovation-lab\/","title":{"rendered":"Social Innovation"},"content":{"rendered":"\n<p>La Regione Lazio con il progetto \u201cPotenziamento della Rete Spazio Attivo\u201d, vuole realizzare una strategia di Open Innovation, proponendo nuovi strumenti volti a favorire l\u2018incontro tra domanda e offerta di innovazione.<\/p>\n\n\n\n<p>Lazio Innova, attraverso le Azioni di Social Innovation, vuole attuare questa strategia, sostenendo la progettualit\u00e0 territoriale, in particolare delle Pubbliche Amministrazioni locali interessate a <strong>intercettare i bisogni sociali e le opportunit\u00e0 della propria collettivit\u00e0 e a offrire soluzioni capaci di dare risposte concrete alle esigenze sociali individuate<\/strong>.<\/p>\n\n\n\n<div class=\"ghostkit-accordion ghostkit-accordion-1\">\n<div class=\"ghostkit-accordion-item\"><a href=\"#accordion-cosa-facciamo\" class=\"ghostkit-accordion-item-heading\"><span class=\"ghostkit-accordion-item-label\"><strong>Cosa facciamo<\/strong><\/span><span class=\"ghostkit-accordion-item-collapse\"><svg class=\"ghostkit-svg-icon\" width=\"24\" height=\"24\" viewBox=\"0 0 24 24\" fill=\"none\" xmlns=\"http:\/\/www.w3.org\/2000\/svg\"><path d=\"M9.21967 6.2197C9.51256 5.9268 9.98744 5.9268 10.2803 6.2197L15.5303 11.4697C15.8232 11.7626 15.8232 12.2374 15.5303 12.5303L10.2803 17.7803C9.98744 18.0732 9.51256 18.0732 9.21967 17.7803C8.92678 17.4874 8.92678 17.0126 9.21967 16.7197L13.9393 12L9.21967 7.2803C8.92678 6.9874 8.92678 6.5126 9.21967 6.2197Z\" fill=\"currentColor\"><\/path><\/svg><\/span><\/a><div class=\"ghostkit-accordion-item-content is-layout-flow wp-block-accordion-item-is-layout-flow\">\n<p>Lazio Innova attraverso i suoi Spazi Attivi supporta le PA&nbsp;nel proporre nuovi strumenti volti a offrire risposte alle esigenze insoddisfatte della comunit\u00e0 locale e a valorizzare il contributo civico di associazioni, comitati locali, fondazioni, cittadini e stakeholder, attraverso l\u2018organizzazione e la progettazione di:<\/p>\n\n\n\n<ul class=\"wp-block-list\">\n<li><strong>tavoli di ascolto,&nbsp;focus-group&nbsp;e sessioni collettive di co-progettazione<\/strong> (hackaton, word caf\u00e8, laboratori, contest, ect.) che coinvolgano stakeholder chiave, enti e gruppi della comunit\u00e0 locale, enti e fondazioni no profit,&nbsp;finalizzati a&nbsp;validare i bisogni sociali, verificare la sostenibilit\u00e0 economico-finanziaria e la fattibilit\u00e0 tecnica delle politiche e delle governance locali<\/li>\n\n\n\n<li><strong>\u201csfide sociali\u201d<\/strong> che coinvolgano i cittadini, il tessuto imprenditoriale e il mondo della ricerca, per generare idee e proposte progettuali di soluzioni innovative rispetto alle criticit\u00e0 e ai bisogni sociali individuati, che possono essere adottate.<\/li>\n<\/ul>\n<\/div><\/div>\n<\/div>\n\n\n\n<p><\/p>\n\n\n\n<p><strong>Se hai una proposta di tematica sociale puoi manifestare il tuo interesse&nbsp;<\/strong>mandando una mail all\u2019indirizzo <a href=\"mailto:social@lazioinnova.it\">social@lazioinnova.it<\/a><\/p>\n\n\n\n<p><strong>Se sei una Pubblica Amministrazione <\/strong>e desideri proporre un tuo progetto manda all&#8217;indirizzo <a href=\"mailto:social@lazioinnova.it\">social@lazioinnova.it<\/a> una lettera formale all\u2019attenzione della Direzione Operativa Spazio Attivo Open Innovation, con una prima ipotesi di progetto su cui potremo collaborare.<br><br><br><\/p>\n","protected":false},"excerpt":{"rendered":"<p>La Regione Lazio con il progetto \u201cPotenziamento della Rete Spazio Attivo\u201d, vuole realizzare una strategia di Open Innovation, proponendo nuovi strumenti volti a favorire l\u2018incontro tra domanda e offerta di innovazione. Lazio Innova, attraverso le Azioni di Social Innovation, vuole attuare questa strategia, sostenendo la progettualit\u00e0 territoriale, in particolare delle Pubbliche Amministrazioni locali interessate a [&hellip;]<\/p>\n","protected":false},"author":1,"featured_media":0,"parent":0,"menu_order":0,"comment_status":"closed","ping_status":"closed","template":"","meta":{"_acf_changed":false,"ghostkit_customizer_options":"","ghostkit_custom_css":"","ghostkit_custom_js_head":"","ghostkit_custom_js_foot":"","ghostkit_typography":"","footnotes":""},"class_list":["post-12533","page","type-page","status-publish","hentry"],"acf":[],"yoast_head":"<!-- This site is optimized with the Yoast SEO plugin v24.2 - https:\/\/yoast.com\/wordpress\/plugins\/seo\/ -->\n<title>Social Innovation - Spazio Attivo - LazioInnova<\/title>\n<meta name=\"robots\" content=\"index, follow, max-snippet:-1, max-image-preview:large, max-video-preview:-1\" \/>\n<link rel=\"canonical\" href=\"https:\/\/www.lazioinnova.it\/spazioattivo\/social-innovation-lab\/\" \/>\n<meta property=\"og:locale\" content=\"it_IT\" \/>\n<meta property=\"og:type\" content=\"article\" \/>\n<meta property=\"og:title\" content=\"Social Innovation - Spazio Attivo - LazioInnova\" \/>\n<meta property=\"og:description\" content=\"La Regione Lazio con il progetto \u201cPotenziamento della Rete Spazio Attivo\u201d, vuole realizzare una strategia di Open Innovation, proponendo nuovi strumenti volti a favorire l\u2018incontro tra domanda e offerta di innovazione. Lazio Innova, attraverso le Azioni di Social Innovation, vuole attuare questa strategia, sostenendo la progettualit\u00e0 territoriale, in particolare delle Pubbliche Amministrazioni locali interessate a [&hellip;]\" \/>\n<meta property=\"og:url\" content=\"https:\/\/www.lazioinnova.it\/spazioattivo\/social-innovation-lab\/\" \/>\n<meta property=\"og:site_name\" content=\"Spazio Attivo - LazioInnova\" \/>\n<meta property=\"article:modified_time\" content=\"2023-11-16T10:57:21+00:00\" \/>\n<meta name=\"twitter:card\" content=\"summary_large_image\" \/>\n<meta name=\"twitter:label1\" content=\"Est. reading time\" \/>\n\t<meta name=\"twitter:data1\" content=\"2 minuti\" \/>\n<script type=\"application\/ld+json\" class=\"yoast-schema-graph\">{\"@context\":\"https:\/\/schema.org\",\"@graph\":[{\"@type\":\"WebPage\",\"@id\":\"https:\/\/www.lazioinnova.it\/spazioattivo\/social-innovation-lab\/\",\"url\":\"https:\/\/www.lazioinnova.it\/spazioattivo\/social-innovation-lab\/\",\"name\":\"Social Innovation - Spazio Attivo - LazioInnova\",\"isPartOf\":{\"@id\":\"https:\/\/www.lazioinnova.it\/spazioattivo\/#website\"},\"datePublished\":\"2017-12-28T13:28:41+00:00\",\"dateModified\":\"2023-11-16T10:57:21+00:00\",\"breadcrumb\":{\"@id\":\"https:\/\/www.lazioinnova.it\/spazioattivo\/social-innovation-lab\/#breadcrumb\"},\"inLanguage\":\"it-IT\",\"potentialAction\":[{\"@type\":\"ReadAction\",\"target\":[\"https:\/\/www.lazioinnova.it\/spazioattivo\/social-innovation-lab\/\"]}]},{\"@type\":\"BreadcrumbList\",\"@id\":\"https:\/\/www.lazioinnova.it\/spazioattivo\/social-innovation-lab\/#breadcrumb\",\"itemListElement\":[{\"@type\":\"ListItem\",\"position\":1,\"name\":\"Spazio Attivo\",\"item\":\"https:\/\/www.lazioinnova.it\/spazioattivo\/\"},{\"@type\":\"ListItem\",\"position\":2,\"name\":\"Social Innovation\"}]},{\"@type\":\"WebSite\",\"@id\":\"https:\/\/www.lazioinnova.it\/spazioattivo\/#website\",\"url\":\"https:\/\/www.lazioinnova.it\/spazioattivo\/\",\"name\":\"Spazio Attivo - LazioInnova\",\"description\":\"Lazio innova\",\"potentialAction\":[{\"@type\":\"SearchAction\",\"target\":{\"@type\":\"EntryPoint\",\"urlTemplate\":\"https:\/\/www.lazioinnova.it\/spazioattivo\/?s={search_term_string}\"},\"query-input\":{\"@type\":\"PropertyValueSpecification\",\"valueRequired\":true,\"valueName\":\"search_term_string\"}}],\"inLanguage\":\"it-IT\"}]}<\/script>\n<!-- \/ Yoast SEO plugin. -->","yoast_head_json":{"title":"Social Innovation - Spazio Attivo - LazioInnova","robots":{"index":"index","follow":"follow","max-snippet":"max-snippet:-1","max-image-preview":"max-image-preview:large","max-video-preview":"max-video-preview:-1"},"canonical":"https:\/\/www.lazioinnova.it\/spazioattivo\/social-innovation-lab\/","og_locale":"it_IT","og_type":"article","og_title":"Social Innovation - Spazio Attivo - LazioInnova","og_description":"La Regione Lazio con il progetto \u201cPotenziamento della Rete Spazio Attivo\u201d, vuole realizzare una strategia di Open Innovation, proponendo nuovi strumenti volti a favorire l\u2018incontro tra domanda e offerta di innovazione. Lazio Innova, attraverso le Azioni di Social Innovation, vuole attuare questa strategia, sostenendo la progettualit\u00e0 territoriale, in particolare delle Pubbliche Amministrazioni locali interessate a [&hellip;]","og_url":"https:\/\/www.lazioinnova.it\/spazioattivo\/social-innovation-lab\/","og_site_name":"Spazio Attivo - LazioInnova","article_modified_time":"2023-11-16T10:57:21+00:00","twitter_card":"summary_large_image","twitter_misc":{"Est. reading time":"2 minuti"},"schema":{"@context":"https:\/\/schema.org","@graph":[{"@type":"WebPage","@id":"https:\/\/www.lazioinnova.it\/spazioattivo\/social-innovation-lab\/","url":"https:\/\/www.lazioinnova.it\/spazioattivo\/social-innovation-lab\/","name":"Social Innovation - Spazio Attivo - LazioInnova","isPartOf":{"@id":"https:\/\/www.lazioinnova.it\/spazioattivo\/#website"},"datePublished":"2017-12-28T13:28:41+00:00","dateModified":"2023-11-16T10:57:21+00:00","breadcrumb":{"@id":"https:\/\/www.lazioinnova.it\/spazioattivo\/social-innovation-lab\/#breadcrumb"},"inLanguage":"it-IT","potentialAction":[{"@type":"ReadAction","target":["https:\/\/www.lazioinnova.it\/spazioattivo\/social-innovation-lab\/"]}]},{"@type":"BreadcrumbList","@id":"https:\/\/www.lazioinnova.it\/spazioattivo\/social-innovation-lab\/#breadcrumb","itemListElement":[{"@type":"ListItem","position":1,"name":"Spazio Attivo","item":"https:\/\/www.lazioinnova.it\/spazioattivo\/"},{"@type":"ListItem","position":2,"name":"Social Innovation"}]},{"@type":"WebSite","@id":"https:\/\/www.lazioinnova.it\/spazioattivo\/#website","url":"https:\/\/www.lazioinnova.it\/spazioattivo\/","name":"Spazio Attivo - LazioInnova","description":"Lazio innova","potentialAction":[{"@type":"SearchAction","target":{"@type":"EntryPoint","urlTemplate":"https:\/\/www.lazioinnova.it\/spazioattivo\/?s={search_term_string}"},"query-input":{"@type":"PropertyValueSpecification","valueRequired":true,"valueName":"search_term_string"}}],"inLanguage":"it-IT"}]}},"featured_image_src":null,"featured_image_src_square":null,"_links":{"self":[{"href":"https:\/\/www.lazioinnova.it\/spazioattivo\/wp-json\/wp\/v2\/pages\/12533","targetHints":{"allow":["GET"]}}],"collection":[{"href":"https:\/\/www.lazioinnova.it\/spazioattivo\/wp-json\/wp\/v2\/pages"}],"about":[{"href":"https:\/\/www.lazioinnova.it\/spazioattivo\/wp-json\/wp\/v2\/types\/page"}],"author":[{"embeddable":true,"href":"https:\/\/www.lazioinnova.it\/spazioattivo\/wp-json\/wp\/v2\/users\/1"}],"replies":[{"embeddable":true,"href":"https:\/\/www.lazioinnova.it\/spazioattivo\/wp-json\/wp\/v2\/comments?post=12533"}],"version-history":[{"count":9,"href":"https:\/\/www.lazioinnova.it\/spazioattivo\/wp-json\/wp\/v2\/pages\/12533\/revisions"}],"predecessor-version":[{"id":30821,"href":"https:\/\/www.lazioinnova.it\/spazioattivo\/wp-json\/wp\/v2\/pages\/12533\/revisions\/30821"}],"wp:attachment":[{"href":"https:\/\/www.lazioinnova.it\/spazioattivo\/wp-json\/wp\/v2\/media?parent=12533"}],"curies":[{"name":"wp","href":"https:\/\/api.w.org\/{rel}","templated":true}]}}