{"id":14348,"date":"2018-08-02T14:53:04","date_gmt":"2018-08-02T13:53:04","guid":{"rendered":"https:\/\/www.lazioinnova.it\/?page_id=14348"},"modified":"2018-08-02T14:53:04","modified_gmt":"2018-08-02T13:53:04","slug":"cast-creative-accelerators-for-sustainable-tourism","status":"publish","type":"page","link":"https:\/\/www.lazioinnova.it\/spazioattivo\/progetti-europei\/cast-creative-accelerators-for-sustainable-tourism\/","title":{"rendered":"CAST-Creative Accelerators for Sustainable Tourism"},"content":{"rendered":"<p>L\u2019obiettivo principale del Progetto CAST, \u00e8 supportare la creazione, lo sviluppo imprenditoriale e la scalabilit\u00e0 delle imprese attive nel settore turistico, attraverso incubatori ed acceleratori, integrando abilit\u00e0 creative, artistiche e di progettazione dalle CCI (Cultural and Creative Industries) con tecnologie trasversali ed altre expertise rilevanti.<\/p>\n<p>CAST contribuir\u00e0 a sviluppare un network transnazionale, che permarr\u00e0 oltre la fine della durata progettuale, di incubatori e acceleratori d\u2019impresa con un focus sulle PMI e startup nel settore CCI.<\/p>\n<p>Tra le azioni principali del progetto CAST:<\/p>\n<ul>\n<li>Collaborazione trasversale settoriale attraverso 6 workshop e 6 challenges locali;<\/li>\n<li>6 Boot camp regionali tematici;<\/li>\n<li>Tecniche di incubazione ed accelerazione in 7 localit\u00e0 per imprese e startup CCI;<\/li>\n<li>2 eventi internazionali riguardo le soluzioni imprenditoriali creative;<\/li>\n<li>Strumenti e metodologie per supportare la transizione verso l\u2019innovazione basandosi sui risultati della ricerca;<\/li>\n<li>Tool Kit basato sulle lessons learned e sulle buone pratiche analizzate, in grado di favorire lo staff di supporto a livello locale;<\/li>\n<li>Supportare PMI e start up facilitando l\u2019accesso a nuovi mercati e ai finanziamenti (workshop, coaching, Forum sugli Investimenti)<\/li>\n<li>Pacchetto di supporto da implementare a vantaggio delle imprese innovative, comprendendo azioni commerciali, tecnologiche e finanziarie<\/li>\n<\/ul>\n<p>&nbsp;<\/p>\n","protected":false},"excerpt":{"rendered":"<p>L\u2019obiettivo principale del Progetto CAST, \u00e8 supportare la creazione, lo sviluppo imprenditoriale e la scalabilit\u00e0 delle imprese attive nel settore turistico, attraverso incubatori ed acceleratori, integrando abilit\u00e0 creative, artistiche e di progettazione dalle CCI (Cultural and Creative Industries) con tecnologie trasversali ed altre expertise rilevanti. CAST contribuir\u00e0 a sviluppare un network transnazionale, che permarr\u00e0 oltre [&hellip;]<\/p>\n","protected":false},"author":1,"featured_media":0,"parent":9283,"menu_order":0,"comment_status":"closed","ping_status":"closed","template":"","meta":{"_acf_changed":false,"ghostkit_customizer_options":"","ghostkit_custom_css":"","ghostkit_custom_js_head":"","ghostkit_custom_js_foot":"","ghostkit_typography":"","footnotes":""},"class_list":["post-14348","page","type-page","status-publish","hentry"],"acf":[],"yoast_head":"<!-- This site is optimized with the Yoast SEO plugin v24.2 - https:\/\/yoast.com\/wordpress\/plugins\/seo\/ -->\n<title>CAST-Creative Accelerators for Sustainable Tourism - Spazio Attivo - LazioInnova<\/title>\n<meta name=\"robots\" content=\"index, follow, max-snippet:-1, max-image-preview:large, max-video-preview:-1\" \/>\n<link rel=\"canonical\" href=\"https:\/\/www.lazioinnova.it\/spazioattivo\/progetti-europei\/cast-creative-accelerators-for-sustainable-tourism\/\" \/>\n<meta property=\"og:locale\" content=\"it_IT\" \/>\n<meta property=\"og:type\" content=\"article\" \/>\n<meta property=\"og:title\" content=\"CAST-Creative Accelerators for Sustainable Tourism - Spazio Attivo - LazioInnova\" \/>\n<meta property=\"og:description\" content=\"L\u2019obiettivo principale del Progetto CAST, \u00e8 supportare la creazione, lo sviluppo imprenditoriale e la scalabilit\u00e0 delle imprese attive nel settore turistico, attraverso incubatori ed acceleratori, integrando abilit\u00e0 creative, artistiche e di progettazione dalle CCI (Cultural and Creative Industries) con tecnologie trasversali ed altre expertise rilevanti. CAST contribuir\u00e0 a sviluppare un network transnazionale, che permarr\u00e0 oltre [&hellip;]\" \/>\n<meta property=\"og:url\" content=\"https:\/\/www.lazioinnova.it\/spazioattivo\/progetti-europei\/cast-creative-accelerators-for-sustainable-tourism\/\" \/>\n<meta property=\"og:site_name\" content=\"Spazio Attivo - LazioInnova\" \/>\n<meta name=\"twitter:card\" content=\"summary_large_image\" \/>\n<meta name=\"twitter:label1\" content=\"Est. reading time\" \/>\n\t<meta name=\"twitter:data1\" content=\"1 minuto\" \/>\n<script type=\"application\/ld+json\" class=\"yoast-schema-graph\">{\"@context\":\"https:\/\/schema.org\",\"@graph\":[{\"@type\":\"WebPage\",\"@id\":\"https:\/\/www.lazioinnova.it\/spazioattivo\/progetti-europei\/cast-creative-accelerators-for-sustainable-tourism\/\",\"url\":\"https:\/\/www.lazioinnova.it\/spazioattivo\/progetti-europei\/cast-creative-accelerators-for-sustainable-tourism\/\",\"name\":\"CAST-Creative Accelerators for Sustainable Tourism - Spazio Attivo - LazioInnova\",\"isPartOf\":{\"@id\":\"https:\/\/www.lazioinnova.it\/spazioattivo\/#website\"},\"datePublished\":\"2018-08-02T13:53:04+00:00\",\"dateModified\":\"2018-08-02T13:53:04+00:00\",\"breadcrumb\":{\"@id\":\"https:\/\/www.lazioinnova.it\/spazioattivo\/progetti-europei\/cast-creative-accelerators-for-sustainable-tourism\/#breadcrumb\"},\"inLanguage\":\"it-IT\",\"potentialAction\":[{\"@type\":\"ReadAction\",\"target\":[\"https:\/\/www.lazioinnova.it\/spazioattivo\/progetti-europei\/cast-creative-accelerators-for-sustainable-tourism\/\"]}]},{\"@type\":\"BreadcrumbList\",\"@id\":\"https:\/\/www.lazioinnova.it\/spazioattivo\/progetti-europei\/cast-creative-accelerators-for-sustainable-tourism\/#breadcrumb\",\"itemListElement\":[{\"@type\":\"ListItem\",\"position\":1,\"name\":\"Spazio Attivo\",\"item\":\"https:\/\/www.lazioinnova.it\/spazioattivo\/\"},{\"@type\":\"ListItem\",\"position\":2,\"name\":\"Progetti Europei\",\"item\":\"https:\/\/www.lazioinnova.it\/spazioattivo\/progetti-europei\/\"},{\"@type\":\"ListItem\",\"position\":3,\"name\":\"CAST-Creative Accelerators for Sustainable Tourism\"}]},{\"@type\":\"WebSite\",\"@id\":\"https:\/\/www.lazioinnova.it\/spazioattivo\/#website\",\"url\":\"https:\/\/www.lazioinnova.it\/spazioattivo\/\",\"name\":\"Spazio Attivo - LazioInnova\",\"description\":\"Lazio innova\",\"potentialAction\":[{\"@type\":\"SearchAction\",\"target\":{\"@type\":\"EntryPoint\",\"urlTemplate\":\"https:\/\/www.lazioinnova.it\/spazioattivo\/?s={search_term_string}\"},\"query-input\":{\"@type\":\"PropertyValueSpecification\",\"valueRequired\":true,\"valueName\":\"search_term_string\"}}],\"inLanguage\":\"it-IT\"}]}<\/script>\n<!-- \/ Yoast SEO plugin. -->","yoast_head_json":{"title":"CAST-Creative Accelerators for Sustainable Tourism - Spazio Attivo - LazioInnova","robots":{"index":"index","follow":"follow","max-snippet":"max-snippet:-1","max-image-preview":"max-image-preview:large","max-video-preview":"max-video-preview:-1"},"canonical":"https:\/\/www.lazioinnova.it\/spazioattivo\/progetti-europei\/cast-creative-accelerators-for-sustainable-tourism\/","og_locale":"it_IT","og_type":"article","og_title":"CAST-Creative Accelerators for Sustainable Tourism - Spazio Attivo - LazioInnova","og_description":"L\u2019obiettivo principale del Progetto CAST, \u00e8 supportare la creazione, lo sviluppo imprenditoriale e la scalabilit\u00e0 delle imprese attive nel settore turistico, attraverso incubatori ed acceleratori, integrando abilit\u00e0 creative, artistiche e di progettazione dalle CCI (Cultural and Creative Industries) con tecnologie trasversali ed altre expertise rilevanti. CAST contribuir\u00e0 a sviluppare un network transnazionale, che permarr\u00e0 oltre [&hellip;]","og_url":"https:\/\/www.lazioinnova.it\/spazioattivo\/progetti-europei\/cast-creative-accelerators-for-sustainable-tourism\/","og_site_name":"Spazio Attivo - LazioInnova","twitter_card":"summary_large_image","twitter_misc":{"Est. reading time":"1 minuto"},"schema":{"@context":"https:\/\/schema.org","@graph":[{"@type":"WebPage","@id":"https:\/\/www.lazioinnova.it\/spazioattivo\/progetti-europei\/cast-creative-accelerators-for-sustainable-tourism\/","url":"https:\/\/www.lazioinnova.it\/spazioattivo\/progetti-europei\/cast-creative-accelerators-for-sustainable-tourism\/","name":"CAST-Creative Accelerators for Sustainable Tourism - Spazio Attivo - LazioInnova","isPartOf":{"@id":"https:\/\/www.lazioinnova.it\/spazioattivo\/#website"},"datePublished":"2018-08-02T13:53:04+00:00","dateModified":"2018-08-02T13:53:04+00:00","breadcrumb":{"@id":"https:\/\/www.lazioinnova.it\/spazioattivo\/progetti-europei\/cast-creative-accelerators-for-sustainable-tourism\/#breadcrumb"},"inLanguage":"it-IT","potentialAction":[{"@type":"ReadAction","target":["https:\/\/www.lazioinnova.it\/spazioattivo\/progetti-europei\/cast-creative-accelerators-for-sustainable-tourism\/"]}]},{"@type":"BreadcrumbList","@id":"https:\/\/www.lazioinnova.it\/spazioattivo\/progetti-europei\/cast-creative-accelerators-for-sustainable-tourism\/#breadcrumb","itemListElement":[{"@type":"ListItem","position":1,"name":"Spazio Attivo","item":"https:\/\/www.lazioinnova.it\/spazioattivo\/"},{"@type":"ListItem","position":2,"name":"Progetti Europei","item":"https:\/\/www.lazioinnova.it\/spazioattivo\/progetti-europei\/"},{"@type":"ListItem","position":3,"name":"CAST-Creative Accelerators for Sustainable Tourism"}]},{"@type":"WebSite","@id":"https:\/\/www.lazioinnova.it\/spazioattivo\/#website","url":"https:\/\/www.lazioinnova.it\/spazioattivo\/","name":"Spazio Attivo - LazioInnova","description":"Lazio innova","potentialAction":[{"@type":"SearchAction","target":{"@type":"EntryPoint","urlTemplate":"https:\/\/www.lazioinnova.it\/spazioattivo\/?s={search_term_string}"},"query-input":{"@type":"PropertyValueSpecification","valueRequired":true,"valueName":"search_term_string"}}],"inLanguage":"it-IT"}]}},"featured_image_src":null,"featured_image_src_square":null,"_links":{"self":[{"href":"https:\/\/www.lazioinnova.it\/spazioattivo\/wp-json\/wp\/v2\/pages\/14348","targetHints":{"allow":["GET"]}}],"collection":[{"href":"https:\/\/www.lazioinnova.it\/spazioattivo\/wp-json\/wp\/v2\/pages"}],"about":[{"href":"https:\/\/www.lazioinnova.it\/spazioattivo\/wp-json\/wp\/v2\/types\/page"}],"author":[{"embeddable":true,"href":"https:\/\/www.lazioinnova.it\/spazioattivo\/wp-json\/wp\/v2\/users\/1"}],"replies":[{"embeddable":true,"href":"https:\/\/www.lazioinnova.it\/spazioattivo\/wp-json\/wp\/v2\/comments?post=14348"}],"version-history":[{"count":0,"href":"https:\/\/www.lazioinnova.it\/spazioattivo\/wp-json\/wp\/v2\/pages\/14348\/revisions"}],"up":[{"embeddable":true,"href":"https:\/\/www.lazioinnova.it\/spazioattivo\/wp-json\/wp\/v2\/pages\/9283"}],"wp:attachment":[{"href":"https:\/\/www.lazioinnova.it\/spazioattivo\/wp-json\/wp\/v2\/media?parent=14348"}],"curies":[{"name":"wp","href":"https:\/\/api.w.org\/{rel}","templated":true}]}}