{"id":14353,"date":"2018-08-02T15:05:46","date_gmt":"2018-08-02T14:05:46","guid":{"rendered":"https:\/\/www.lazioinnova.it\/?page_id=14353"},"modified":"2018-08-02T15:05:46","modified_gmt":"2018-08-02T14:05:46","slug":"urban-manufacturing-stimulating-innovation-through-collaborative-maker-spaces","status":"publish","type":"page","link":"https:\/\/www.lazioinnova.it\/spazioattivo\/progetti-europei\/urban-manufacturing-stimulating-innovation-through-collaborative-maker-spaces\/","title":{"rendered":"Urban Manufacturing &#8211; Stimulating Innovation Through Collaborative Maker Spaces"},"content":{"rendered":"<p>Il progetto Urban Manufacturing \u2013 Stimulating Innovation Through Collaborative Maker Spaces (Urban M), partito il 1 gennaio 2017, affronta temi come la condivisione, il trasferimento tecnologico, l\u2019open innovation e gli aspetti di specializzazione intelligente che si integrano perfettamente con la Strategia Europa 2020.<\/p>\n<p>Ha una durata complessiva di cinque anni e si divide in due fasi: una prima fase di tre anni per lo scambio di buone pratiche e <em>policies<\/em>, una seconda fase di due anni per lo sviluppo di action plans che apportino modifiche qualitative ai Piani Operativi Regionali (POR).<\/p>\n<p>L\u2019obiettivo generale \u00e8 quello di far crescere spazi collaborativi e di co-creazione di valore dove nuove figure professionali e indipendenti possano scambiarsi idee e materiali al fine di produrre prodotti e servizi innovativi all\u2019interno dei centri urbani.<\/p>\n<p>I cambiamenti attesi sono:<\/p>\n<p>&#8211; un aumento della quantit\u00e0 dei finanziamenti FESR per l&#8217;innovazione collaborativa;<\/p>\n<p>&#8211; un aumento del numero di imprese che si occuperanno di spazi collaborativi;<\/p>\n<p>&#8211; una maggiore integrazione per le infrastrutture dell&#8217;innovazione.<\/p>\n<p>Urban M, cercando di sviluppare tre tematiche specifiche (incubazione collaborativa, investimenti collaborativi in ricerca e sviluppo (R&amp;S), commercializzazione dell&#8217;innovazione collaborativa), mette in atto diversi tipi di azioni: identifica gruppi di stakeholders locali, ricerca buone pratiche, organizza visite studio nei vari paesi partner, avvia processi di analisi di metodologie, politiche e piani esistenti per elaborarne di nuovi. Da un lato sostiene la crescita delle PMI mettendo insieme le autorit\u00e0 pubbliche, le comunit\u00e0 dell&#8217;innovazione, le agenzie regionali per l&#8217;innovazione, le universit\u00e0, i parchi scientifici, gli incubatori di imprese e i centri di innovazione, gli stakeholders di sostegno alle imprese e le organizzazioni di cluster.<\/p>\n","protected":false},"excerpt":{"rendered":"<p>Il progetto Urban Manufacturing \u2013 Stimulating Innovation Through Collaborative Maker Spaces (Urban M), partito il 1 gennaio 2017, affronta temi come la condivisione, il trasferimento tecnologico, l\u2019open innovation e gli aspetti di specializzazione intelligente che si integrano perfettamente con la Strategia Europa 2020. Ha una durata complessiva di cinque anni e si divide in due [&hellip;]<\/p>\n","protected":false},"author":1,"featured_media":0,"parent":9283,"menu_order":0,"comment_status":"closed","ping_status":"closed","template":"","meta":{"_acf_changed":false,"ghostkit_customizer_options":"","ghostkit_custom_css":"","ghostkit_custom_js_head":"","ghostkit_custom_js_foot":"","ghostkit_typography":"","footnotes":""},"class_list":["post-14353","page","type-page","status-publish","hentry"],"acf":[],"yoast_head":"<!-- This site is optimized with the Yoast SEO plugin v24.2 - https:\/\/yoast.com\/wordpress\/plugins\/seo\/ -->\n<title>Urban Manufacturing - Stimulating Innovation Through Collaborative Maker Spaces - Spazio Attivo - LazioInnova<\/title>\n<meta name=\"robots\" content=\"index, follow, max-snippet:-1, max-image-preview:large, max-video-preview:-1\" \/>\n<link rel=\"canonical\" href=\"https:\/\/www.lazioinnova.it\/spazioattivo\/progetti-europei\/urban-manufacturing-stimulating-innovation-through-collaborative-maker-spaces\/\" \/>\n<meta property=\"og:locale\" content=\"it_IT\" \/>\n<meta property=\"og:type\" content=\"article\" \/>\n<meta property=\"og:title\" content=\"Urban Manufacturing - Stimulating Innovation Through Collaborative Maker Spaces - Spazio Attivo - LazioInnova\" \/>\n<meta property=\"og:description\" content=\"Il progetto Urban Manufacturing \u2013 Stimulating Innovation Through Collaborative Maker Spaces (Urban M), partito il 1 gennaio 2017, affronta temi come la condivisione, il trasferimento tecnologico, l\u2019open innovation e gli aspetti di specializzazione intelligente che si integrano perfettamente con la Strategia Europa 2020. Ha una durata complessiva di cinque anni e si divide in due [&hellip;]\" \/>\n<meta property=\"og:url\" content=\"https:\/\/www.lazioinnova.it\/spazioattivo\/progetti-europei\/urban-manufacturing-stimulating-innovation-through-collaborative-maker-spaces\/\" \/>\n<meta property=\"og:site_name\" content=\"Spazio Attivo - LazioInnova\" \/>\n<meta name=\"twitter:card\" content=\"summary_large_image\" \/>\n<meta name=\"twitter:label1\" content=\"Est. reading time\" \/>\n\t<meta name=\"twitter:data1\" content=\"2 minuti\" \/>\n<script type=\"application\/ld+json\" class=\"yoast-schema-graph\">{\"@context\":\"https:\/\/schema.org\",\"@graph\":[{\"@type\":\"WebPage\",\"@id\":\"https:\/\/www.lazioinnova.it\/spazioattivo\/progetti-europei\/urban-manufacturing-stimulating-innovation-through-collaborative-maker-spaces\/\",\"url\":\"https:\/\/www.lazioinnova.it\/spazioattivo\/progetti-europei\/urban-manufacturing-stimulating-innovation-through-collaborative-maker-spaces\/\",\"name\":\"Urban Manufacturing - Stimulating Innovation Through Collaborative Maker Spaces - Spazio Attivo - LazioInnova\",\"isPartOf\":{\"@id\":\"https:\/\/www.lazioinnova.it\/spazioattivo\/#website\"},\"datePublished\":\"2018-08-02T14:05:46+00:00\",\"dateModified\":\"2018-08-02T14:05:46+00:00\",\"breadcrumb\":{\"@id\":\"https:\/\/www.lazioinnova.it\/spazioattivo\/progetti-europei\/urban-manufacturing-stimulating-innovation-through-collaborative-maker-spaces\/#breadcrumb\"},\"inLanguage\":\"it-IT\",\"potentialAction\":[{\"@type\":\"ReadAction\",\"target\":[\"https:\/\/www.lazioinnova.it\/spazioattivo\/progetti-europei\/urban-manufacturing-stimulating-innovation-through-collaborative-maker-spaces\/\"]}]},{\"@type\":\"BreadcrumbList\",\"@id\":\"https:\/\/www.lazioinnova.it\/spazioattivo\/progetti-europei\/urban-manufacturing-stimulating-innovation-through-collaborative-maker-spaces\/#breadcrumb\",\"itemListElement\":[{\"@type\":\"ListItem\",\"position\":1,\"name\":\"Spazio Attivo\",\"item\":\"https:\/\/www.lazioinnova.it\/spazioattivo\/\"},{\"@type\":\"ListItem\",\"position\":2,\"name\":\"Progetti Europei\",\"item\":\"https:\/\/www.lazioinnova.it\/spazioattivo\/progetti-europei\/\"},{\"@type\":\"ListItem\",\"position\":3,\"name\":\"Urban Manufacturing &#8211; Stimulating Innovation Through Collaborative Maker Spaces\"}]},{\"@type\":\"WebSite\",\"@id\":\"https:\/\/www.lazioinnova.it\/spazioattivo\/#website\",\"url\":\"https:\/\/www.lazioinnova.it\/spazioattivo\/\",\"name\":\"Spazio Attivo - LazioInnova\",\"description\":\"Lazio innova\",\"potentialAction\":[{\"@type\":\"SearchAction\",\"target\":{\"@type\":\"EntryPoint\",\"urlTemplate\":\"https:\/\/www.lazioinnova.it\/spazioattivo\/?s={search_term_string}\"},\"query-input\":{\"@type\":\"PropertyValueSpecification\",\"valueRequired\":true,\"valueName\":\"search_term_string\"}}],\"inLanguage\":\"it-IT\"}]}<\/script>\n<!-- \/ Yoast SEO plugin. -->","yoast_head_json":{"title":"Urban Manufacturing - Stimulating Innovation Through Collaborative Maker Spaces - Spazio Attivo - LazioInnova","robots":{"index":"index","follow":"follow","max-snippet":"max-snippet:-1","max-image-preview":"max-image-preview:large","max-video-preview":"max-video-preview:-1"},"canonical":"https:\/\/www.lazioinnova.it\/spazioattivo\/progetti-europei\/urban-manufacturing-stimulating-innovation-through-collaborative-maker-spaces\/","og_locale":"it_IT","og_type":"article","og_title":"Urban Manufacturing - Stimulating Innovation Through Collaborative Maker Spaces - Spazio Attivo - LazioInnova","og_description":"Il progetto Urban Manufacturing \u2013 Stimulating Innovation Through Collaborative Maker Spaces (Urban M), partito il 1 gennaio 2017, affronta temi come la condivisione, il trasferimento tecnologico, l\u2019open innovation e gli aspetti di specializzazione intelligente che si integrano perfettamente con la Strategia Europa 2020. Ha una durata complessiva di cinque anni e si divide in due [&hellip;]","og_url":"https:\/\/www.lazioinnova.it\/spazioattivo\/progetti-europei\/urban-manufacturing-stimulating-innovation-through-collaborative-maker-spaces\/","og_site_name":"Spazio Attivo - LazioInnova","twitter_card":"summary_large_image","twitter_misc":{"Est. reading time":"2 minuti"},"schema":{"@context":"https:\/\/schema.org","@graph":[{"@type":"WebPage","@id":"https:\/\/www.lazioinnova.it\/spazioattivo\/progetti-europei\/urban-manufacturing-stimulating-innovation-through-collaborative-maker-spaces\/","url":"https:\/\/www.lazioinnova.it\/spazioattivo\/progetti-europei\/urban-manufacturing-stimulating-innovation-through-collaborative-maker-spaces\/","name":"Urban Manufacturing - Stimulating Innovation Through Collaborative Maker Spaces - Spazio Attivo - LazioInnova","isPartOf":{"@id":"https:\/\/www.lazioinnova.it\/spazioattivo\/#website"},"datePublished":"2018-08-02T14:05:46+00:00","dateModified":"2018-08-02T14:05:46+00:00","breadcrumb":{"@id":"https:\/\/www.lazioinnova.it\/spazioattivo\/progetti-europei\/urban-manufacturing-stimulating-innovation-through-collaborative-maker-spaces\/#breadcrumb"},"inLanguage":"it-IT","potentialAction":[{"@type":"ReadAction","target":["https:\/\/www.lazioinnova.it\/spazioattivo\/progetti-europei\/urban-manufacturing-stimulating-innovation-through-collaborative-maker-spaces\/"]}]},{"@type":"BreadcrumbList","@id":"https:\/\/www.lazioinnova.it\/spazioattivo\/progetti-europei\/urban-manufacturing-stimulating-innovation-through-collaborative-maker-spaces\/#breadcrumb","itemListElement":[{"@type":"ListItem","position":1,"name":"Spazio Attivo","item":"https:\/\/www.lazioinnova.it\/spazioattivo\/"},{"@type":"ListItem","position":2,"name":"Progetti Europei","item":"https:\/\/www.lazioinnova.it\/spazioattivo\/progetti-europei\/"},{"@type":"ListItem","position":3,"name":"Urban Manufacturing &#8211; Stimulating Innovation Through Collaborative Maker Spaces"}]},{"@type":"WebSite","@id":"https:\/\/www.lazioinnova.it\/spazioattivo\/#website","url":"https:\/\/www.lazioinnova.it\/spazioattivo\/","name":"Spazio Attivo - LazioInnova","description":"Lazio innova","potentialAction":[{"@type":"SearchAction","target":{"@type":"EntryPoint","urlTemplate":"https:\/\/www.lazioinnova.it\/spazioattivo\/?s={search_term_string}"},"query-input":{"@type":"PropertyValueSpecification","valueRequired":true,"valueName":"search_term_string"}}],"inLanguage":"it-IT"}]}},"featured_image_src":null,"featured_image_src_square":null,"_links":{"self":[{"href":"https:\/\/www.lazioinnova.it\/spazioattivo\/wp-json\/wp\/v2\/pages\/14353","targetHints":{"allow":["GET"]}}],"collection":[{"href":"https:\/\/www.lazioinnova.it\/spazioattivo\/wp-json\/wp\/v2\/pages"}],"about":[{"href":"https:\/\/www.lazioinnova.it\/spazioattivo\/wp-json\/wp\/v2\/types\/page"}],"author":[{"embeddable":true,"href":"https:\/\/www.lazioinnova.it\/spazioattivo\/wp-json\/wp\/v2\/users\/1"}],"replies":[{"embeddable":true,"href":"https:\/\/www.lazioinnova.it\/spazioattivo\/wp-json\/wp\/v2\/comments?post=14353"}],"version-history":[{"count":0,"href":"https:\/\/www.lazioinnova.it\/spazioattivo\/wp-json\/wp\/v2\/pages\/14353\/revisions"}],"up":[{"embeddable":true,"href":"https:\/\/www.lazioinnova.it\/spazioattivo\/wp-json\/wp\/v2\/pages\/9283"}],"wp:attachment":[{"href":"https:\/\/www.lazioinnova.it\/spazioattivo\/wp-json\/wp\/v2\/media?parent=14353"}],"curies":[{"name":"wp","href":"https:\/\/api.w.org\/{rel}","templated":true}]}}