{"id":27289,"date":"2021-05-17T18:53:36","date_gmt":"2021-05-17T16:53:36","guid":{"rendered":"https:\/\/lazioinnova.xaos.it\/?page_id=27289"},"modified":"2025-02-24T11:59:03","modified_gmt":"2025-02-24T11:59:03","slug":"formazione","status":"publish","type":"page","link":"https:\/\/www.lazioinnova.it\/spazioattivo\/formazione\/","title":{"rendered":"Formazione"},"content":{"rendered":"\n<p>Attraverso la rete Spazio Attivo Lazio Innova organizza e gestisce molte attivit\u00e0 formative per promuovere lo spirito e le competenze imprenditoriali ai pi\u00f9 diversi livelli, offrendo programmi e <strong>corsi in presenza e modalit\u00e0 e-learning<\/strong>, <strong>webinar e digital meeting&nbsp;<\/strong>su<strong>&nbsp;competenze digitali, prototipazione, manifattura 4.0 e&nbsp;<\/strong>temi specialistici.<\/p>\n\n\n\n<p>Se vuoi scoprire i corsi presenti su <strong><a href=\"https:\/\/e-lab.lazioinnova.it\/\">E-lab<\/a><\/strong>, la Piattaforma di e-learning di Lazio Innova, registrati e naviga nell\u2019ambiente virtuale didattico e flessibile che ti permetter\u00e0 di gestire i tuoi ritmi e tempi di apprendimento con il sostegno di una frequente interazione con docenti e tutor per una didattica pi\u00f9 attiva e collaborativa.<\/p>\n\n\n\n<p>Se sei uno studente\/docente\/preside di una scuola superiore, scopri i&nbsp;<strong><a href=\"https:\/\/www.lazioinnova.it\/spazioattivo\/startupper-school-academy\/\">percorsi per le competenze trasversali e l\u2019orientamento<\/a>.&nbsp;<\/strong><\/p>\n\n\n\n<p>Se sei un designer, creativo o hai una startup o un\u2019impresa&nbsp;puoi&nbsp;acquisire le competenze necessarie per realizzare prototipi e oggetti \u201ccustom made\u201d e auto-prodotti presso i nostri&nbsp;<strong>FabLab<\/strong>.<\/p>\n\n\n\n<p>Sul <strong><a href=\"https:\/\/www.youtube.com\/playlist?list=PLr9yDWM_bWve9QB_nizRnRCku8CHE2tqO\" target=\"_blank\" rel=\"noreferrer noopener\">canale You Tube di Lazio Innova<\/a> <\/strong>puoi rivedere seminari e corsi che si sono svolti nei mesi scorsi.<\/p>\n\n\n\n<p>Per saperne di pi\u00f9 e scegliere il corso pi\u00f9 in linea con le tue esigenze scrivi a&nbsp;<a href=\"mailto:spazioattivoditigale@lazioinnova.it\"><strong>spazioattivoditigale@lazioinnova.it<\/strong><\/a><\/p>\n","protected":false},"excerpt":{"rendered":"<p>Attraverso la rete Spazio Attivo Lazio Innova organizza e gestisce molte attivit\u00e0 formative per promuovere lo spirito e le competenze imprenditoriali ai pi\u00f9 diversi livelli, offrendo programmi e corsi in presenza e modalit\u00e0 e-learning, webinar e digital meeting&nbsp;su&nbsp;competenze digitali, prototipazione, manifattura 4.0 e&nbsp;temi specialistici. Se vuoi scoprire i corsi presenti su E-lab, la Piattaforma di [&hellip;]<\/p>\n","protected":false},"author":1,"featured_media":0,"parent":0,"menu_order":0,"comment_status":"closed","ping_status":"closed","template":"","meta":{"_acf_changed":false,"ghostkit_customizer_options":"","ghostkit_custom_css":"","ghostkit_custom_js_head":"","ghostkit_custom_js_foot":"","ghostkit_typography":"","footnotes":""},"class_list":["post-27289","page","type-page","status-publish","hentry"],"acf":[],"yoast_head":"<!-- This site is optimized with the Yoast SEO plugin v24.2 - https:\/\/yoast.com\/wordpress\/plugins\/seo\/ -->\n<title>Formazione - Spazio Attivo - LazioInnova<\/title>\n<meta name=\"robots\" content=\"index, follow, max-snippet:-1, max-image-preview:large, max-video-preview:-1\" \/>\n<link rel=\"canonical\" href=\"https:\/\/www.lazioinnova.it\/spazioattivo\/formazione\/\" \/>\n<meta property=\"og:locale\" content=\"it_IT\" \/>\n<meta property=\"og:type\" content=\"article\" \/>\n<meta property=\"og:title\" content=\"Formazione - Spazio Attivo - LazioInnova\" \/>\n<meta property=\"og:description\" content=\"Attraverso la rete Spazio Attivo Lazio Innova organizza e gestisce molte attivit\u00e0 formative per promuovere lo spirito e le competenze imprenditoriali ai pi\u00f9 diversi livelli, offrendo programmi e corsi in presenza e modalit\u00e0 e-learning, webinar e digital meeting&nbsp;su&nbsp;competenze digitali, prototipazione, manifattura 4.0 e&nbsp;temi specialistici. Se vuoi scoprire i corsi presenti su E-lab, la Piattaforma di [&hellip;]\" \/>\n<meta property=\"og:url\" content=\"https:\/\/www.lazioinnova.it\/spazioattivo\/formazione\/\" \/>\n<meta property=\"og:site_name\" content=\"Spazio Attivo - LazioInnova\" \/>\n<meta property=\"article:modified_time\" content=\"2025-02-24T11:59:03+00:00\" \/>\n<meta name=\"twitter:card\" content=\"summary_large_image\" \/>\n<meta name=\"twitter:label1\" content=\"Est. reading time\" \/>\n\t<meta name=\"twitter:data1\" content=\"1 minuto\" \/>\n<script type=\"application\/ld+json\" class=\"yoast-schema-graph\">{\"@context\":\"https:\/\/schema.org\",\"@graph\":[{\"@type\":\"WebPage\",\"@id\":\"https:\/\/www.lazioinnova.it\/spazioattivo\/formazione\/\",\"url\":\"https:\/\/www.lazioinnova.it\/spazioattivo\/formazione\/\",\"name\":\"Formazione - Spazio Attivo - LazioInnova\",\"isPartOf\":{\"@id\":\"https:\/\/www.lazioinnova.it\/spazioattivo\/#website\"},\"datePublished\":\"2021-05-17T16:53:36+00:00\",\"dateModified\":\"2025-02-24T11:59:03+00:00\",\"breadcrumb\":{\"@id\":\"https:\/\/www.lazioinnova.it\/spazioattivo\/formazione\/#breadcrumb\"},\"inLanguage\":\"it-IT\",\"potentialAction\":[{\"@type\":\"ReadAction\",\"target\":[\"https:\/\/www.lazioinnova.it\/spazioattivo\/formazione\/\"]}]},{\"@type\":\"BreadcrumbList\",\"@id\":\"https:\/\/www.lazioinnova.it\/spazioattivo\/formazione\/#breadcrumb\",\"itemListElement\":[{\"@type\":\"ListItem\",\"position\":1,\"name\":\"Spazio Attivo\",\"item\":\"https:\/\/www.lazioinnova.it\/spazioattivo\/\"},{\"@type\":\"ListItem\",\"position\":2,\"name\":\"Formazione\"}]},{\"@type\":\"WebSite\",\"@id\":\"https:\/\/www.lazioinnova.it\/spazioattivo\/#website\",\"url\":\"https:\/\/www.lazioinnova.it\/spazioattivo\/\",\"name\":\"Spazio Attivo - LazioInnova\",\"description\":\"Lazio innova\",\"potentialAction\":[{\"@type\":\"SearchAction\",\"target\":{\"@type\":\"EntryPoint\",\"urlTemplate\":\"https:\/\/www.lazioinnova.it\/spazioattivo\/?s={search_term_string}\"},\"query-input\":{\"@type\":\"PropertyValueSpecification\",\"valueRequired\":true,\"valueName\":\"search_term_string\"}}],\"inLanguage\":\"it-IT\"}]}<\/script>\n<!-- \/ Yoast SEO plugin. -->","yoast_head_json":{"title":"Formazione - Spazio Attivo - LazioInnova","robots":{"index":"index","follow":"follow","max-snippet":"max-snippet:-1","max-image-preview":"max-image-preview:large","max-video-preview":"max-video-preview:-1"},"canonical":"https:\/\/www.lazioinnova.it\/spazioattivo\/formazione\/","og_locale":"it_IT","og_type":"article","og_title":"Formazione - Spazio Attivo - LazioInnova","og_description":"Attraverso la rete Spazio Attivo Lazio Innova organizza e gestisce molte attivit\u00e0 formative per promuovere lo spirito e le competenze imprenditoriali ai pi\u00f9 diversi livelli, offrendo programmi e corsi in presenza e modalit\u00e0 e-learning, webinar e digital meeting&nbsp;su&nbsp;competenze digitali, prototipazione, manifattura 4.0 e&nbsp;temi specialistici. Se vuoi scoprire i corsi presenti su E-lab, la Piattaforma di [&hellip;]","og_url":"https:\/\/www.lazioinnova.it\/spazioattivo\/formazione\/","og_site_name":"Spazio Attivo - LazioInnova","article_modified_time":"2025-02-24T11:59:03+00:00","twitter_card":"summary_large_image","twitter_misc":{"Est. reading time":"1 minuto"},"schema":{"@context":"https:\/\/schema.org","@graph":[{"@type":"WebPage","@id":"https:\/\/www.lazioinnova.it\/spazioattivo\/formazione\/","url":"https:\/\/www.lazioinnova.it\/spazioattivo\/formazione\/","name":"Formazione - Spazio Attivo - LazioInnova","isPartOf":{"@id":"https:\/\/www.lazioinnova.it\/spazioattivo\/#website"},"datePublished":"2021-05-17T16:53:36+00:00","dateModified":"2025-02-24T11:59:03+00:00","breadcrumb":{"@id":"https:\/\/www.lazioinnova.it\/spazioattivo\/formazione\/#breadcrumb"},"inLanguage":"it-IT","potentialAction":[{"@type":"ReadAction","target":["https:\/\/www.lazioinnova.it\/spazioattivo\/formazione\/"]}]},{"@type":"BreadcrumbList","@id":"https:\/\/www.lazioinnova.it\/spazioattivo\/formazione\/#breadcrumb","itemListElement":[{"@type":"ListItem","position":1,"name":"Spazio Attivo","item":"https:\/\/www.lazioinnova.it\/spazioattivo\/"},{"@type":"ListItem","position":2,"name":"Formazione"}]},{"@type":"WebSite","@id":"https:\/\/www.lazioinnova.it\/spazioattivo\/#website","url":"https:\/\/www.lazioinnova.it\/spazioattivo\/","name":"Spazio Attivo - LazioInnova","description":"Lazio innova","potentialAction":[{"@type":"SearchAction","target":{"@type":"EntryPoint","urlTemplate":"https:\/\/www.lazioinnova.it\/spazioattivo\/?s={search_term_string}"},"query-input":{"@type":"PropertyValueSpecification","valueRequired":true,"valueName":"search_term_string"}}],"inLanguage":"it-IT"}]}},"featured_image_src":null,"featured_image_src_square":null,"_links":{"self":[{"href":"https:\/\/www.lazioinnova.it\/spazioattivo\/wp-json\/wp\/v2\/pages\/27289","targetHints":{"allow":["GET"]}}],"collection":[{"href":"https:\/\/www.lazioinnova.it\/spazioattivo\/wp-json\/wp\/v2\/pages"}],"about":[{"href":"https:\/\/www.lazioinnova.it\/spazioattivo\/wp-json\/wp\/v2\/types\/page"}],"author":[{"embeddable":true,"href":"https:\/\/www.lazioinnova.it\/spazioattivo\/wp-json\/wp\/v2\/users\/1"}],"replies":[{"embeddable":true,"href":"https:\/\/www.lazioinnova.it\/spazioattivo\/wp-json\/wp\/v2\/comments?post=27289"}],"version-history":[{"count":19,"href":"https:\/\/www.lazioinnova.it\/spazioattivo\/wp-json\/wp\/v2\/pages\/27289\/revisions"}],"predecessor-version":[{"id":31494,"href":"https:\/\/www.lazioinnova.it\/spazioattivo\/wp-json\/wp\/v2\/pages\/27289\/revisions\/31494"}],"wp:attachment":[{"href":"https:\/\/www.lazioinnova.it\/spazioattivo\/wp-json\/wp\/v2\/media?parent=27289"}],"curies":[{"name":"wp","href":"https:\/\/api.w.org\/{rel}","templated":true}]}}