{"id":28175,"date":"2021-12-03T16:10:10","date_gmt":"2021-12-03T16:10:10","guid":{"rendered":"https:\/\/www.lazioinnova.it\/spazioattivo\/?page_id=28175"},"modified":"2022-07-28T09:38:36","modified_gmt":"2022-07-28T09:38:36","slug":"capacity-building","status":"publish","type":"page","link":"https:\/\/www.lazioinnova.it\/spazioattivo\/capacity-building\/","title":{"rendered":"Capacity Building"},"content":{"rendered":"\n<p>La Regione Lazio, attraverso la rete Spazio Attivo e grazie al supporto tecnico di <strong>ANCI <\/strong>offre agli enti locali del territorio la possibilit\u00e0 concreta di sfruttare al meglio le opportunit\u00e0 che arrivano dall\u2019Ue, aiutandoli a specializzarsi nei Fondi strutturali e di investimento attraverso un <strong>piano di formazione, innovativo e sperimentale<\/strong>, che rafforza la cosiddetta \u201ccapacitazione\u201d (<em>capacity building)<\/em>&nbsp;degli enti territoriali nella programmazione europea.<\/p>\n\n\n\n<p>Il progetto prevede il potenziamento delle attivit\u00e0 di informazione e orientamento sulle opportunit\u00e0 di finanziamento regionali ed europee e il rafforzamento delle capacit\u00e0 progettuali, in particolare delle pubbliche amministrazioni locali, con attivit\u00e0 di supporto specialistico per la formulazione di candidature, la definizione di partenariati e lo sviluppo di progetti in partenariato con altri attori pubblici e privati.<\/p>\n\n\n\n<p>Lo scopo \u00e8&nbsp;<strong>accrescere e perfezionare le competenze specialistico-operative del personale degli Enti locali sulla programmazione e sulla progettazione europea 2021-2027<\/strong>&nbsp;(politiche e strumenti finanziari della programmazione europea: Programmi a Gestione Diretta dell\u2019UE, POR, PON), e promuovere la costituzione sul territorio regionale di un modello organizzativo che favorisca la creazione di partnership comunali o miste, di carattere territoriale o tematico, come strumento di supporto alla programmazione delle&nbsp;politiche&nbsp;locali e allo sviluppo di progettualit\u00e0 territoriali integrate, in linea con l\u2019Asse Territoriale, la cui introduzione \u00e8 prevista nell\u2019ambito dell\u2019OP5 \u201dUn\u2019Europa pi\u00f9 vicina ai cittadini\u201d del nuovo POR FESR 2021-2027.<\/p>\n\n\n\n<div class=\"ghostkit-accordion ghostkit-accordion-1\">\n<div class=\"ghostkit-accordion-item\"><a href=\"#accordion-ledizione-2021-2022\" class=\"ghostkit-accordion-item-heading\"><span class=\"ghostkit-accordion-item-label\"><strong>L&#8217;edizione 2021-2022<\/strong><\/span><span class=\"ghostkit-accordion-item-collapse\"><svg class=\"ghostkit-svg-icon\" width=\"24\" height=\"24\" viewBox=\"0 0 24 24\" fill=\"none\" xmlns=\"http:\/\/www.w3.org\/2000\/svg\"><path d=\"M9.21967 6.2197C9.51256 5.9268 9.98744 5.9268 10.2803 6.2197L15.5303 11.4697C15.8232 11.7626 15.8232 12.2374 15.5303 12.5303L10.2803 17.7803C9.98744 18.0732 9.51256 18.0732 9.21967 17.7803C8.92678 17.4874 8.92678 17.0126 9.21967 16.7197L13.9393 12L9.21967 7.2803C8.92678 6.9874 8.92678 6.5126 9.21967 6.2197Z\" fill=\"currentColor\"><\/path><\/svg><\/span><\/a><div class=\"ghostkit-accordion-item-content is-layout-flow wp-block-accordion-item-is-layout-flow\">\n<p>Nel mese di novembre 2021 si sono svolti i primi<strong> 4 incontri <\/strong>con <strong>66 partecipanti <\/strong>di <strong>38 Enti diversi<\/strong> dedicati a:<\/p>\n\n\n\n<ul class=\"wp-block-list\"><li><em>Orientamenti politici della nuova programmazione e priorit\u00e0 della politica di coesione per il periodo 2021-2027<\/em><\/li><li><em>Digital Compass 2030: obiettivi e finalit\u00e0 per una Europa inclusiva e sostenibile entro il 2030<\/em><\/li><li><em>Panoramica degli strumenti finanziari europei diretti e indiretti 2021-2027<\/em><\/li><li><em>Next Generation Ue<\/em><\/li><li><em>Focus Next Generation Italia<\/em>.<\/li><\/ul>\n<\/div><\/div>\n<\/div>\n\n\n\n<figure class=\"wp-block-gallery has-nested-images columns-default is-cropped wp-block-gallery-1 is-layout-flex wp-block-gallery-is-layout-flex\">\n<figure class=\"wp-block-image size-large\"><img loading=\"lazy\" decoding=\"async\" width=\"881\" height=\"707\" data-id=\"28455\" src=\"https:\/\/www.lazioinnova.it\/spazioattivo\/app\/uploads\/2021\/12\/Capacity-Building1.png\" alt=\"\" class=\"wp-image-28455\" srcset=\"https:\/\/www.lazioinnova.it\/spazioattivo\/app\/uploads\/2021\/12\/Capacity-Building1.png 881w, https:\/\/www.lazioinnova.it\/spazioattivo\/app\/uploads\/2021\/12\/Capacity-Building1-300x241.png 300w, https:\/\/www.lazioinnova.it\/spazioattivo\/app\/uploads\/2021\/12\/Capacity-Building1-768x616.png 768w\" sizes=\"auto, (max-width: 881px) 100vw, 881px\" \/><\/figure>\n\n\n\n<figure class=\"wp-block-image size-large\"><img loading=\"lazy\" decoding=\"async\" width=\"809\" height=\"579\" data-id=\"28456\" src=\"https:\/\/www.lazioinnova.it\/spazioattivo\/app\/uploads\/2021\/12\/Capcity-Building2.png\" alt=\"\" class=\"wp-image-28456\" srcset=\"https:\/\/www.lazioinnova.it\/spazioattivo\/app\/uploads\/2021\/12\/Capcity-Building2.png 809w, https:\/\/www.lazioinnova.it\/spazioattivo\/app\/uploads\/2021\/12\/Capcity-Building2-300x215.png 300w, https:\/\/www.lazioinnova.it\/spazioattivo\/app\/uploads\/2021\/12\/Capcity-Building2-768x550.png 768w\" sizes=\"auto, (max-width: 809px) 100vw, 809px\" \/><\/figure>\n\n\n\n<figure class=\"wp-block-image size-large\"><img loading=\"lazy\" decoding=\"async\" width=\"800\" height=\"676\" data-id=\"28457\" src=\"https:\/\/www.lazioinnova.it\/spazioattivo\/app\/uploads\/2021\/12\/Capcity-Building3.jpg\" alt=\"\" class=\"wp-image-28457\" srcset=\"https:\/\/www.lazioinnova.it\/spazioattivo\/app\/uploads\/2021\/12\/Capcity-Building3.jpg 800w, https:\/\/www.lazioinnova.it\/spazioattivo\/app\/uploads\/2021\/12\/Capcity-Building3-300x254.jpg 300w, https:\/\/www.lazioinnova.it\/spazioattivo\/app\/uploads\/2021\/12\/Capcity-Building3-768x649.jpg 768w\" sizes=\"auto, (max-width: 800px) 100vw, 800px\" \/><\/figure>\n<\/figure>\n\n\n\n<p><\/p>\n\n\n\n<p><\/p>\n\n\n\n<p><\/p>\n","protected":false},"excerpt":{"rendered":"<p>La Regione Lazio, attraverso la rete Spazio Attivo e grazie al supporto tecnico di ANCI offre agli enti locali del territorio la possibilit\u00e0 concreta di sfruttare al meglio le opportunit\u00e0 che arrivano dall\u2019Ue, aiutandoli a specializzarsi nei Fondi strutturali e di investimento attraverso un piano di formazione, innovativo e sperimentale, che rafforza la cosiddetta \u201ccapacitazione\u201d [&hellip;]<\/p>\n","protected":false},"author":2,"featured_media":0,"parent":0,"menu_order":0,"comment_status":"closed","ping_status":"closed","template":"","meta":{"_acf_changed":false,"ghostkit_customizer_options":"","ghostkit_custom_css":"","ghostkit_custom_js_head":"","ghostkit_custom_js_foot":"","ghostkit_typography":"","footnotes":""},"class_list":["post-28175","page","type-page","status-publish","hentry"],"acf":[],"yoast_head":"<!-- This site is optimized with the Yoast SEO plugin v24.2 - https:\/\/yoast.com\/wordpress\/plugins\/seo\/ -->\n<title>Capacity Building - Spazio Attivo - LazioInnova<\/title>\n<meta name=\"robots\" content=\"index, follow, max-snippet:-1, max-image-preview:large, max-video-preview:-1\" \/>\n<link rel=\"canonical\" href=\"https:\/\/www.lazioinnova.it\/spazioattivo\/capacity-building\/\" \/>\n<meta property=\"og:locale\" content=\"it_IT\" \/>\n<meta property=\"og:type\" content=\"article\" \/>\n<meta property=\"og:title\" content=\"Capacity Building - Spazio Attivo - LazioInnova\" \/>\n<meta property=\"og:description\" content=\"La Regione Lazio, attraverso la rete Spazio Attivo e grazie al supporto tecnico di ANCI offre agli enti locali del territorio la possibilit\u00e0 concreta di sfruttare al meglio le opportunit\u00e0 che arrivano dall\u2019Ue, aiutandoli a specializzarsi nei Fondi strutturali e di investimento attraverso un piano di formazione, innovativo e sperimentale, che rafforza la cosiddetta \u201ccapacitazione\u201d [&hellip;]\" \/>\n<meta property=\"og:url\" content=\"https:\/\/www.lazioinnova.it\/spazioattivo\/capacity-building\/\" \/>\n<meta property=\"og:site_name\" content=\"Spazio Attivo - LazioInnova\" \/>\n<meta property=\"article:modified_time\" content=\"2022-07-28T09:38:36+00:00\" \/>\n<meta property=\"og:image\" content=\"https:\/\/www.lazioinnova.it\/spazioattivo\/app\/uploads\/2021\/12\/Capacity-Building1.png\" \/>\n<meta name=\"twitter:card\" content=\"summary_large_image\" \/>\n<meta name=\"twitter:label1\" content=\"Est. reading time\" \/>\n\t<meta name=\"twitter:data1\" content=\"3 minuti\" \/>\n<script type=\"application\/ld+json\" class=\"yoast-schema-graph\">{\"@context\":\"https:\/\/schema.org\",\"@graph\":[{\"@type\":\"WebPage\",\"@id\":\"https:\/\/www.lazioinnova.it\/spazioattivo\/capacity-building\/\",\"url\":\"https:\/\/www.lazioinnova.it\/spazioattivo\/capacity-building\/\",\"name\":\"Capacity Building - Spazio Attivo - LazioInnova\",\"isPartOf\":{\"@id\":\"https:\/\/www.lazioinnova.it\/spazioattivo\/#website\"},\"primaryImageOfPage\":{\"@id\":\"https:\/\/www.lazioinnova.it\/spazioattivo\/capacity-building\/#primaryimage\"},\"image\":{\"@id\":\"https:\/\/www.lazioinnova.it\/spazioattivo\/capacity-building\/#primaryimage\"},\"thumbnailUrl\":\"https:\/\/www.lazioinnova.it\/spazioattivo\/app\/uploads\/2021\/12\/Capacity-Building1.png\",\"datePublished\":\"2021-12-03T16:10:10+00:00\",\"dateModified\":\"2022-07-28T09:38:36+00:00\",\"breadcrumb\":{\"@id\":\"https:\/\/www.lazioinnova.it\/spazioattivo\/capacity-building\/#breadcrumb\"},\"inLanguage\":\"it-IT\",\"potentialAction\":[{\"@type\":\"ReadAction\",\"target\":[\"https:\/\/www.lazioinnova.it\/spazioattivo\/capacity-building\/\"]}]},{\"@type\":\"ImageObject\",\"inLanguage\":\"it-IT\",\"@id\":\"https:\/\/www.lazioinnova.it\/spazioattivo\/capacity-building\/#primaryimage\",\"url\":\"https:\/\/www.lazioinnova.it\/spazioattivo\/app\/uploads\/2021\/12\/Capacity-Building1.png\",\"contentUrl\":\"https:\/\/www.lazioinnova.it\/spazioattivo\/app\/uploads\/2021\/12\/Capacity-Building1.png\",\"width\":881,\"height\":707},{\"@type\":\"BreadcrumbList\",\"@id\":\"https:\/\/www.lazioinnova.it\/spazioattivo\/capacity-building\/#breadcrumb\",\"itemListElement\":[{\"@type\":\"ListItem\",\"position\":1,\"name\":\"Spazio Attivo\",\"item\":\"https:\/\/www.lazioinnova.it\/spazioattivo\/\"},{\"@type\":\"ListItem\",\"position\":2,\"name\":\"Capacity Building\"}]},{\"@type\":\"WebSite\",\"@id\":\"https:\/\/www.lazioinnova.it\/spazioattivo\/#website\",\"url\":\"https:\/\/www.lazioinnova.it\/spazioattivo\/\",\"name\":\"Spazio Attivo - LazioInnova\",\"description\":\"Lazio innova\",\"potentialAction\":[{\"@type\":\"SearchAction\",\"target\":{\"@type\":\"EntryPoint\",\"urlTemplate\":\"https:\/\/www.lazioinnova.it\/spazioattivo\/?s={search_term_string}\"},\"query-input\":{\"@type\":\"PropertyValueSpecification\",\"valueRequired\":true,\"valueName\":\"search_term_string\"}}],\"inLanguage\":\"it-IT\"}]}<\/script>\n<!-- \/ Yoast SEO plugin. -->","yoast_head_json":{"title":"Capacity Building - Spazio Attivo - LazioInnova","robots":{"index":"index","follow":"follow","max-snippet":"max-snippet:-1","max-image-preview":"max-image-preview:large","max-video-preview":"max-video-preview:-1"},"canonical":"https:\/\/www.lazioinnova.it\/spazioattivo\/capacity-building\/","og_locale":"it_IT","og_type":"article","og_title":"Capacity Building - Spazio Attivo - LazioInnova","og_description":"La Regione Lazio, attraverso la rete Spazio Attivo e grazie al supporto tecnico di ANCI offre agli enti locali del territorio la possibilit\u00e0 concreta di sfruttare al meglio le opportunit\u00e0 che arrivano dall\u2019Ue, aiutandoli a specializzarsi nei Fondi strutturali e di investimento attraverso un piano di formazione, innovativo e sperimentale, che rafforza la cosiddetta \u201ccapacitazione\u201d [&hellip;]","og_url":"https:\/\/www.lazioinnova.it\/spazioattivo\/capacity-building\/","og_site_name":"Spazio Attivo - LazioInnova","article_modified_time":"2022-07-28T09:38:36+00:00","og_image":[{"url":"https:\/\/www.lazioinnova.it\/spazioattivo\/app\/uploads\/2021\/12\/Capacity-Building1.png","type":"","width":"","height":""}],"twitter_card":"summary_large_image","twitter_misc":{"Est. reading time":"3 minuti"},"schema":{"@context":"https:\/\/schema.org","@graph":[{"@type":"WebPage","@id":"https:\/\/www.lazioinnova.it\/spazioattivo\/capacity-building\/","url":"https:\/\/www.lazioinnova.it\/spazioattivo\/capacity-building\/","name":"Capacity Building - Spazio Attivo - LazioInnova","isPartOf":{"@id":"https:\/\/www.lazioinnova.it\/spazioattivo\/#website"},"primaryImageOfPage":{"@id":"https:\/\/www.lazioinnova.it\/spazioattivo\/capacity-building\/#primaryimage"},"image":{"@id":"https:\/\/www.lazioinnova.it\/spazioattivo\/capacity-building\/#primaryimage"},"thumbnailUrl":"https:\/\/www.lazioinnova.it\/spazioattivo\/app\/uploads\/2021\/12\/Capacity-Building1.png","datePublished":"2021-12-03T16:10:10+00:00","dateModified":"2022-07-28T09:38:36+00:00","breadcrumb":{"@id":"https:\/\/www.lazioinnova.it\/spazioattivo\/capacity-building\/#breadcrumb"},"inLanguage":"it-IT","potentialAction":[{"@type":"ReadAction","target":["https:\/\/www.lazioinnova.it\/spazioattivo\/capacity-building\/"]}]},{"@type":"ImageObject","inLanguage":"it-IT","@id":"https:\/\/www.lazioinnova.it\/spazioattivo\/capacity-building\/#primaryimage","url":"https:\/\/www.lazioinnova.it\/spazioattivo\/app\/uploads\/2021\/12\/Capacity-Building1.png","contentUrl":"https:\/\/www.lazioinnova.it\/spazioattivo\/app\/uploads\/2021\/12\/Capacity-Building1.png","width":881,"height":707},{"@type":"BreadcrumbList","@id":"https:\/\/www.lazioinnova.it\/spazioattivo\/capacity-building\/#breadcrumb","itemListElement":[{"@type":"ListItem","position":1,"name":"Spazio Attivo","item":"https:\/\/www.lazioinnova.it\/spazioattivo\/"},{"@type":"ListItem","position":2,"name":"Capacity Building"}]},{"@type":"WebSite","@id":"https:\/\/www.lazioinnova.it\/spazioattivo\/#website","url":"https:\/\/www.lazioinnova.it\/spazioattivo\/","name":"Spazio Attivo - LazioInnova","description":"Lazio innova","potentialAction":[{"@type":"SearchAction","target":{"@type":"EntryPoint","urlTemplate":"https:\/\/www.lazioinnova.it\/spazioattivo\/?s={search_term_string}"},"query-input":{"@type":"PropertyValueSpecification","valueRequired":true,"valueName":"search_term_string"}}],"inLanguage":"it-IT"}]}},"featured_image_src":null,"featured_image_src_square":null,"_links":{"self":[{"href":"https:\/\/www.lazioinnova.it\/spazioattivo\/wp-json\/wp\/v2\/pages\/28175","targetHints":{"allow":["GET"]}}],"collection":[{"href":"https:\/\/www.lazioinnova.it\/spazioattivo\/wp-json\/wp\/v2\/pages"}],"about":[{"href":"https:\/\/www.lazioinnova.it\/spazioattivo\/wp-json\/wp\/v2\/types\/page"}],"author":[{"embeddable":true,"href":"https:\/\/www.lazioinnova.it\/spazioattivo\/wp-json\/wp\/v2\/users\/2"}],"replies":[{"embeddable":true,"href":"https:\/\/www.lazioinnova.it\/spazioattivo\/wp-json\/wp\/v2\/comments?post=28175"}],"version-history":[{"count":10,"href":"https:\/\/www.lazioinnova.it\/spazioattivo\/wp-json\/wp\/v2\/pages\/28175\/revisions"}],"predecessor-version":[{"id":29547,"href":"https:\/\/www.lazioinnova.it\/spazioattivo\/wp-json\/wp\/v2\/pages\/28175\/revisions\/29547"}],"wp:attachment":[{"href":"https:\/\/www.lazioinnova.it\/spazioattivo\/wp-json\/wp\/v2\/media?parent=28175"}],"curies":[{"name":"wp","href":"https:\/\/api.w.org\/{rel}","templated":true}]}}