{"id":28180,"date":"2021-12-03T16:25:31","date_gmt":"2021-12-03T16:25:31","guid":{"rendered":"https:\/\/www.lazioinnova.it\/spazioattivo\/?page_id=28180"},"modified":"2024-10-01T14:29:52","modified_gmt":"2024-10-01T14:29:52","slug":"europa-e-territorio","status":"publish","type":"page","link":"https:\/\/www.lazioinnova.it\/spazioattivo\/europa-e-territorio\/","title":{"rendered":"Europa e Territorio"},"content":{"rendered":"\n<p>La Regione Lazio, attraverso Lazio Innova e la rete Spazio Attivo, vuole garantire un pieno accesso alle opportunit\u00e0 europee per cittadini, imprese e Pubbliche Amministrazioni.<\/p>\n\n\n\n<p>Le sedi Spazio Attivo ospitano gli <strong><a href=\"https:\/\/www.lazioeuropa.it\/ufficio-europa\/\">Sportelli Europa<\/a><\/strong>, punti di informazione su tutti i bandi in uscita, sulle procedure di adesione per la presentazione delle domande e su qualsiasi altro aspetto relativo ad avvisi pubblici regionali e gestiti direttamente dall\u2019Ue.<\/p>\n\n\n\n<p>La rete Spazio Attivo \u00e8 partner di <a href=\"https:\/\/www.lazioinnova.it\/spazioattivo\/enterprise-europe-network\/\"><strong>Enterprise Europe Network (EEN)<\/strong><\/a><strong>,<\/strong>&nbsp;e offre un <strong>sistema integrato di<\/strong> <strong>informazioni e<\/strong> <strong>servizi <\/strong>per aiutare le aziende a individuare nuovi partner commerciali, produttivi e tecnologici all\u2019estero e per sostenere l\u2019innovazione, il trasferimento tecnologico e per promuovere la partecipazione delle PMI a Horizon 2020.&nbsp;&nbsp;<\/p>\n\n\n\n<p>Lazio Innova partecipa a <strong><a href=\"https:\/\/www.lazioinnova.it\/spazioattivo\/progetti-europei\/\">Progetti europei di cooperazione<\/a><\/strong> che richiedono <strong>la costituzione di partenariati transnazionali con la partecipazione di almeno tre Stati Membri<\/strong> e sono finanziati da<strong> Fondi Diretti<\/strong>, che<strong> <\/strong>fanno riferimento a specifici Programmi Comunitari dedicati a temi economici, sociali, culturali, ambientali e di ricerca scientifica.<\/p>\n\n\n\n<p>La Regione Lazio, attraverso la rete Spazio Attivo, e con il supporto tecnico di ANCI, mette in atto <strong><a href=\"https:\/\/www.lazioinnova.it\/spazioattivo\/capacity-building\/\">Capacity Building<\/a><\/strong>, un <strong>piano di formazione, innovativo e sperimentale<\/strong>, che offre agli enti locali del Lazio, la possibilit\u00e0 concreta di sfruttare al meglio le opportunit\u00e0 che arrivano dall\u2019Ue.<\/p>\n\n\n\n<p>La Regione Lazio, attraverso Lazio Innova ha istituito <strong><a href=\"https:\/\/www.lazioinnova.it\/innovazione-aperta\/iniziativa\/infoday-europe-project-lab-4-europe\/\">Infoday Europe &amp; Project Lab 4 Europe<\/a><\/strong>, un programma di attivit\u00e0 per il rafforzamento della capacit\u00e0 di accesso delle MPMI alle opportunit\u00e0 europee, in corso fino a maggio 2025.<\/p>\n\n\n\n<p class=\"has-text-align-right\" style=\"font-size:18px\"><br><br><\/p>\n","protected":false},"excerpt":{"rendered":"<p>La Regione Lazio, attraverso Lazio Innova e la rete Spazio Attivo, vuole garantire un pieno accesso alle opportunit\u00e0 europee per cittadini, imprese e Pubbliche Amministrazioni. Le sedi Spazio Attivo ospitano gli Sportelli Europa, punti di informazione su tutti i bandi in uscita, sulle procedure di adesione per la presentazione delle domande e su qualsiasi altro [&hellip;]<\/p>\n","protected":false},"author":2,"featured_media":0,"parent":0,"menu_order":0,"comment_status":"closed","ping_status":"closed","template":"","meta":{"_acf_changed":false,"ghostkit_customizer_options":"","ghostkit_custom_css":"","ghostkit_custom_js_head":"","ghostkit_custom_js_foot":"","ghostkit_typography":"","footnotes":""},"class_list":["post-28180","page","type-page","status-publish","hentry"],"acf":[],"yoast_head":"<!-- This site is optimized with the Yoast SEO plugin v24.2 - https:\/\/yoast.com\/wordpress\/plugins\/seo\/ -->\n<title>Europa e Territorio - Spazio Attivo - LazioInnova<\/title>\n<meta name=\"robots\" content=\"index, follow, max-snippet:-1, max-image-preview:large, max-video-preview:-1\" \/>\n<link rel=\"canonical\" href=\"https:\/\/www.lazioinnova.it\/spazioattivo\/europa-e-territorio\/\" \/>\n<meta property=\"og:locale\" content=\"it_IT\" \/>\n<meta property=\"og:type\" content=\"article\" \/>\n<meta property=\"og:title\" content=\"Europa e Territorio - Spazio Attivo - LazioInnova\" \/>\n<meta property=\"og:description\" content=\"La Regione Lazio, attraverso Lazio Innova e la rete Spazio Attivo, vuole garantire un pieno accesso alle opportunit\u00e0 europee per cittadini, imprese e Pubbliche Amministrazioni. Le sedi Spazio Attivo ospitano gli Sportelli Europa, punti di informazione su tutti i bandi in uscita, sulle procedure di adesione per la presentazione delle domande e su qualsiasi altro [&hellip;]\" \/>\n<meta property=\"og:url\" content=\"https:\/\/www.lazioinnova.it\/spazioattivo\/europa-e-territorio\/\" \/>\n<meta property=\"og:site_name\" content=\"Spazio Attivo - LazioInnova\" \/>\n<meta property=\"article:modified_time\" content=\"2024-10-01T14:29:52+00:00\" \/>\n<meta name=\"twitter:card\" content=\"summary_large_image\" \/>\n<meta name=\"twitter:label1\" content=\"Est. reading time\" \/>\n\t<meta name=\"twitter:data1\" content=\"2 minuti\" \/>\n<script type=\"application\/ld+json\" class=\"yoast-schema-graph\">{\"@context\":\"https:\/\/schema.org\",\"@graph\":[{\"@type\":\"WebPage\",\"@id\":\"https:\/\/www.lazioinnova.it\/spazioattivo\/europa-e-territorio\/\",\"url\":\"https:\/\/www.lazioinnova.it\/spazioattivo\/europa-e-territorio\/\",\"name\":\"Europa e Territorio - Spazio Attivo - LazioInnova\",\"isPartOf\":{\"@id\":\"https:\/\/www.lazioinnova.it\/spazioattivo\/#website\"},\"datePublished\":\"2021-12-03T16:25:31+00:00\",\"dateModified\":\"2024-10-01T14:29:52+00:00\",\"breadcrumb\":{\"@id\":\"https:\/\/www.lazioinnova.it\/spazioattivo\/europa-e-territorio\/#breadcrumb\"},\"inLanguage\":\"it-IT\",\"potentialAction\":[{\"@type\":\"ReadAction\",\"target\":[\"https:\/\/www.lazioinnova.it\/spazioattivo\/europa-e-territorio\/\"]}]},{\"@type\":\"BreadcrumbList\",\"@id\":\"https:\/\/www.lazioinnova.it\/spazioattivo\/europa-e-territorio\/#breadcrumb\",\"itemListElement\":[{\"@type\":\"ListItem\",\"position\":1,\"name\":\"Spazio Attivo\",\"item\":\"https:\/\/www.lazioinnova.it\/spazioattivo\/\"},{\"@type\":\"ListItem\",\"position\":2,\"name\":\"Europa e Territorio\"}]},{\"@type\":\"WebSite\",\"@id\":\"https:\/\/www.lazioinnova.it\/spazioattivo\/#website\",\"url\":\"https:\/\/www.lazioinnova.it\/spazioattivo\/\",\"name\":\"Spazio Attivo - LazioInnova\",\"description\":\"Lazio innova\",\"potentialAction\":[{\"@type\":\"SearchAction\",\"target\":{\"@type\":\"EntryPoint\",\"urlTemplate\":\"https:\/\/www.lazioinnova.it\/spazioattivo\/?s={search_term_string}\"},\"query-input\":{\"@type\":\"PropertyValueSpecification\",\"valueRequired\":true,\"valueName\":\"search_term_string\"}}],\"inLanguage\":\"it-IT\"}]}<\/script>\n<!-- \/ Yoast SEO plugin. -->","yoast_head_json":{"title":"Europa e Territorio - Spazio Attivo - LazioInnova","robots":{"index":"index","follow":"follow","max-snippet":"max-snippet:-1","max-image-preview":"max-image-preview:large","max-video-preview":"max-video-preview:-1"},"canonical":"https:\/\/www.lazioinnova.it\/spazioattivo\/europa-e-territorio\/","og_locale":"it_IT","og_type":"article","og_title":"Europa e Territorio - Spazio Attivo - LazioInnova","og_description":"La Regione Lazio, attraverso Lazio Innova e la rete Spazio Attivo, vuole garantire un pieno accesso alle opportunit\u00e0 europee per cittadini, imprese e Pubbliche Amministrazioni. Le sedi Spazio Attivo ospitano gli Sportelli Europa, punti di informazione su tutti i bandi in uscita, sulle procedure di adesione per la presentazione delle domande e su qualsiasi altro [&hellip;]","og_url":"https:\/\/www.lazioinnova.it\/spazioattivo\/europa-e-territorio\/","og_site_name":"Spazio Attivo - LazioInnova","article_modified_time":"2024-10-01T14:29:52+00:00","twitter_card":"summary_large_image","twitter_misc":{"Est. reading time":"2 minuti"},"schema":{"@context":"https:\/\/schema.org","@graph":[{"@type":"WebPage","@id":"https:\/\/www.lazioinnova.it\/spazioattivo\/europa-e-territorio\/","url":"https:\/\/www.lazioinnova.it\/spazioattivo\/europa-e-territorio\/","name":"Europa e Territorio - Spazio Attivo - LazioInnova","isPartOf":{"@id":"https:\/\/www.lazioinnova.it\/spazioattivo\/#website"},"datePublished":"2021-12-03T16:25:31+00:00","dateModified":"2024-10-01T14:29:52+00:00","breadcrumb":{"@id":"https:\/\/www.lazioinnova.it\/spazioattivo\/europa-e-territorio\/#breadcrumb"},"inLanguage":"it-IT","potentialAction":[{"@type":"ReadAction","target":["https:\/\/www.lazioinnova.it\/spazioattivo\/europa-e-territorio\/"]}]},{"@type":"BreadcrumbList","@id":"https:\/\/www.lazioinnova.it\/spazioattivo\/europa-e-territorio\/#breadcrumb","itemListElement":[{"@type":"ListItem","position":1,"name":"Spazio Attivo","item":"https:\/\/www.lazioinnova.it\/spazioattivo\/"},{"@type":"ListItem","position":2,"name":"Europa e Territorio"}]},{"@type":"WebSite","@id":"https:\/\/www.lazioinnova.it\/spazioattivo\/#website","url":"https:\/\/www.lazioinnova.it\/spazioattivo\/","name":"Spazio Attivo - LazioInnova","description":"Lazio innova","potentialAction":[{"@type":"SearchAction","target":{"@type":"EntryPoint","urlTemplate":"https:\/\/www.lazioinnova.it\/spazioattivo\/?s={search_term_string}"},"query-input":{"@type":"PropertyValueSpecification","valueRequired":true,"valueName":"search_term_string"}}],"inLanguage":"it-IT"}]}},"featured_image_src":null,"featured_image_src_square":null,"_links":{"self":[{"href":"https:\/\/www.lazioinnova.it\/spazioattivo\/wp-json\/wp\/v2\/pages\/28180","targetHints":{"allow":["GET"]}}],"collection":[{"href":"https:\/\/www.lazioinnova.it\/spazioattivo\/wp-json\/wp\/v2\/pages"}],"about":[{"href":"https:\/\/www.lazioinnova.it\/spazioattivo\/wp-json\/wp\/v2\/types\/page"}],"author":[{"embeddable":true,"href":"https:\/\/www.lazioinnova.it\/spazioattivo\/wp-json\/wp\/v2\/users\/2"}],"replies":[{"embeddable":true,"href":"https:\/\/www.lazioinnova.it\/spazioattivo\/wp-json\/wp\/v2\/comments?post=28180"}],"version-history":[{"count":20,"href":"https:\/\/www.lazioinnova.it\/spazioattivo\/wp-json\/wp\/v2\/pages\/28180\/revisions"}],"predecessor-version":[{"id":31237,"href":"https:\/\/www.lazioinnova.it\/spazioattivo\/wp-json\/wp\/v2\/pages\/28180\/revisions\/31237"}],"wp:attachment":[{"href":"https:\/\/www.lazioinnova.it\/spazioattivo\/wp-json\/wp\/v2\/media?parent=28180"}],"curies":[{"name":"wp","href":"https:\/\/api.w.org\/{rel}","templated":true}]}}