{"id":29372,"date":"2022-03-26T15:39:28","date_gmt":"2022-03-26T15:39:28","guid":{"rendered":"https:\/\/www.lazioinnova.it\/spazioattivo\/?page_id=29372"},"modified":"2024-06-24T11:35:38","modified_gmt":"2024-06-24T11:35:38","slug":"epop-zeb","status":"publish","type":"page","link":"https:\/\/www.lazioinnova.it\/spazioattivo\/epop-zeb\/","title":{"rendered":"Dimostratore ePop-Zeb"},"content":{"rendered":"\n<h1 class=\"wp-block-heading\" id=\"spazio-attivo-colleferro\">Spazio Attivo Colleferro<br><\/h1>\n\n\n\n<figure class=\"wp-block-image size-full is-resized\"><img loading=\"lazy\" decoding=\"async\" width=\"538\" height=\"235\" src=\"https:\/\/www.lazioinnova.it\/spazioattivo\/app\/uploads\/2024\/06\/loghi-epop-zeb.jpg\" alt=\"\" class=\"wp-image-31181\" style=\"width:432px;height:auto\" srcset=\"https:\/\/www.lazioinnova.it\/spazioattivo\/app\/uploads\/2024\/06\/loghi-epop-zeb.jpg 538w, https:\/\/www.lazioinnova.it\/spazioattivo\/app\/uploads\/2024\/06\/loghi-epop-zeb-300x131.jpg 300w\" sizes=\"auto, (max-width: 538px) 100vw, 538px\" \/><\/figure>\n\n\n\n<p><\/p>\n\n\n\n<figure class=\"wp-block-image size-full\"><a href=\"https:\/\/www.lazioinnova.it\/spazioattivo\/app\/uploads\/2022\/02\/epop-esterno-1.jpg\"><img loading=\"lazy\" decoding=\"async\" width=\"824\" height=\"400\" src=\"https:\/\/www.lazioinnova.it\/spazioattivo\/app\/uploads\/2022\/02\/epop-esterno-1.jpg\" alt=\"\" class=\"wp-image-28903\"\/><\/a><\/figure>\n\n\n\n<p>Il progetto rientra t<strong>ra i 12 progetti finanziati <\/strong>nell\u2019ambito del<strong><em>\u202f<\/em><\/strong><em><strong>Bando \u201cBioedilizia e Smart Building\u201d POR FESR Lazio 2014-2020<\/strong> <\/em>a cura di un\u2019<strong>ATS<\/strong> composta da Aziende del settore ingegneria e costruzioni e da Dipartimenti universitari per attivit\u00e0 di ricerca e sperimentazione. <\/p>\n\n\n\n<p>Il modulo ePop-ZEB nasce come prototipo di edificio smart a servizio di attivit\u00e0 di ricerca e sperimentazione dell\u2019ATS <a href=\"https:\/\/epopzeb.jimdofree.com\/\" target=\"_blank\" rel=\"noreferrer noopener\">Il Progetto &#8211; Benvenuti su epopzeb! (jimdofree.com)<\/a>, per poi essere acquisito e implementato da Lazio Innova come <strong>ambiente \u201cliving lab e dimostratore\u201d a servizio dell\u2019ecosistema dell\u2019innovazione per l\u2019edilizia sostenibile<\/strong>, in un contesto di networking e accompagnamento per Startup e PMI quale \u00e8 lo Spazio Attivo.&nbsp;<br><\/p>\n\n\n\n<h2 class=\"wp-block-heading\" id=\"caratteristiche-tecniche\"><strong>Caratteristiche tecniche<\/strong>&nbsp;<\/h2>\n\n\n\n<p>L\u2019ePop-ZEB \u00e8 un edificio ad uso laboratorio realizzato in <strong>classe energetica A4-plus<\/strong> con <strong>struttura modulare, passiva, smontabile, rimontabile ed interamente riciclabile<\/strong>, con finiture esterne ed interne personalizzabili quali serramenti, finiture verticali e orizzontali, soluzioni illuminotecniche e schermature solari, con un elevato <strong>comfort acustico, qualit\u00e0 dell\u2019aria indoor, antisismico<\/strong> fino a R7.&nbsp;<\/p>\n\n\n\n<p>Produce un surplus energetico su base annuale, superando i criteri dello ZEB, la climatizzazione a basso consumo con impianto a VMC, unitamente con l\u2019impianto fotovoltaico dotato di storage, consente di verificare lo storico del bilancio energetico dalla nascita dell\u2019edificio, disponendo di un modello completo di tipo BIM.&nbsp;<\/p>\n\n\n\n<p>Il modulo ha un sistema di fondazione distaccata da terra a secco. Il sistema si compone di gabbioni metallici riempiti di pietrame a pezzature grossa e varia, nei quali sono predisposte delle barre filettate tenute salde da una piastra di fondo e da una seconda piastra di chiusura in sommit\u00e0. Su tale piastra con barre filettate si \u00e8 fissato su ciascun plinto cos\u00ec realizzato un pezzo speciale o scarpa di alloggiamento e fissaggio delle travi lamellari.&nbsp;<\/p>\n\n\n\n<p>In questo video si possono ripercorrere le tappe della fase realizzativa con immagini del cantiere&nbsp;&nbsp;<\/p>\n\n\n\n<figure class=\"wp-block-embed is-type-video is-provider-youtube wp-block-embed-youtube wp-embed-aspect-16-9 wp-has-aspect-ratio\"><div class=\"wp-block-embed__wrapper\">\n<iframe loading=\"lazy\" title=\"Video Cantiere\" width=\"640\" height=\"360\" src=\"https:\/\/www.youtube.com\/embed\/dBH4r4lMQKo?start=112&#038;feature=oembed\" frameborder=\"0\" allow=\"accelerometer; autoplay; clipboard-write; encrypted-media; gyroscope; picture-in-picture; web-share\" referrerpolicy=\"strict-origin-when-cross-origin\" allowfullscreen><\/iframe>\n<\/div><\/figure>\n\n\n\n<h2 class=\"wp-block-heading\" id=\"quali-attivita-si-possono-fare\"><strong>Quali attivit\u00e0 si possono fare<\/strong>&nbsp;<\/h2>\n\n\n\n<p>L\u2019ePop-ZEB \u00e8 un ambiente \u201cliving lab e dimostratore\u201d messo a disposizione da Lazio Innova nell\u2019ambito del laboratorio Lazio Abitare Green per la <strong>sperimentazione, validazione, diffusione<\/strong> di tecnologie dello smart building, si presta in modo ottimale all&#8217;introduzione progressiva ed integrata di soluzioni per l\u2019<strong>edilizia, l\u2019impiantistica e la progettazione digitale<\/strong>.&nbsp;<\/p>\n\n\n\n<p><em>Lazio Innova, in collaborazione con i Partner aderenti al laboratorio Lazio Abitare Green, si fa promotrice di Call dedicate allo scouting di soluzioni da inserire nei percorsi di accompagnamento e sperimentazione nel modulo ePop-ZEB, sulla base di specifici verticali o ambiti di interesse che i Partner e la Community lanceranno.<\/em>&nbsp;<\/p>\n\n\n\n<p>L\u2019ePop-ZEB, inoltre, si presta in modo efficace per ospitare <strong>workshop, seminari, sessioni di approfondimento in un \u201cambiente reale\u201d<\/strong> per imprese, progettisti, ricercatori, tecnici della pubblica amministrazione su soluzioni e tecnologie per lo smart building.&nbsp;<br><\/p>\n\n\n\n<figure class=\"wp-block-gallery has-nested-images columns-default is-cropped wp-block-gallery-1 is-layout-flex wp-block-gallery-is-layout-flex\">\n<figure class=\"wp-block-image size-large\"><a href=\"https:\/\/www.lazioinnova.it\/spazioattivo\/app\/uploads\/2022\/02\/epop-show-case.jpg\"><img loading=\"lazy\" decoding=\"async\" width=\"824\" height=\"400\" data-id=\"28907\" src=\"https:\/\/www.lazioinnova.it\/spazioattivo\/app\/uploads\/2022\/02\/epop-show-case.jpg\" alt=\"\" class=\"wp-image-28907\"\/><\/a><\/figure>\n\n\n\n<figure class=\"wp-block-image size-large\"><a href=\"https:\/\/www.lazioinnova.it\/spazioattivo\/app\/uploads\/2022\/03\/Colleferro5.jpg\"><img loading=\"lazy\" decoding=\"async\" width=\"284\" height=\"138\" data-id=\"29375\" src=\"https:\/\/www.lazioinnova.it\/spazioattivo\/app\/uploads\/2022\/03\/Colleferro5.jpg\" alt=\"\" class=\"wp-image-29375\"\/><\/a><\/figure>\n<\/figure>\n","protected":false},"excerpt":{"rendered":"<p>Spazio Attivo Colleferro Il progetto rientra tra i 12 progetti finanziati nell\u2019ambito del\u202fBando \u201cBioedilizia e Smart Building\u201d POR FESR Lazio 2014-2020 a cura di un\u2019ATS composta da Aziende del settore ingegneria e costruzioni e da Dipartimenti universitari per attivit\u00e0 di ricerca e sperimentazione. Il modulo ePop-ZEB nasce come prototipo di edificio smart a servizio di [&hellip;]<\/p>\n","protected":false},"author":2,"featured_media":0,"parent":0,"menu_order":0,"comment_status":"closed","ping_status":"closed","template":"","meta":{"_acf_changed":false,"ghostkit_customizer_options":"","ghostkit_custom_css":"","ghostkit_custom_js_head":"","ghostkit_custom_js_foot":"","ghostkit_typography":"","footnotes":""},"class_list":["post-29372","page","type-page","status-publish","hentry"],"acf":[],"yoast_head":"<!-- This site is optimized with the Yoast SEO plugin v24.2 - https:\/\/yoast.com\/wordpress\/plugins\/seo\/ -->\n<title>Dimostratore ePop-Zeb - Spazio Attivo - LazioInnova<\/title>\n<meta name=\"robots\" content=\"index, follow, max-snippet:-1, max-image-preview:large, max-video-preview:-1\" \/>\n<link rel=\"canonical\" href=\"https:\/\/www.lazioinnova.it\/spazioattivo\/epop-zeb\/\" \/>\n<meta property=\"og:locale\" content=\"it_IT\" \/>\n<meta property=\"og:type\" content=\"article\" \/>\n<meta property=\"og:title\" content=\"Dimostratore ePop-Zeb - Spazio Attivo - LazioInnova\" \/>\n<meta property=\"og:description\" content=\"Spazio Attivo Colleferro Il progetto rientra tra i 12 progetti finanziati nell\u2019ambito del\u202fBando \u201cBioedilizia e Smart Building\u201d POR FESR Lazio 2014-2020 a cura di un\u2019ATS composta da Aziende del settore ingegneria e costruzioni e da Dipartimenti universitari per attivit\u00e0 di ricerca e sperimentazione. Il modulo ePop-ZEB nasce come prototipo di edificio smart a servizio di [&hellip;]\" \/>\n<meta property=\"og:url\" content=\"https:\/\/www.lazioinnova.it\/spazioattivo\/epop-zeb\/\" \/>\n<meta property=\"og:site_name\" content=\"Spazio Attivo - LazioInnova\" \/>\n<meta property=\"article:modified_time\" content=\"2024-06-24T11:35:38+00:00\" \/>\n<meta property=\"og:image\" content=\"https:\/\/www.lazioinnova.it\/spazioattivo\/app\/uploads\/2024\/06\/loghi-epop-zeb.jpg\" \/>\n<meta name=\"twitter:card\" content=\"summary_large_image\" \/>\n<meta name=\"twitter:label1\" content=\"Est. reading time\" \/>\n\t<meta name=\"twitter:data1\" content=\"4 minuti\" \/>\n<script type=\"application\/ld+json\" class=\"yoast-schema-graph\">{\"@context\":\"https:\/\/schema.org\",\"@graph\":[{\"@type\":\"WebPage\",\"@id\":\"https:\/\/www.lazioinnova.it\/spazioattivo\/epop-zeb\/\",\"url\":\"https:\/\/www.lazioinnova.it\/spazioattivo\/epop-zeb\/\",\"name\":\"Dimostratore ePop-Zeb - Spazio Attivo - LazioInnova\",\"isPartOf\":{\"@id\":\"https:\/\/www.lazioinnova.it\/spazioattivo\/#website\"},\"primaryImageOfPage\":{\"@id\":\"https:\/\/www.lazioinnova.it\/spazioattivo\/epop-zeb\/#primaryimage\"},\"image\":{\"@id\":\"https:\/\/www.lazioinnova.it\/spazioattivo\/epop-zeb\/#primaryimage\"},\"thumbnailUrl\":\"https:\/\/www.lazioinnova.it\/spazioattivo\/app\/uploads\/2024\/06\/loghi-epop-zeb.jpg\",\"datePublished\":\"2022-03-26T15:39:28+00:00\",\"dateModified\":\"2024-06-24T11:35:38+00:00\",\"breadcrumb\":{\"@id\":\"https:\/\/www.lazioinnova.it\/spazioattivo\/epop-zeb\/#breadcrumb\"},\"inLanguage\":\"it-IT\",\"potentialAction\":[{\"@type\":\"ReadAction\",\"target\":[\"https:\/\/www.lazioinnova.it\/spazioattivo\/epop-zeb\/\"]}]},{\"@type\":\"ImageObject\",\"inLanguage\":\"it-IT\",\"@id\":\"https:\/\/www.lazioinnova.it\/spazioattivo\/epop-zeb\/#primaryimage\",\"url\":\"https:\/\/www.lazioinnova.it\/spazioattivo\/app\/uploads\/2024\/06\/loghi-epop-zeb.jpg\",\"contentUrl\":\"https:\/\/www.lazioinnova.it\/spazioattivo\/app\/uploads\/2024\/06\/loghi-epop-zeb.jpg\",\"width\":538,\"height\":235},{\"@type\":\"BreadcrumbList\",\"@id\":\"https:\/\/www.lazioinnova.it\/spazioattivo\/epop-zeb\/#breadcrumb\",\"itemListElement\":[{\"@type\":\"ListItem\",\"position\":1,\"name\":\"Spazio Attivo\",\"item\":\"https:\/\/www.lazioinnova.it\/spazioattivo\/\"},{\"@type\":\"ListItem\",\"position\":2,\"name\":\"Dimostratore ePop-Zeb\"}]},{\"@type\":\"WebSite\",\"@id\":\"https:\/\/www.lazioinnova.it\/spazioattivo\/#website\",\"url\":\"https:\/\/www.lazioinnova.it\/spazioattivo\/\",\"name\":\"Spazio Attivo - LazioInnova\",\"description\":\"Lazio innova\",\"potentialAction\":[{\"@type\":\"SearchAction\",\"target\":{\"@type\":\"EntryPoint\",\"urlTemplate\":\"https:\/\/www.lazioinnova.it\/spazioattivo\/?s={search_term_string}\"},\"query-input\":{\"@type\":\"PropertyValueSpecification\",\"valueRequired\":true,\"valueName\":\"search_term_string\"}}],\"inLanguage\":\"it-IT\"}]}<\/script>\n<!-- \/ Yoast SEO plugin. -->","yoast_head_json":{"title":"Dimostratore ePop-Zeb - Spazio Attivo - LazioInnova","robots":{"index":"index","follow":"follow","max-snippet":"max-snippet:-1","max-image-preview":"max-image-preview:large","max-video-preview":"max-video-preview:-1"},"canonical":"https:\/\/www.lazioinnova.it\/spazioattivo\/epop-zeb\/","og_locale":"it_IT","og_type":"article","og_title":"Dimostratore ePop-Zeb - Spazio Attivo - LazioInnova","og_description":"Spazio Attivo Colleferro Il progetto rientra tra i 12 progetti finanziati nell\u2019ambito del\u202fBando \u201cBioedilizia e Smart Building\u201d POR FESR Lazio 2014-2020 a cura di un\u2019ATS composta da Aziende del settore ingegneria e costruzioni e da Dipartimenti universitari per attivit\u00e0 di ricerca e sperimentazione. Il modulo ePop-ZEB nasce come prototipo di edificio smart a servizio di [&hellip;]","og_url":"https:\/\/www.lazioinnova.it\/spazioattivo\/epop-zeb\/","og_site_name":"Spazio Attivo - LazioInnova","article_modified_time":"2024-06-24T11:35:38+00:00","og_image":[{"url":"https:\/\/www.lazioinnova.it\/spazioattivo\/app\/uploads\/2024\/06\/loghi-epop-zeb.jpg","type":"","width":"","height":""}],"twitter_card":"summary_large_image","twitter_misc":{"Est. reading time":"4 minuti"},"schema":{"@context":"https:\/\/schema.org","@graph":[{"@type":"WebPage","@id":"https:\/\/www.lazioinnova.it\/spazioattivo\/epop-zeb\/","url":"https:\/\/www.lazioinnova.it\/spazioattivo\/epop-zeb\/","name":"Dimostratore ePop-Zeb - Spazio Attivo - LazioInnova","isPartOf":{"@id":"https:\/\/www.lazioinnova.it\/spazioattivo\/#website"},"primaryImageOfPage":{"@id":"https:\/\/www.lazioinnova.it\/spazioattivo\/epop-zeb\/#primaryimage"},"image":{"@id":"https:\/\/www.lazioinnova.it\/spazioattivo\/epop-zeb\/#primaryimage"},"thumbnailUrl":"https:\/\/www.lazioinnova.it\/spazioattivo\/app\/uploads\/2024\/06\/loghi-epop-zeb.jpg","datePublished":"2022-03-26T15:39:28+00:00","dateModified":"2024-06-24T11:35:38+00:00","breadcrumb":{"@id":"https:\/\/www.lazioinnova.it\/spazioattivo\/epop-zeb\/#breadcrumb"},"inLanguage":"it-IT","potentialAction":[{"@type":"ReadAction","target":["https:\/\/www.lazioinnova.it\/spazioattivo\/epop-zeb\/"]}]},{"@type":"ImageObject","inLanguage":"it-IT","@id":"https:\/\/www.lazioinnova.it\/spazioattivo\/epop-zeb\/#primaryimage","url":"https:\/\/www.lazioinnova.it\/spazioattivo\/app\/uploads\/2024\/06\/loghi-epop-zeb.jpg","contentUrl":"https:\/\/www.lazioinnova.it\/spazioattivo\/app\/uploads\/2024\/06\/loghi-epop-zeb.jpg","width":538,"height":235},{"@type":"BreadcrumbList","@id":"https:\/\/www.lazioinnova.it\/spazioattivo\/epop-zeb\/#breadcrumb","itemListElement":[{"@type":"ListItem","position":1,"name":"Spazio Attivo","item":"https:\/\/www.lazioinnova.it\/spazioattivo\/"},{"@type":"ListItem","position":2,"name":"Dimostratore ePop-Zeb"}]},{"@type":"WebSite","@id":"https:\/\/www.lazioinnova.it\/spazioattivo\/#website","url":"https:\/\/www.lazioinnova.it\/spazioattivo\/","name":"Spazio Attivo - LazioInnova","description":"Lazio innova","potentialAction":[{"@type":"SearchAction","target":{"@type":"EntryPoint","urlTemplate":"https:\/\/www.lazioinnova.it\/spazioattivo\/?s={search_term_string}"},"query-input":{"@type":"PropertyValueSpecification","valueRequired":true,"valueName":"search_term_string"}}],"inLanguage":"it-IT"}]}},"featured_image_src":null,"featured_image_src_square":null,"_links":{"self":[{"href":"https:\/\/www.lazioinnova.it\/spazioattivo\/wp-json\/wp\/v2\/pages\/29372","targetHints":{"allow":["GET"]}}],"collection":[{"href":"https:\/\/www.lazioinnova.it\/spazioattivo\/wp-json\/wp\/v2\/pages"}],"about":[{"href":"https:\/\/www.lazioinnova.it\/spazioattivo\/wp-json\/wp\/v2\/types\/page"}],"author":[{"embeddable":true,"href":"https:\/\/www.lazioinnova.it\/spazioattivo\/wp-json\/wp\/v2\/users\/2"}],"replies":[{"embeddable":true,"href":"https:\/\/www.lazioinnova.it\/spazioattivo\/wp-json\/wp\/v2\/comments?post=29372"}],"version-history":[{"count":13,"href":"https:\/\/www.lazioinnova.it\/spazioattivo\/wp-json\/wp\/v2\/pages\/29372\/revisions"}],"predecessor-version":[{"id":31190,"href":"https:\/\/www.lazioinnova.it\/spazioattivo\/wp-json\/wp\/v2\/pages\/29372\/revisions\/31190"}],"wp:attachment":[{"href":"https:\/\/www.lazioinnova.it\/spazioattivo\/wp-json\/wp\/v2\/media?parent=29372"}],"curies":[{"name":"wp","href":"https:\/\/api.w.org\/{rel}","templated":true}]}}