{"id":30515,"date":"2023-05-25T11:09:47","date_gmt":"2023-05-25T11:09:47","guid":{"rendered":"https:\/\/www.lazioinnova.it\/spazioattivo\/?page_id=30515"},"modified":"2024-10-07T11:23:12","modified_gmt":"2024-10-07T11:23:12","slug":"startupper-tra-i-banchi-di-scuola-presenta-la-tua-idea","status":"publish","type":"page","link":"https:\/\/www.lazioinnova.it\/spazioattivo\/startupper-tra-i-banchi-di-scuola-presenta-la-tua-idea\/","title":{"rendered":"Startupper tra i banchi di scuola &#8211; Presenta la tua idea"},"content":{"rendered":"\n<p><strong>Presenta la tua idea<\/strong> \u00e8 l&#8217;azione di Startupper tra i banchi di scuola riservata a idee, soluzioni, servizi.<\/p>\n\n\n\n<p class=\"has-text-color\" style=\"color:#007c3d;font-size:26px\"><br><br><strong>Progetto vincitore<\/strong><\/p>\n\n\n\n<p>ISTITUTO SCOLASTICO: Liceo Scientifico Statale, Ceccano<\/p>\n\n\n\n<figure class=\"wp-block-image size-large is-resized\"><img loading=\"lazy\" decoding=\"async\" width=\"1024\" height=\"293\" src=\"https:\/\/www.lazioinnova.it\/spazioattivo\/app\/uploads\/2023\/05\/Growmate-1024x293.jpg\" alt=\"\" class=\"wp-image-30536\" style=\"width:379px;height:108px\" srcset=\"https:\/\/www.lazioinnova.it\/spazioattivo\/app\/uploads\/2023\/05\/Growmate-1024x293.jpg 1024w, https:\/\/www.lazioinnova.it\/spazioattivo\/app\/uploads\/2023\/05\/Growmate-300x86.jpg 300w, https:\/\/www.lazioinnova.it\/spazioattivo\/app\/uploads\/2023\/05\/Growmate-768x220.jpg 768w, https:\/\/www.lazioinnova.it\/spazioattivo\/app\/uploads\/2023\/05\/Growmate.jpg 1408w\" sizes=\"auto, (max-width: 1024px) 100vw, 1024px\" \/><\/figure>\n\n\n\n<div class=\"ghostkit-accordion ghostkit-accordion-1\">\n<div class=\"ghostkit-accordion-item ghostkit-has-frame ghostkit-custom-ZLcYmp\" data-accordion=\"accordion-grow-mate\"><div class=\"ghostkit-accordion-item-heading\"><button type=\"button\" id=\"accordion-grow-mate-button\" aria-expanded=\"false\" aria-controls=\"accordion-grow-mate-content\"><span class=\"ghostkit-accordion-item-label\"><strong>Grow Mate<\/strong><\/span><span class=\"ghostkit-accordion-item-collapse\"><svg class=\"ghostkit-svg-icon\" width=\"24\" height=\"24\" viewBox=\"0 0 24 24\" fill=\"none\" xmlns=\"http:\/\/www.w3.org\/2000\/svg\"><path d=\"M9.21967 6.2197C9.51256 5.9268 9.98744 5.9268 10.2803 6.2197L15.5303 11.4697C15.8232 11.7626 15.8232 12.2374 15.5303 12.5303L10.2803 17.7803C9.98744 18.0732 9.51256 18.0732 9.21967 17.7803C8.92678 17.4874 8.92678 17.0126 9.21967 16.7197L13.9393 12L9.21967 7.2803C8.92678 6.9874 8.92678 6.5126 9.21967 6.2197Z\" fill=\"currentColor\"><\/path><\/svg><\/span><\/button><\/div><div id=\"accordion-grow-mate-content\" class=\"ghostkit-accordion-item-content is-layout-flow wp-block-accordion-item-is-layout-flow\" role=\"region\" aria-labelledby=\"accordion-grow-mate-button\">\n<p>Sensore progettato in 3 modalit\u00e0 diverse per il monitoraggio dei terreni (soprattutto agricoli)<\/p>\n<\/div><\/div>\n<\/div>\n\n\n\n<figure class=\"wp-block-embed is-provider-youtube wp-block-embed-youtube\"><div class=\"wp-block-embed__wrapper\">\n<iframe loading=\"lazy\" title=\"Startupper School Academy 22-23 - GrowMate\" width=\"640\" height=\"360\" src=\"https:\/\/www.youtube.com\/embed\/Uq-4y3j1yXs?feature=oembed\" frameborder=\"0\" allow=\"accelerometer; autoplay; clipboard-write; encrypted-media; gyroscope; picture-in-picture; web-share\" referrerpolicy=\"strict-origin-when-cross-origin\" allowfullscreen><\/iframe>\n<\/div><\/figure>\n\n\n\n<p>L&#8217;istituto ha ottenuto un premio di 1.500 euro, al lordo delle imposte previste.<\/p>\n\n\n\n<p class=\"has-text-color\" style=\"color:#007c3d;font-size:26px\"><br><br><br><strong>Menzione Speciale<\/strong><\/p>\n\n\n\n<p>ISTITUTO SCOLASTICO: I.I.S.S. Vincenzo Cardarelli, Tarquinia (VT)<\/p>\n\n\n\n<figure class=\"wp-block-image size-large is-resized\"><img loading=\"lazy\" decoding=\"async\" width=\"1024\" height=\"423\" src=\"https:\/\/www.lazioinnova.it\/spazioattivo\/app\/uploads\/2023\/05\/Hydra-1024x423.jpg\" alt=\"\" class=\"wp-image-30538\" style=\"width:372px;height:153px\" srcset=\"https:\/\/www.lazioinnova.it\/spazioattivo\/app\/uploads\/2023\/05\/Hydra-1024x423.jpg 1024w, https:\/\/www.lazioinnova.it\/spazioattivo\/app\/uploads\/2023\/05\/Hydra-300x124.jpg 300w, https:\/\/www.lazioinnova.it\/spazioattivo\/app\/uploads\/2023\/05\/Hydra-768x317.jpg 768w, https:\/\/www.lazioinnova.it\/spazioattivo\/app\/uploads\/2023\/05\/Hydra.jpg 1191w\" sizes=\"auto, (max-width: 1024px) 100vw, 1024px\" \/><\/figure>\n\n\n\n<div class=\"ghostkit-accordion ghostkit-accordion-1\">\n<div class=\"ghostkit-accordion-item ghostkit-has-frame ghostkit-custom-Z1JP99X\" data-accordion=\"accordion-hydra\"><div class=\"ghostkit-accordion-item-heading\"><button type=\"button\" id=\"accordion-hydra-button\" aria-expanded=\"false\" aria-controls=\"accordion-hydra-content\"><span class=\"ghostkit-accordion-item-label\"><strong>Hydra<\/strong><\/span><span class=\"ghostkit-accordion-item-collapse\"><svg class=\"ghostkit-svg-icon\" width=\"24\" height=\"24\" viewBox=\"0 0 24 24\" fill=\"none\" xmlns=\"http:\/\/www.w3.org\/2000\/svg\"><path d=\"M9.21967 6.2197C9.51256 5.9268 9.98744 5.9268 10.2803 6.2197L15.5303 11.4697C15.8232 11.7626 15.8232 12.2374 15.5303 12.5303L10.2803 17.7803C9.98744 18.0732 9.51256 18.0732 9.21967 17.7803C8.92678 17.4874 8.92678 17.0126 9.21967 16.7197L13.9393 12L9.21967 7.2803C8.92678 6.9874 8.92678 6.5126 9.21967 6.2197Z\" fill=\"currentColor\"><\/path><\/svg><\/span><\/button><\/div><div id=\"accordion-hydra-content\" class=\"ghostkit-accordion-item-content is-layout-flow wp-block-accordion-item-is-layout-flow\" role=\"region\" aria-labelledby=\"accordion-hydra-button\">\n<p>La risposta all&#8217;inquinamento della plastica del mare: i dati satellitari verranno utilizzati per individuare isole di plastica. <br>Il materiale inquinante verr\u00e0 recuperato e riciclato dando vita a progetti di economia circolare di cui beneficer\u00e0 la comunit\u00e0 locale.<\/p>\n<\/div><\/div>\n<\/div>\n\n\n\n<figure class=\"wp-block-embed is-provider-youtube wp-block-embed-youtube\"><div class=\"wp-block-embed__wrapper\">\n<iframe loading=\"lazy\" title=\"Startupper School Academy - Hydra\" width=\"640\" height=\"360\" src=\"https:\/\/www.youtube.com\/embed\/BnBFz-6tMK0?feature=oembed\" frameborder=\"0\" allow=\"accelerometer; autoplay; clipboard-write; encrypted-media; gyroscope; picture-in-picture; web-share\" referrerpolicy=\"strict-origin-when-cross-origin\" allowfullscreen><\/iframe>\n<\/div><\/figure>\n\n\n\n<p>Il team parteciper\u00e0 a un workshop specialistico di ingegnerizzazione del progetto erogato da Lazio Innova, tramite il Fablab regionale.<br><br><br><br><br><\/p>\n","protected":false},"excerpt":{"rendered":"<p>Presenta la tua idea \u00e8 l&#8217;azione di Startupper tra i banchi di scuola riservata a idee, soluzioni, servizi. Progetto vincitore ISTITUTO SCOLASTICO: Liceo Scientifico Statale, Ceccano L&#8217;istituto ha ottenuto un premio di 1.500 euro, al lordo delle imposte previste. Menzione Speciale ISTITUTO SCOLASTICO: I.I.S.S. Vincenzo Cardarelli, Tarquinia (VT) Il team parteciper\u00e0 a un workshop specialistico [&hellip;]<\/p>\n","protected":false},"author":2,"featured_media":0,"parent":0,"menu_order":0,"comment_status":"closed","ping_status":"closed","template":"","meta":{"_acf_changed":false,"ghostkit_customizer_options":"","ghostkit_custom_css":"","ghostkit_custom_js_head":"","ghostkit_custom_js_foot":"","ghostkit_typography":"","footnotes":""},"class_list":["post-30515","page","type-page","status-publish","hentry"],"acf":[],"yoast_head":"<!-- This site is optimized with the Yoast SEO plugin v24.2 - https:\/\/yoast.com\/wordpress\/plugins\/seo\/ -->\n<title>Startupper tra i banchi di scuola - Presenta la tua idea - Spazio Attivo - LazioInnova<\/title>\n<meta name=\"robots\" content=\"index, follow, max-snippet:-1, max-image-preview:large, max-video-preview:-1\" \/>\n<link rel=\"canonical\" href=\"https:\/\/www.lazioinnova.it\/spazioattivo\/startupper-tra-i-banchi-di-scuola-presenta-la-tua-idea\/\" \/>\n<meta property=\"og:locale\" content=\"it_IT\" \/>\n<meta property=\"og:type\" content=\"article\" \/>\n<meta property=\"og:title\" content=\"Startupper tra i banchi di scuola - Presenta la tua idea - Spazio Attivo - LazioInnova\" \/>\n<meta property=\"og:description\" content=\"Presenta la tua idea \u00e8 l&#8217;azione di Startupper tra i banchi di scuola riservata a idee, soluzioni, servizi. Progetto vincitore ISTITUTO SCOLASTICO: Liceo Scientifico Statale, Ceccano L&#8217;istituto ha ottenuto un premio di 1.500 euro, al lordo delle imposte previste. Menzione Speciale ISTITUTO SCOLASTICO: I.I.S.S. Vincenzo Cardarelli, Tarquinia (VT) Il team parteciper\u00e0 a un workshop specialistico [&hellip;]\" \/>\n<meta property=\"og:url\" content=\"https:\/\/www.lazioinnova.it\/spazioattivo\/startupper-tra-i-banchi-di-scuola-presenta-la-tua-idea\/\" \/>\n<meta property=\"og:site_name\" content=\"Spazio Attivo - LazioInnova\" \/>\n<meta property=\"article:modified_time\" content=\"2024-10-07T11:23:12+00:00\" \/>\n<meta property=\"og:image\" content=\"https:\/\/www.lazioinnova.it\/spazioattivo\/app\/uploads\/2023\/05\/Growmate-1024x293.jpg\" \/>\n<meta name=\"twitter:card\" content=\"summary_large_image\" \/>\n<meta name=\"twitter:label1\" content=\"Est. reading time\" \/>\n\t<meta name=\"twitter:data1\" content=\"2 minuti\" \/>\n<script type=\"application\/ld+json\" class=\"yoast-schema-graph\">{\"@context\":\"https:\/\/schema.org\",\"@graph\":[{\"@type\":\"WebPage\",\"@id\":\"https:\/\/www.lazioinnova.it\/spazioattivo\/startupper-tra-i-banchi-di-scuola-presenta-la-tua-idea\/\",\"url\":\"https:\/\/www.lazioinnova.it\/spazioattivo\/startupper-tra-i-banchi-di-scuola-presenta-la-tua-idea\/\",\"name\":\"Startupper tra i banchi di scuola - Presenta la tua idea - Spazio Attivo - LazioInnova\",\"isPartOf\":{\"@id\":\"https:\/\/www.lazioinnova.it\/spazioattivo\/#website\"},\"primaryImageOfPage\":{\"@id\":\"https:\/\/www.lazioinnova.it\/spazioattivo\/startupper-tra-i-banchi-di-scuola-presenta-la-tua-idea\/#primaryimage\"},\"image\":{\"@id\":\"https:\/\/www.lazioinnova.it\/spazioattivo\/startupper-tra-i-banchi-di-scuola-presenta-la-tua-idea\/#primaryimage\"},\"thumbnailUrl\":\"https:\/\/www.lazioinnova.it\/spazioattivo\/app\/uploads\/2023\/05\/Growmate-1024x293.jpg\",\"datePublished\":\"2023-05-25T11:09:47+00:00\",\"dateModified\":\"2024-10-07T11:23:12+00:00\",\"breadcrumb\":{\"@id\":\"https:\/\/www.lazioinnova.it\/spazioattivo\/startupper-tra-i-banchi-di-scuola-presenta-la-tua-idea\/#breadcrumb\"},\"inLanguage\":\"it-IT\",\"potentialAction\":[{\"@type\":\"ReadAction\",\"target\":[\"https:\/\/www.lazioinnova.it\/spazioattivo\/startupper-tra-i-banchi-di-scuola-presenta-la-tua-idea\/\"]}]},{\"@type\":\"ImageObject\",\"inLanguage\":\"it-IT\",\"@id\":\"https:\/\/www.lazioinnova.it\/spazioattivo\/startupper-tra-i-banchi-di-scuola-presenta-la-tua-idea\/#primaryimage\",\"url\":\"https:\/\/www.lazioinnova.it\/spazioattivo\/app\/uploads\/2023\/05\/Growmate.jpg\",\"contentUrl\":\"https:\/\/www.lazioinnova.it\/spazioattivo\/app\/uploads\/2023\/05\/Growmate.jpg\",\"width\":1408,\"height\":403},{\"@type\":\"BreadcrumbList\",\"@id\":\"https:\/\/www.lazioinnova.it\/spazioattivo\/startupper-tra-i-banchi-di-scuola-presenta-la-tua-idea\/#breadcrumb\",\"itemListElement\":[{\"@type\":\"ListItem\",\"position\":1,\"name\":\"Spazio Attivo\",\"item\":\"https:\/\/www.lazioinnova.it\/spazioattivo\/\"},{\"@type\":\"ListItem\",\"position\":2,\"name\":\"Startupper tra i banchi di scuola &#8211; Presenta la tua idea\"}]},{\"@type\":\"WebSite\",\"@id\":\"https:\/\/www.lazioinnova.it\/spazioattivo\/#website\",\"url\":\"https:\/\/www.lazioinnova.it\/spazioattivo\/\",\"name\":\"Spazio Attivo - LazioInnova\",\"description\":\"Lazio innova\",\"potentialAction\":[{\"@type\":\"SearchAction\",\"target\":{\"@type\":\"EntryPoint\",\"urlTemplate\":\"https:\/\/www.lazioinnova.it\/spazioattivo\/?s={search_term_string}\"},\"query-input\":{\"@type\":\"PropertyValueSpecification\",\"valueRequired\":true,\"valueName\":\"search_term_string\"}}],\"inLanguage\":\"it-IT\"}]}<\/script>\n<!-- \/ Yoast SEO plugin. -->","yoast_head_json":{"title":"Startupper tra i banchi di scuola - Presenta la tua idea - Spazio Attivo - LazioInnova","robots":{"index":"index","follow":"follow","max-snippet":"max-snippet:-1","max-image-preview":"max-image-preview:large","max-video-preview":"max-video-preview:-1"},"canonical":"https:\/\/www.lazioinnova.it\/spazioattivo\/startupper-tra-i-banchi-di-scuola-presenta-la-tua-idea\/","og_locale":"it_IT","og_type":"article","og_title":"Startupper tra i banchi di scuola - Presenta la tua idea - Spazio Attivo - LazioInnova","og_description":"Presenta la tua idea \u00e8 l&#8217;azione di Startupper tra i banchi di scuola riservata a idee, soluzioni, servizi. Progetto vincitore ISTITUTO SCOLASTICO: Liceo Scientifico Statale, Ceccano L&#8217;istituto ha ottenuto un premio di 1.500 euro, al lordo delle imposte previste. Menzione Speciale ISTITUTO SCOLASTICO: I.I.S.S. Vincenzo Cardarelli, Tarquinia (VT) Il team parteciper\u00e0 a un workshop specialistico [&hellip;]","og_url":"https:\/\/www.lazioinnova.it\/spazioattivo\/startupper-tra-i-banchi-di-scuola-presenta-la-tua-idea\/","og_site_name":"Spazio Attivo - LazioInnova","article_modified_time":"2024-10-07T11:23:12+00:00","og_image":[{"url":"https:\/\/www.lazioinnova.it\/spazioattivo\/app\/uploads\/2023\/05\/Growmate-1024x293.jpg","type":"","width":"","height":""}],"twitter_card":"summary_large_image","twitter_misc":{"Est. reading time":"2 minuti"},"schema":{"@context":"https:\/\/schema.org","@graph":[{"@type":"WebPage","@id":"https:\/\/www.lazioinnova.it\/spazioattivo\/startupper-tra-i-banchi-di-scuola-presenta-la-tua-idea\/","url":"https:\/\/www.lazioinnova.it\/spazioattivo\/startupper-tra-i-banchi-di-scuola-presenta-la-tua-idea\/","name":"Startupper tra i banchi di scuola - Presenta la tua idea - Spazio Attivo - LazioInnova","isPartOf":{"@id":"https:\/\/www.lazioinnova.it\/spazioattivo\/#website"},"primaryImageOfPage":{"@id":"https:\/\/www.lazioinnova.it\/spazioattivo\/startupper-tra-i-banchi-di-scuola-presenta-la-tua-idea\/#primaryimage"},"image":{"@id":"https:\/\/www.lazioinnova.it\/spazioattivo\/startupper-tra-i-banchi-di-scuola-presenta-la-tua-idea\/#primaryimage"},"thumbnailUrl":"https:\/\/www.lazioinnova.it\/spazioattivo\/app\/uploads\/2023\/05\/Growmate-1024x293.jpg","datePublished":"2023-05-25T11:09:47+00:00","dateModified":"2024-10-07T11:23:12+00:00","breadcrumb":{"@id":"https:\/\/www.lazioinnova.it\/spazioattivo\/startupper-tra-i-banchi-di-scuola-presenta-la-tua-idea\/#breadcrumb"},"inLanguage":"it-IT","potentialAction":[{"@type":"ReadAction","target":["https:\/\/www.lazioinnova.it\/spazioattivo\/startupper-tra-i-banchi-di-scuola-presenta-la-tua-idea\/"]}]},{"@type":"ImageObject","inLanguage":"it-IT","@id":"https:\/\/www.lazioinnova.it\/spazioattivo\/startupper-tra-i-banchi-di-scuola-presenta-la-tua-idea\/#primaryimage","url":"https:\/\/www.lazioinnova.it\/spazioattivo\/app\/uploads\/2023\/05\/Growmate.jpg","contentUrl":"https:\/\/www.lazioinnova.it\/spazioattivo\/app\/uploads\/2023\/05\/Growmate.jpg","width":1408,"height":403},{"@type":"BreadcrumbList","@id":"https:\/\/www.lazioinnova.it\/spazioattivo\/startupper-tra-i-banchi-di-scuola-presenta-la-tua-idea\/#breadcrumb","itemListElement":[{"@type":"ListItem","position":1,"name":"Spazio Attivo","item":"https:\/\/www.lazioinnova.it\/spazioattivo\/"},{"@type":"ListItem","position":2,"name":"Startupper tra i banchi di scuola &#8211; Presenta la tua idea"}]},{"@type":"WebSite","@id":"https:\/\/www.lazioinnova.it\/spazioattivo\/#website","url":"https:\/\/www.lazioinnova.it\/spazioattivo\/","name":"Spazio Attivo - LazioInnova","description":"Lazio innova","potentialAction":[{"@type":"SearchAction","target":{"@type":"EntryPoint","urlTemplate":"https:\/\/www.lazioinnova.it\/spazioattivo\/?s={search_term_string}"},"query-input":{"@type":"PropertyValueSpecification","valueRequired":true,"valueName":"search_term_string"}}],"inLanguage":"it-IT"}]}},"featured_image_src":null,"featured_image_src_square":null,"_links":{"self":[{"href":"https:\/\/www.lazioinnova.it\/spazioattivo\/wp-json\/wp\/v2\/pages\/30515","targetHints":{"allow":["GET"]}}],"collection":[{"href":"https:\/\/www.lazioinnova.it\/spazioattivo\/wp-json\/wp\/v2\/pages"}],"about":[{"href":"https:\/\/www.lazioinnova.it\/spazioattivo\/wp-json\/wp\/v2\/types\/page"}],"author":[{"embeddable":true,"href":"https:\/\/www.lazioinnova.it\/spazioattivo\/wp-json\/wp\/v2\/users\/2"}],"replies":[{"embeddable":true,"href":"https:\/\/www.lazioinnova.it\/spazioattivo\/wp-json\/wp\/v2\/comments?post=30515"}],"version-history":[{"count":12,"href":"https:\/\/www.lazioinnova.it\/spazioattivo\/wp-json\/wp\/v2\/pages\/30515\/revisions"}],"predecessor-version":[{"id":31286,"href":"https:\/\/www.lazioinnova.it\/spazioattivo\/wp-json\/wp\/v2\/pages\/30515\/revisions\/31286"}],"wp:attachment":[{"href":"https:\/\/www.lazioinnova.it\/spazioattivo\/wp-json\/wp\/v2\/media?parent=30515"}],"curies":[{"name":"wp","href":"https:\/\/api.w.org\/{rel}","templated":true}]}}