{"id":30517,"date":"2023-05-25T11:33:43","date_gmt":"2023-05-25T11:33:43","guid":{"rendered":"https:\/\/www.lazioinnova.it\/spazioattivo\/?page_id=30517"},"modified":"2023-05-29T12:24:26","modified_gmt":"2023-05-29T12:24:26","slug":"startupper-tra-i-banchi-di-scuola-spaceschool","status":"publish","type":"page","link":"https:\/\/www.lazioinnova.it\/spazioattivo\/startupper-tra-i-banchi-di-scuola-spaceschool\/","title":{"rendered":"Startupper tra i banchi di scuola &#8211; Space@school"},"content":{"rendered":"<div class=\"wp-block-image\">\n<figure class=\"aligncenter size-full is-resized\"><img loading=\"lazy\" decoding=\"async\" src=\"https:\/\/www.lazioinnova.it\/spazioattivo\/app\/uploads\/2023\/05\/mindsharing-1.png\" alt=\"\" class=\"wp-image-30564\" width=\"250\" height=\"188\" srcset=\"https:\/\/www.lazioinnova.it\/spazioattivo\/app\/uploads\/2023\/05\/mindsharing-1.png 400w, https:\/\/www.lazioinnova.it\/spazioattivo\/app\/uploads\/2023\/05\/mindsharing-1-300x225.png 300w\" sizes=\"auto, (max-width: 250px) 100vw, 250px\" \/><\/figure><\/div>\n\n\n<p><br><strong>Space@school<\/strong> \u00e8 il contest innovativo di Startupper tra i banchi di scuola organizzato in collaborazione con <strong>Mind-sharing.tech <\/strong>dedicato alle tecnologie spaziali e alla space economy.<\/p>\n\n\n\n<p class=\"has-text-color\" style=\"color:#007c3d;font-size:26px\"><br><br><strong>Vincitore categoria &#8220;Astroheroes&#8221;<\/strong><\/p>\n\n\n\n<p>ISTITUTO SCOLASTICO: Liceo Scientifico Louis Pasteur, Roma <\/p>\n\n\n\n<figure class=\"wp-block-image size-full is-resized\"><img loading=\"lazy\" decoding=\"async\" src=\"https:\/\/www.lazioinnova.it\/spazioattivo\/app\/uploads\/2023\/05\/QPot.jpg\" alt=\"\" class=\"wp-image-30498\" width=\"275\" height=\"276\" srcset=\"https:\/\/www.lazioinnova.it\/spazioattivo\/app\/uploads\/2023\/05\/QPot.jpg 856w, https:\/\/www.lazioinnova.it\/spazioattivo\/app\/uploads\/2023\/05\/QPot-298x300.jpg 298w, https:\/\/www.lazioinnova.it\/spazioattivo\/app\/uploads\/2023\/05\/QPot-150x150.jpg 150w, https:\/\/www.lazioinnova.it\/spazioattivo\/app\/uploads\/2023\/05\/QPot-768x772.jpg 768w, https:\/\/www.lazioinnova.it\/spazioattivo\/app\/uploads\/2023\/05\/QPot-600x600.jpg 600w\" sizes=\"auto, (max-width: 275px) 100vw, 275px\" \/><\/figure>\n\n\n\n<div class=\"ghostkit-accordion ghostkit-accordion-1\">\n<div class=\"ghostkit-accordion-item ghostkit-has-frame ghostkit-custom-ZYetlW\"><a href=\"#accordion-q-pot\" class=\"ghostkit-accordion-item-heading\"><span class=\"ghostkit-accordion-item-label\"><strong>Q-Pot<\/strong><\/span><span class=\"ghostkit-accordion-item-collapse\"><svg class=\"ghostkit-svg-icon\" width=\"24\" height=\"24\" viewBox=\"0 0 24 24\" fill=\"none\" xmlns=\"http:\/\/www.w3.org\/2000\/svg\"><path d=\"M9.21967 6.2197C9.51256 5.9268 9.98744 5.9268 10.2803 6.2197L15.5303 11.4697C15.8232 11.7626 15.8232 12.2374 15.5303 12.5303L10.2803 17.7803C9.98744 18.0732 9.51256 18.0732 9.21967 17.7803C8.92678 17.4874 8.92678 17.0126 9.21967 16.7197L13.9393 12L9.21967 7.2803C8.92678 6.9874 8.92678 6.5126 9.21967 6.2197Z\" fill=\"currentColor\"><\/path><\/svg><\/span><\/a><div class=\"ghostkit-accordion-item-content is-layout-flow wp-block-accordion-item-is-layout-flow\">\n<p>Q-POT \u00e8 un vaso di forma cubica componibile, con un sistema di auto-irrigazione intelligente integrato<\/p>\n<\/div><\/div>\n<\/div>\n\n\n\n<figure class=\"wp-block-embed is-provider-youtube wp-block-embed-youtube\"><div class=\"wp-block-embed__wrapper\">\n<iframe loading=\"lazy\" title=\"Startupper School Academy 22-23 - QPot\" width=\"640\" height=\"360\" src=\"https:\/\/www.youtube.com\/embed\/qC14JxIJtaY?feature=oembed\" frameborder=\"0\" allow=\"accelerometer; autoplay; clipboard-write; encrypted-media; gyroscope; picture-in-picture; web-share\" referrerpolicy=\"strict-origin-when-cross-origin\" allowfullscreen><\/iframe>\n<\/div><\/figure>\n\n\n\n<p class=\"has-text-color\" style=\"color:#007c3d;font-size:26px\"><br><\/p>\n\n\n\n<p class=\"has-text-color\" style=\"color:#007c3d;font-size:26px\"><br><strong>Vincitore categoria &#8220;Astrogirls&#8221;<\/strong><\/p>\n\n\n\n<p>ISTITUTO SCOLASTICO: I.I.S.S. Vincenzo Cardarelli, Tarquinia (VT)<\/p>\n\n\n\n<figure class=\"wp-block-image size-large is-resized\"><img loading=\"lazy\" decoding=\"async\" src=\"https:\/\/www.lazioinnova.it\/spazioattivo\/app\/uploads\/2023\/05\/Hydra-1024x423.jpg\" alt=\"\" class=\"wp-image-30538\" width=\"309\" height=\"127\" srcset=\"https:\/\/www.lazioinnova.it\/spazioattivo\/app\/uploads\/2023\/05\/Hydra-1024x423.jpg 1024w, https:\/\/www.lazioinnova.it\/spazioattivo\/app\/uploads\/2023\/05\/Hydra-300x124.jpg 300w, https:\/\/www.lazioinnova.it\/spazioattivo\/app\/uploads\/2023\/05\/Hydra-768x317.jpg 768w, https:\/\/www.lazioinnova.it\/spazioattivo\/app\/uploads\/2023\/05\/Hydra.jpg 1191w\" sizes=\"auto, (max-width: 309px) 100vw, 309px\" \/><\/figure>\n\n\n\n<div class=\"ghostkit-accordion ghostkit-accordion-1\">\n<div class=\"ghostkit-accordion-item ghostkit-has-frame ghostkit-custom-22pLVj\"><a href=\"#accordion-hydra\" class=\"ghostkit-accordion-item-heading\"><span class=\"ghostkit-accordion-item-label\"><strong>Hydra<\/strong><\/span><span class=\"ghostkit-accordion-item-collapse\"><svg class=\"ghostkit-svg-icon\" width=\"24\" height=\"24\" viewBox=\"0 0 24 24\" fill=\"none\" xmlns=\"http:\/\/www.w3.org\/2000\/svg\"><path d=\"M9.21967 6.2197C9.51256 5.9268 9.98744 5.9268 10.2803 6.2197L15.5303 11.4697C15.8232 11.7626 15.8232 12.2374 15.5303 12.5303L10.2803 17.7803C9.98744 18.0732 9.51256 18.0732 9.21967 17.7803C8.92678 17.4874 8.92678 17.0126 9.21967 16.7197L13.9393 12L9.21967 7.2803C8.92678 6.9874 8.92678 6.5126 9.21967 6.2197Z\" fill=\"currentColor\"><\/path><\/svg><\/span><\/a><div class=\"ghostkit-accordion-item-content is-layout-flow wp-block-accordion-item-is-layout-flow\">\n<p>La risposta all&#8217;inquinamento della plastica del mare: i dati satellitari verranno utilizzati per individuare isole di plastica. <br>Il materiale inquinante verr\u00e0 recuperato e riciclato dando vita a progetti di economia circolare di cui beneficer\u00e0 la comunit\u00e0 locale.<\/p>\n<\/div><\/div>\n<\/div>\n\n\n\n<figure class=\"wp-block-embed is-provider-youtube wp-block-embed-youtube\"><div class=\"wp-block-embed__wrapper\">\n<iframe loading=\"lazy\" title=\"Startupper School Academy - Hydra\" width=\"640\" height=\"360\" src=\"https:\/\/www.youtube.com\/embed\/BnBFz-6tMK0?feature=oembed\" frameborder=\"0\" allow=\"accelerometer; autoplay; clipboard-write; encrypted-media; gyroscope; picture-in-picture; web-share\" referrerpolicy=\"strict-origin-when-cross-origin\" allowfullscreen><\/iframe>\n<\/div><\/figure>\n\n\n\n<p>I due team hanno ottenuto:<\/p>\n\n\n\n<ul class=\"wp-block-list\">\n<li>Mentoring di 8 ore affiancati dagli esperti MindSharing.tech per la preparazione alla partecipazione all&#8217;hackathon pi\u00f9 grande del sistema solare &#8220;NASA International Space Apps Challenge&#8221;<\/li>\n\n\n\n<li>Mentoring di 8 ore affiancati da esperti dell\u2019ESA Business Incubation Centre di Lazio Innova per la comprensione dei requisiti di una startup innovativa nei settori dell\u2019economia dello Spazio <\/li>\n\n\n\n<li>Partecipazione in veste di Ambassador di MindSharing.tech agli eventi organizzati da MindSharing.tech e partner del network (esempio: Notte Europea Dei Ricercatori, Maker Faire Rome, Space Apps Challenge).<\/li>\n\n\n\n<li>Goodie bag con gadget brandizzati di MindSharing.tech e partner per ogni componente del team.  <br><\/li>\n<\/ul>\n\n\n\n<p class=\"has-text-color\" style=\"color:#007c3d;font-size:28px\"><br><br><br><strong>Menzioni speciali<\/strong><\/p>\n\n\n\n<p>ISTITUTO SCOLASTICO: Liceo Scientifico Marconi, Colleferro (RM)<\/p>\n\n\n\n<figure class=\"wp-block-image size-full is-resized\"><img loading=\"lazy\" decoding=\"async\" src=\"https:\/\/www.lazioinnova.it\/spazioattivo\/app\/uploads\/2023\/05\/Eco-Change.jpg\" alt=\"\" class=\"wp-image-30551\" width=\"254\" height=\"185\" srcset=\"https:\/\/www.lazioinnova.it\/spazioattivo\/app\/uploads\/2023\/05\/Eco-Change.jpg 740w, https:\/\/www.lazioinnova.it\/spazioattivo\/app\/uploads\/2023\/05\/Eco-Change-300x219.jpg 300w\" sizes=\"auto, (max-width: 254px) 100vw, 254px\" \/><\/figure>\n\n\n\n<div class=\"ghostkit-accordion ghostkit-accordion-1\">\n<div class=\"ghostkit-accordion-item ghostkit-has-frame ghostkit-custom-1wynit\"><a href=\"#accordion-eco-change\" class=\"ghostkit-accordion-item-heading\"><span class=\"ghostkit-accordion-item-label\"><strong>Eco Change<\/strong><\/span><span class=\"ghostkit-accordion-item-collapse\"><svg class=\"ghostkit-svg-icon\" width=\"24\" height=\"24\" viewBox=\"0 0 24 24\" fill=\"none\" xmlns=\"http:\/\/www.w3.org\/2000\/svg\"><path d=\"M9.21967 6.2197C9.51256 5.9268 9.98744 5.9268 10.2803 6.2197L15.5303 11.4697C15.8232 11.7626 15.8232 12.2374 15.5303 12.5303L10.2803 17.7803C9.98744 18.0732 9.51256 18.0732 9.21967 17.7803C8.92678 17.4874 8.92678 17.0126 9.21967 16.7197L13.9393 12L9.21967 7.2803C8.92678 6.9874 8.92678 6.5126 9.21967 6.2197Z\" fill=\"currentColor\"><\/path><\/svg><\/span><\/a><div class=\"ghostkit-accordion-item-content is-layout-flow wp-block-accordion-item-is-layout-flow\">\n<p>Combustibile che genera energia limitando l&#8217;inquinamento atmosferico<\/p>\n<\/div><\/div>\n<\/div>\n\n\n\n<figure class=\"wp-block-image size-full is-resized\"><img loading=\"lazy\" decoding=\"async\" src=\"https:\/\/www.lazioinnova.it\/spazioattivo\/app\/uploads\/2023\/05\/Space-Cleaner.jpg\" alt=\"\" class=\"wp-image-30553\" width=\"266\" height=\"184\" srcset=\"https:\/\/www.lazioinnova.it\/spazioattivo\/app\/uploads\/2023\/05\/Space-Cleaner.jpg 589w, https:\/\/www.lazioinnova.it\/spazioattivo\/app\/uploads\/2023\/05\/Space-Cleaner-300x207.jpg 300w\" sizes=\"auto, (max-width: 266px) 100vw, 266px\" \/><\/figure>\n\n\n\n<div class=\"ghostkit-accordion ghostkit-accordion-1\">\n<div class=\"ghostkit-accordion-item ghostkit-has-frame ghostkit-custom-1Et02H\"><a href=\"#accordion-space-cleaner\" class=\"ghostkit-accordion-item-heading\"><span class=\"ghostkit-accordion-item-label\"><strong>Space Cleaner<\/strong><\/span><span class=\"ghostkit-accordion-item-collapse\"><svg class=\"ghostkit-svg-icon\" width=\"24\" height=\"24\" viewBox=\"0 0 24 24\" fill=\"none\" xmlns=\"http:\/\/www.w3.org\/2000\/svg\"><path d=\"M9.21967 6.2197C9.51256 5.9268 9.98744 5.9268 10.2803 6.2197L15.5303 11.4697C15.8232 11.7626 15.8232 12.2374 15.5303 12.5303L10.2803 17.7803C9.98744 18.0732 9.51256 18.0732 9.21967 17.7803C8.92678 17.4874 8.92678 17.0126 9.21967 16.7197L13.9393 12L9.21967 7.2803C8.92678 6.9874 8.92678 6.5126 9.21967 6.2197Z\" fill=\"currentColor\"><\/path><\/svg><\/span><\/a><div class=\"ghostkit-accordion-item-content is-layout-flow wp-block-accordion-item-is-layout-flow\">\n<p>App\/videogioco, in cui i giocatori devono \u201csparare\u201d ai detriti vaganti dei vecchi satelliti e cos\u00ec facendo accumuleranno punti che serviranno per costruire i nuovi satelliti.<\/p>\n<\/div><\/div>\n<\/div>\n\n\n\n<p>Il partner dell\u2019iniziativa Space@School D-Orbit, ha selezionato i team per una visita presso la propria sede di Fino Mornasco (CO).<br><br><br><br><\/p>\n","protected":false},"excerpt":{"rendered":"<p>Space@school \u00e8 il contest innovativo di Startupper tra i banchi di scuola organizzato in collaborazione con Mind-sharing.tech dedicato alle tecnologie spaziali e alla space economy. Vincitore categoria &#8220;Astroheroes&#8221; ISTITUTO SCOLASTICO: Liceo Scientifico Louis Pasteur, Roma Vincitore categoria &#8220;Astrogirls&#8221; ISTITUTO SCOLASTICO: I.I.S.S. Vincenzo Cardarelli, Tarquinia (VT) I due team hanno ottenuto: Menzioni speciali ISTITUTO SCOLASTICO: Liceo [&hellip;]<\/p>\n","protected":false},"author":2,"featured_media":0,"parent":0,"menu_order":0,"comment_status":"closed","ping_status":"closed","template":"","meta":{"_acf_changed":false,"ghostkit_customizer_options":"","ghostkit_custom_css":"","ghostkit_custom_js_head":"","ghostkit_custom_js_foot":"","ghostkit_typography":"","footnotes":""},"class_list":["post-30517","page","type-page","status-publish","hentry"],"acf":[],"yoast_head":"<!-- This site is optimized with the Yoast SEO plugin v24.2 - https:\/\/yoast.com\/wordpress\/plugins\/seo\/ -->\n<title>Startupper tra i banchi di scuola - Space@school - Spazio Attivo - LazioInnova<\/title>\n<meta name=\"robots\" content=\"index, follow, max-snippet:-1, max-image-preview:large, max-video-preview:-1\" \/>\n<link rel=\"canonical\" href=\"https:\/\/www.lazioinnova.it\/spazioattivo\/startupper-tra-i-banchi-di-scuola-spaceschool\/\" \/>\n<meta property=\"og:locale\" content=\"it_IT\" \/>\n<meta property=\"og:type\" content=\"article\" \/>\n<meta property=\"og:title\" content=\"Startupper tra i banchi di scuola - Space@school - Spazio Attivo - LazioInnova\" \/>\n<meta property=\"og:description\" content=\"Space@school \u00e8 il contest innovativo di Startupper tra i banchi di scuola organizzato in collaborazione con Mind-sharing.tech dedicato alle tecnologie spaziali e alla space economy. Vincitore categoria &#8220;Astroheroes&#8221; ISTITUTO SCOLASTICO: Liceo Scientifico Louis Pasteur, Roma Vincitore categoria &#8220;Astrogirls&#8221; ISTITUTO SCOLASTICO: I.I.S.S. Vincenzo Cardarelli, Tarquinia (VT) I due team hanno ottenuto: Menzioni speciali ISTITUTO SCOLASTICO: Liceo [&hellip;]\" \/>\n<meta property=\"og:url\" content=\"https:\/\/www.lazioinnova.it\/spazioattivo\/startupper-tra-i-banchi-di-scuola-spaceschool\/\" \/>\n<meta property=\"og:site_name\" content=\"Spazio Attivo - LazioInnova\" \/>\n<meta property=\"article:modified_time\" content=\"2023-05-29T12:24:26+00:00\" \/>\n<meta property=\"og:image\" content=\"https:\/\/www.lazioinnova.it\/spazioattivo\/app\/uploads\/2023\/05\/mindsharing-1.png\" \/>\n<meta name=\"twitter:card\" content=\"summary_large_image\" \/>\n<meta name=\"twitter:label1\" content=\"Est. reading time\" \/>\n\t<meta name=\"twitter:data1\" content=\"3 minuti\" \/>\n<script type=\"application\/ld+json\" class=\"yoast-schema-graph\">{\"@context\":\"https:\/\/schema.org\",\"@graph\":[{\"@type\":\"WebPage\",\"@id\":\"https:\/\/www.lazioinnova.it\/spazioattivo\/startupper-tra-i-banchi-di-scuola-spaceschool\/\",\"url\":\"https:\/\/www.lazioinnova.it\/spazioattivo\/startupper-tra-i-banchi-di-scuola-spaceschool\/\",\"name\":\"Startupper tra i banchi di scuola - Space@school - Spazio Attivo - LazioInnova\",\"isPartOf\":{\"@id\":\"https:\/\/www.lazioinnova.it\/spazioattivo\/#website\"},\"primaryImageOfPage\":{\"@id\":\"https:\/\/www.lazioinnova.it\/spazioattivo\/startupper-tra-i-banchi-di-scuola-spaceschool\/#primaryimage\"},\"image\":{\"@id\":\"https:\/\/www.lazioinnova.it\/spazioattivo\/startupper-tra-i-banchi-di-scuola-spaceschool\/#primaryimage\"},\"thumbnailUrl\":\"https:\/\/www.lazioinnova.it\/spazioattivo\/app\/uploads\/2023\/05\/mindsharing-1.png\",\"datePublished\":\"2023-05-25T11:33:43+00:00\",\"dateModified\":\"2023-05-29T12:24:26+00:00\",\"breadcrumb\":{\"@id\":\"https:\/\/www.lazioinnova.it\/spazioattivo\/startupper-tra-i-banchi-di-scuola-spaceschool\/#breadcrumb\"},\"inLanguage\":\"it-IT\",\"potentialAction\":[{\"@type\":\"ReadAction\",\"target\":[\"https:\/\/www.lazioinnova.it\/spazioattivo\/startupper-tra-i-banchi-di-scuola-spaceschool\/\"]}]},{\"@type\":\"ImageObject\",\"inLanguage\":\"it-IT\",\"@id\":\"https:\/\/www.lazioinnova.it\/spazioattivo\/startupper-tra-i-banchi-di-scuola-spaceschool\/#primaryimage\",\"url\":\"https:\/\/www.lazioinnova.it\/spazioattivo\/app\/uploads\/2023\/05\/mindsharing-1.png\",\"contentUrl\":\"https:\/\/www.lazioinnova.it\/spazioattivo\/app\/uploads\/2023\/05\/mindsharing-1.png\",\"width\":400,\"height\":300},{\"@type\":\"BreadcrumbList\",\"@id\":\"https:\/\/www.lazioinnova.it\/spazioattivo\/startupper-tra-i-banchi-di-scuola-spaceschool\/#breadcrumb\",\"itemListElement\":[{\"@type\":\"ListItem\",\"position\":1,\"name\":\"Spazio Attivo\",\"item\":\"https:\/\/www.lazioinnova.it\/spazioattivo\/\"},{\"@type\":\"ListItem\",\"position\":2,\"name\":\"Startupper tra i banchi di scuola &#8211; Space@school\"}]},{\"@type\":\"WebSite\",\"@id\":\"https:\/\/www.lazioinnova.it\/spazioattivo\/#website\",\"url\":\"https:\/\/www.lazioinnova.it\/spazioattivo\/\",\"name\":\"Spazio Attivo - LazioInnova\",\"description\":\"Lazio innova\",\"potentialAction\":[{\"@type\":\"SearchAction\",\"target\":{\"@type\":\"EntryPoint\",\"urlTemplate\":\"https:\/\/www.lazioinnova.it\/spazioattivo\/?s={search_term_string}\"},\"query-input\":{\"@type\":\"PropertyValueSpecification\",\"valueRequired\":true,\"valueName\":\"search_term_string\"}}],\"inLanguage\":\"it-IT\"}]}<\/script>\n<!-- \/ Yoast SEO plugin. -->","yoast_head_json":{"title":"Startupper tra i banchi di scuola - Space@school - Spazio Attivo - LazioInnova","robots":{"index":"index","follow":"follow","max-snippet":"max-snippet:-1","max-image-preview":"max-image-preview:large","max-video-preview":"max-video-preview:-1"},"canonical":"https:\/\/www.lazioinnova.it\/spazioattivo\/startupper-tra-i-banchi-di-scuola-spaceschool\/","og_locale":"it_IT","og_type":"article","og_title":"Startupper tra i banchi di scuola - Space@school - Spazio Attivo - LazioInnova","og_description":"Space@school \u00e8 il contest innovativo di Startupper tra i banchi di scuola organizzato in collaborazione con Mind-sharing.tech dedicato alle tecnologie spaziali e alla space economy. Vincitore categoria &#8220;Astroheroes&#8221; ISTITUTO SCOLASTICO: Liceo Scientifico Louis Pasteur, Roma Vincitore categoria &#8220;Astrogirls&#8221; ISTITUTO SCOLASTICO: I.I.S.S. Vincenzo Cardarelli, Tarquinia (VT) I due team hanno ottenuto: Menzioni speciali ISTITUTO SCOLASTICO: Liceo [&hellip;]","og_url":"https:\/\/www.lazioinnova.it\/spazioattivo\/startupper-tra-i-banchi-di-scuola-spaceschool\/","og_site_name":"Spazio Attivo - LazioInnova","article_modified_time":"2023-05-29T12:24:26+00:00","og_image":[{"url":"https:\/\/www.lazioinnova.it\/spazioattivo\/app\/uploads\/2023\/05\/mindsharing-1.png","type":"","width":"","height":""}],"twitter_card":"summary_large_image","twitter_misc":{"Est. reading time":"3 minuti"},"schema":{"@context":"https:\/\/schema.org","@graph":[{"@type":"WebPage","@id":"https:\/\/www.lazioinnova.it\/spazioattivo\/startupper-tra-i-banchi-di-scuola-spaceschool\/","url":"https:\/\/www.lazioinnova.it\/spazioattivo\/startupper-tra-i-banchi-di-scuola-spaceschool\/","name":"Startupper tra i banchi di scuola - Space@school - Spazio Attivo - LazioInnova","isPartOf":{"@id":"https:\/\/www.lazioinnova.it\/spazioattivo\/#website"},"primaryImageOfPage":{"@id":"https:\/\/www.lazioinnova.it\/spazioattivo\/startupper-tra-i-banchi-di-scuola-spaceschool\/#primaryimage"},"image":{"@id":"https:\/\/www.lazioinnova.it\/spazioattivo\/startupper-tra-i-banchi-di-scuola-spaceschool\/#primaryimage"},"thumbnailUrl":"https:\/\/www.lazioinnova.it\/spazioattivo\/app\/uploads\/2023\/05\/mindsharing-1.png","datePublished":"2023-05-25T11:33:43+00:00","dateModified":"2023-05-29T12:24:26+00:00","breadcrumb":{"@id":"https:\/\/www.lazioinnova.it\/spazioattivo\/startupper-tra-i-banchi-di-scuola-spaceschool\/#breadcrumb"},"inLanguage":"it-IT","potentialAction":[{"@type":"ReadAction","target":["https:\/\/www.lazioinnova.it\/spazioattivo\/startupper-tra-i-banchi-di-scuola-spaceschool\/"]}]},{"@type":"ImageObject","inLanguage":"it-IT","@id":"https:\/\/www.lazioinnova.it\/spazioattivo\/startupper-tra-i-banchi-di-scuola-spaceschool\/#primaryimage","url":"https:\/\/www.lazioinnova.it\/spazioattivo\/app\/uploads\/2023\/05\/mindsharing-1.png","contentUrl":"https:\/\/www.lazioinnova.it\/spazioattivo\/app\/uploads\/2023\/05\/mindsharing-1.png","width":400,"height":300},{"@type":"BreadcrumbList","@id":"https:\/\/www.lazioinnova.it\/spazioattivo\/startupper-tra-i-banchi-di-scuola-spaceschool\/#breadcrumb","itemListElement":[{"@type":"ListItem","position":1,"name":"Spazio Attivo","item":"https:\/\/www.lazioinnova.it\/spazioattivo\/"},{"@type":"ListItem","position":2,"name":"Startupper tra i banchi di scuola &#8211; Space@school"}]},{"@type":"WebSite","@id":"https:\/\/www.lazioinnova.it\/spazioattivo\/#website","url":"https:\/\/www.lazioinnova.it\/spazioattivo\/","name":"Spazio Attivo - LazioInnova","description":"Lazio innova","potentialAction":[{"@type":"SearchAction","target":{"@type":"EntryPoint","urlTemplate":"https:\/\/www.lazioinnova.it\/spazioattivo\/?s={search_term_string}"},"query-input":{"@type":"PropertyValueSpecification","valueRequired":true,"valueName":"search_term_string"}}],"inLanguage":"it-IT"}]}},"featured_image_src":null,"featured_image_src_square":null,"_links":{"self":[{"href":"https:\/\/www.lazioinnova.it\/spazioattivo\/wp-json\/wp\/v2\/pages\/30517","targetHints":{"allow":["GET"]}}],"collection":[{"href":"https:\/\/www.lazioinnova.it\/spazioattivo\/wp-json\/wp\/v2\/pages"}],"about":[{"href":"https:\/\/www.lazioinnova.it\/spazioattivo\/wp-json\/wp\/v2\/types\/page"}],"author":[{"embeddable":true,"href":"https:\/\/www.lazioinnova.it\/spazioattivo\/wp-json\/wp\/v2\/users\/2"}],"replies":[{"embeddable":true,"href":"https:\/\/www.lazioinnova.it\/spazioattivo\/wp-json\/wp\/v2\/comments?post=30517"}],"version-history":[{"count":16,"href":"https:\/\/www.lazioinnova.it\/spazioattivo\/wp-json\/wp\/v2\/pages\/30517\/revisions"}],"predecessor-version":[{"id":30584,"href":"https:\/\/www.lazioinnova.it\/spazioattivo\/wp-json\/wp\/v2\/pages\/30517\/revisions\/30584"}],"wp:attachment":[{"href":"https:\/\/www.lazioinnova.it\/spazioattivo\/wp-json\/wp\/v2\/media?parent=30517"}],"curies":[{"name":"wp","href":"https:\/\/api.w.org\/{rel}","templated":true}]}}