{"id":30988,"date":"2024-06-06T10:56:53","date_gmt":"2024-06-06T10:56:53","guid":{"rendered":"https:\/\/www.lazioinnova.it\/spazioattivo\/?page_id=30988"},"modified":"2024-10-07T11:13:51","modified_gmt":"2024-10-07T11:13:51","slug":"startupper-tra-i-banchi-di-scuola-2023-2024brprototipa-la-tua-idea","status":"publish","type":"page","link":"https:\/\/www.lazioinnova.it\/spazioattivo\/startupper-school-academy-2023-24\/startupper-tra-i-banchi-di-scuola-2023-2024brprototipa-la-tua-idea\/","title":{"rendered":"Startupper tra i banchi di scuola 2023-2024 &#8211; Prototipa la tua idea"},"content":{"rendered":"\n<p class=\"has-text-color has-link-color wp-elements-251dc830a83967a3fd67d92bec05ba79\" style=\"color:#007c3d;font-size:26px\"><br><strong>Progetto Vincitore:<\/strong><\/p>\n\n\n\n<p>ISTITUTO SCOLASTICO: IISS JOHN VON NEUMANN &#8211; Roma<\/p>\n\n\n\n<figure class=\"wp-block-image size-full is-resized\"><a href=\"https:\/\/www.lazioinnova.it\/spazioattivo\/app\/uploads\/2024\/06\/FitnessAir1.png\"><img loading=\"lazy\" decoding=\"async\" width=\"829\" height=\"395\" src=\"https:\/\/www.lazioinnova.it\/spazioattivo\/app\/uploads\/2024\/06\/FitnessAir1.png\" alt=\"\" class=\"wp-image-31004\" style=\"width:536px;height:auto\" srcset=\"https:\/\/www.lazioinnova.it\/spazioattivo\/app\/uploads\/2024\/06\/FitnessAir1.png 829w, https:\/\/www.lazioinnova.it\/spazioattivo\/app\/uploads\/2024\/06\/FitnessAir1-300x143.png 300w, https:\/\/www.lazioinnova.it\/spazioattivo\/app\/uploads\/2024\/06\/FitnessAir1-768x366.png 768w\" sizes=\"auto, (max-width: 829px) 100vw, 829px\" \/><\/a><\/figure>\n\n\n\n<div class=\"ghostkit-accordion ghostkit-accordion-1\">\n<div class=\"ghostkit-accordion-item ghostkit-custom-Z29gWRx\" data-accordion=\"accordion-fitness-air\"><div class=\"ghostkit-accordion-item-heading\"><button type=\"button\" id=\"accordion-fitness-air-button\" aria-expanded=\"false\" aria-controls=\"accordion-fitness-air-content\"><span class=\"ghostkit-accordion-item-label\"><strong>FITNESS AIR<\/strong><\/span><span class=\"ghostkit-accordion-item-collapse\"><svg class=\"ghostkit-svg-icon\" width=\"24\" height=\"24\" viewBox=\"0 0 24 24\" fill=\"none\" xmlns=\"http:\/\/www.w3.org\/2000\/svg\"><path d=\"M9.21967 6.2197C9.51256 5.9268 9.98744 5.9268 10.2803 6.2197L15.5303 11.4697C15.8232 11.7626 15.8232 12.2374 15.5303 12.5303L10.2803 17.7803C9.98744 18.0732 9.51256 18.0732 9.21967 17.7803C8.92678 17.4874 8.92678 17.0126 9.21967 16.7197L13.9393 12L9.21967 7.2803C8.92678 6.9874 8.92678 6.5126 9.21967 6.2197Z\" fill=\"currentColor\"><\/path><\/svg><\/span><\/button><\/div><div id=\"accordion-fitness-air-content\" class=\"ghostkit-accordion-item-content is-layout-flow wp-block-accordion-item-is-layout-flow\" role=\"region\" aria-labelledby=\"accordion-fitness-air-button\">\n<p>Misuratore di vari parametri relativi a qualit\u00e0 dell&#8217;aria, luminosit\u00e0 e temperatura in ambienti dedicati ad attvit\u00e0 sportive, ma anche in luoghi di aggregazione e ritrovo come musei o teatri.<br>Il sistema \u00e8 composto da un sensore consultabile e gestibile tramite una app presente nei principali store.<\/p>\n<\/div><\/div>\n<\/div>\n\n\n\n<figure class=\"wp-block-gallery has-nested-images columns-default is-cropped wp-block-gallery-1 is-layout-flex wp-block-gallery-is-layout-flex\">\n<figure class=\"wp-block-image size-large\"><a href=\"https:\/\/www.lazioinnova.it\/spazioattivo\/app\/uploads\/2024\/06\/FitnessAir2.png\"><img loading=\"lazy\" decoding=\"async\" width=\"347\" height=\"403\" data-id=\"31006\" src=\"https:\/\/www.lazioinnova.it\/spazioattivo\/app\/uploads\/2024\/06\/FitnessAir2.png\" alt=\"\" class=\"wp-image-31006\" srcset=\"https:\/\/www.lazioinnova.it\/spazioattivo\/app\/uploads\/2024\/06\/FitnessAir2.png 347w, https:\/\/www.lazioinnova.it\/spazioattivo\/app\/uploads\/2024\/06\/FitnessAir2-258x300.png 258w\" sizes=\"auto, (max-width: 347px) 100vw, 347px\" \/><\/a><\/figure>\n\n\n\n<figure class=\"wp-block-image size-large\"><a href=\"https:\/\/www.lazioinnova.it\/spazioattivo\/app\/uploads\/2024\/06\/FitnessAir3.png\"><img loading=\"lazy\" decoding=\"async\" width=\"416\" height=\"536\" data-id=\"31016\" src=\"https:\/\/www.lazioinnova.it\/spazioattivo\/app\/uploads\/2024\/06\/FitnessAir3.png\" alt=\"\" class=\"wp-image-31016\" srcset=\"https:\/\/www.lazioinnova.it\/spazioattivo\/app\/uploads\/2024\/06\/FitnessAir3.png 416w, https:\/\/www.lazioinnova.it\/spazioattivo\/app\/uploads\/2024\/06\/FitnessAir3-233x300.png 233w\" sizes=\"auto, (max-width: 416px) 100vw, 416px\" \/><\/a><\/figure>\n<\/figure>\n\n\n\n<p class=\"has-text-color has-link-color wp-elements-d607cb0092429f4cc6a904f21314481e\" style=\"color:#007c3d;font-size:26px\"><br><br><br><strong>II Classificato<\/strong>:<\/p>\n\n\n\n<p>ISTITUTO SCOLASTICO: IIS VIA ROMA 298 &#8211; Roma<\/p>\n\n\n\n<figure class=\"wp-block-image size-full is-resized\"><a href=\"https:\/\/www.lazioinnova.it\/spazioattivo\/app\/uploads\/2024\/06\/AND-OR-NOT1.png\"><img loading=\"lazy\" decoding=\"async\" width=\"882\" height=\"482\" src=\"https:\/\/www.lazioinnova.it\/spazioattivo\/app\/uploads\/2024\/06\/AND-OR-NOT1.png\" alt=\"\" class=\"wp-image-31008\" style=\"width:546px;height:auto\" srcset=\"https:\/\/www.lazioinnova.it\/spazioattivo\/app\/uploads\/2024\/06\/AND-OR-NOT1.png 882w, https:\/\/www.lazioinnova.it\/spazioattivo\/app\/uploads\/2024\/06\/AND-OR-NOT1-300x164.png 300w, https:\/\/www.lazioinnova.it\/spazioattivo\/app\/uploads\/2024\/06\/AND-OR-NOT1-768x420.png 768w\" sizes=\"auto, (max-width: 882px) 100vw, 882px\" \/><\/a><\/figure>\n\n\n\n<div class=\"ghostkit-accordion ghostkit-accordion-1\">\n<div class=\"ghostkit-accordion-item ghostkit-custom-Z1IuUQF\" data-accordion=\"accordion-and-or-not\"><div class=\"ghostkit-accordion-item-heading\"><button type=\"button\" id=\"accordion-and-or-not-button\" aria-expanded=\"false\" aria-controls=\"accordion-and-or-not-content\"><span class=\"ghostkit-accordion-item-label\"><strong>AND OR NOT<\/strong><\/span><span class=\"ghostkit-accordion-item-collapse\"><svg class=\"ghostkit-svg-icon\" width=\"24\" height=\"24\" viewBox=\"0 0 24 24\" fill=\"none\" xmlns=\"http:\/\/www.w3.org\/2000\/svg\"><path d=\"M9.21967 6.2197C9.51256 5.9268 9.98744 5.9268 10.2803 6.2197L15.5303 11.4697C15.8232 11.7626 15.8232 12.2374 15.5303 12.5303L10.2803 17.7803C9.98744 18.0732 9.51256 18.0732 9.21967 17.7803C8.92678 17.4874 8.92678 17.0126 9.21967 16.7197L13.9393 12L9.21967 7.2803C8.92678 6.9874 8.92678 6.5126 9.21967 6.2197Z\" fill=\"currentColor\"><\/path><\/svg><\/span><\/button><\/div><div id=\"accordion-and-or-not-content\" class=\"ghostkit-accordion-item-content is-layout-flow wp-block-accordion-item-is-layout-flow\" role=\"region\" aria-labelledby=\"accordion-and-or-not-button\">\n<p>AND OR NOT \u00e8 un board game la cui logica nasce da un rigoroso processo geometrico additivo e sottrattivo. <br>Scopo del gioco \u00e8 assemblare pi\u00f9 rapidamente possibile puzzle 3D composti da tre pezzi. <br>Ogni puzzle (OR) \u00e8 formato sempre da una parte nera (AND) e da due di colore rosso, verde, blu o giallo (NOT). <br>Si gioca in due squadre da 1, 2 o 3 giocatori, ognuna delle quali deve risolvere il puzzle riprodotto sulla carta. La squadra che realizza per prima sette puzzle vince. <br>Il gioco pu\u00f2 essere utilizzato anche come rompicapo in solitario.<br>\u00c8 stato realizzato un primo prototipo poi testato all\u2019inizio di aprile in occasione del Romics 2024 e successivamente un secondo prototipo pi\u00f9 avanzato alla fine dello stesso mese.<br>Sono previsti 4 set base di difficolt\u00e0 crescente, combinabili fra loro, una versione deluxe e una monocolore.<\/p>\n<\/div><\/div>\n<\/div>\n\n\n\n<figure class=\"wp-block-gallery has-nested-images columns-default is-cropped wp-block-gallery-2 is-layout-flex wp-block-gallery-is-layout-flex\">\n<figure class=\"wp-block-image size-large\"><a href=\"https:\/\/www.lazioinnova.it\/spazioattivo\/app\/uploads\/2024\/06\/AND-OR-NOT2.png\"><img loading=\"lazy\" decoding=\"async\" width=\"466\" height=\"276\" data-id=\"31009\" src=\"https:\/\/www.lazioinnova.it\/spazioattivo\/app\/uploads\/2024\/06\/AND-OR-NOT2.png\" alt=\"\" class=\"wp-image-31009\" srcset=\"https:\/\/www.lazioinnova.it\/spazioattivo\/app\/uploads\/2024\/06\/AND-OR-NOT2.png 466w, https:\/\/www.lazioinnova.it\/spazioattivo\/app\/uploads\/2024\/06\/AND-OR-NOT2-300x178.png 300w\" sizes=\"auto, (max-width: 466px) 100vw, 466px\" \/><\/a><\/figure>\n\n\n\n<figure class=\"wp-block-image size-large\"><a href=\"https:\/\/www.lazioinnova.it\/spazioattivo\/app\/uploads\/2024\/06\/AND-OR-NOT4.png\"><img loading=\"lazy\" decoding=\"async\" width=\"1024\" height=\"509\" data-id=\"31010\" src=\"https:\/\/www.lazioinnova.it\/spazioattivo\/app\/uploads\/2024\/06\/AND-OR-NOT4-1024x509.png\" alt=\"\" class=\"wp-image-31010\" srcset=\"https:\/\/www.lazioinnova.it\/spazioattivo\/app\/uploads\/2024\/06\/AND-OR-NOT4-1024x509.png 1024w, https:\/\/www.lazioinnova.it\/spazioattivo\/app\/uploads\/2024\/06\/AND-OR-NOT4-300x149.png 300w, https:\/\/www.lazioinnova.it\/spazioattivo\/app\/uploads\/2024\/06\/AND-OR-NOT4-768x382.png 768w, https:\/\/www.lazioinnova.it\/spazioattivo\/app\/uploads\/2024\/06\/AND-OR-NOT4.png 1056w\" sizes=\"auto, (max-width: 1024px) 100vw, 1024px\" \/><\/a><\/figure>\n<\/figure>\n\n\n\n<p class=\"has-text-color has-link-color wp-elements-9cd3ae87ff560942ad0208e6c6452c68\" style=\"color:#007c3d;font-size:26px\"><br><br><br><strong>III Classificato<\/strong>:<\/p>\n\n\n\n<p>ISTITUTO SCOLASTICO: IIS GUGLIELMO MARCONI &#8211; Latina<\/p>\n\n\n\n<figure class=\"wp-block-image size-large is-resized\"><a href=\"https:\/\/www.lazioinnova.it\/spazioattivo\/app\/uploads\/2024\/06\/Greensphere1.png\"><img loading=\"lazy\" decoding=\"async\" width=\"1024\" height=\"486\" src=\"https:\/\/www.lazioinnova.it\/spazioattivo\/app\/uploads\/2024\/06\/Greensphere1-1024x486.png\" alt=\"\" class=\"wp-image-30998\" style=\"width:530px;height:auto\" srcset=\"https:\/\/www.lazioinnova.it\/spazioattivo\/app\/uploads\/2024\/06\/Greensphere1-1024x486.png 1024w, https:\/\/www.lazioinnova.it\/spazioattivo\/app\/uploads\/2024\/06\/Greensphere1-300x142.png 300w, https:\/\/www.lazioinnova.it\/spazioattivo\/app\/uploads\/2024\/06\/Greensphere1-768x365.png 768w, https:\/\/www.lazioinnova.it\/spazioattivo\/app\/uploads\/2024\/06\/Greensphere1.png 1380w\" sizes=\"auto, (max-width: 1024px) 100vw, 1024px\" \/><\/a><\/figure>\n\n\n\n<div class=\"ghostkit-accordion ghostkit-accordion-1\">\n<div class=\"ghostkit-accordion-item ghostkit-custom-Zub6NV\" data-accordion=\"accordion-greensphere\"><div class=\"ghostkit-accordion-item-heading\"><button type=\"button\" id=\"accordion-greensphere-button\" aria-expanded=\"false\" aria-controls=\"accordion-greensphere-content\"><span class=\"ghostkit-accordion-item-label\">GREENSPHERE<\/span><span class=\"ghostkit-accordion-item-collapse\"><svg class=\"ghostkit-svg-icon\" width=\"24\" height=\"24\" viewBox=\"0 0 24 24\" fill=\"none\" xmlns=\"http:\/\/www.w3.org\/2000\/svg\"><path d=\"M9.21967 6.2197C9.51256 5.9268 9.98744 5.9268 10.2803 6.2197L15.5303 11.4697C15.8232 11.7626 15.8232 12.2374 15.5303 12.5303L10.2803 17.7803C9.98744 18.0732 9.51256 18.0732 9.21967 17.7803C8.92678 17.4874 8.92678 17.0126 9.21967 16.7197L13.9393 12L9.21967 7.2803C8.92678 6.9874 8.92678 6.5126 9.21967 6.2197Z\" fill=\"currentColor\"><\/path><\/svg><\/span><\/button><\/div><div id=\"accordion-greensphere-content\" class=\"ghostkit-accordion-item-content is-layout-flow wp-block-accordion-item-is-layout-flow\" role=\"region\" aria-labelledby=\"accordion-greensphere-button\">\n<p>GREENSPHERE \u00e8 una serra che si adatta alle condizioni metereologiche proteggendo cos\u00ec nel giusto modo le piante che stanno all&#8217;interno.<br>\u00c8ccontrollata da una app che pu\u00f2 essere utilizzata direttamente dall&#8217;agricoltore e alimentata a pannelli solari.<\/p>\n<\/div><\/div>\n<\/div>\n\n\n\n<p><\/p>\n\n\n<div class=\"wp-block-image\">\n<figure class=\"alignleft size-full is-resized\"><a href=\"https:\/\/www.lazioinnova.it\/spazioattivo\/app\/uploads\/2024\/06\/Greensphere2.png\"><img loading=\"lazy\" decoding=\"async\" width=\"911\" height=\"469\" src=\"https:\/\/www.lazioinnova.it\/spazioattivo\/app\/uploads\/2024\/06\/Greensphere2.png\" alt=\"\" class=\"wp-image-30999\" style=\"width:457px;height:auto\" srcset=\"https:\/\/www.lazioinnova.it\/spazioattivo\/app\/uploads\/2024\/06\/Greensphere2.png 911w, https:\/\/www.lazioinnova.it\/spazioattivo\/app\/uploads\/2024\/06\/Greensphere2-300x154.png 300w, https:\/\/www.lazioinnova.it\/spazioattivo\/app\/uploads\/2024\/06\/Greensphere2-768x395.png 768w\" sizes=\"auto, (max-width: 911px) 100vw, 911px\" \/><\/a><\/figure><\/div>\n\n<div class=\"wp-block-image\">\n<figure class=\"alignright size-full is-resized\"><a href=\"https:\/\/www.lazioinnova.it\/spazioattivo\/app\/uploads\/2024\/06\/Greensphere3.png\"><img loading=\"lazy\" decoding=\"async\" width=\"463\" height=\"604\" src=\"https:\/\/www.lazioinnova.it\/spazioattivo\/app\/uploads\/2024\/06\/Greensphere3.png\" alt=\"\" class=\"wp-image-31000\" style=\"width:250px;height:auto\" srcset=\"https:\/\/www.lazioinnova.it\/spazioattivo\/app\/uploads\/2024\/06\/Greensphere3.png 463w, https:\/\/www.lazioinnova.it\/spazioattivo\/app\/uploads\/2024\/06\/Greensphere3-230x300.png 230w\" sizes=\"auto, (max-width: 463px) 100vw, 463px\" \/><\/a><\/figure><\/div>\n\n\n<p><\/p>\n\n\n\n<p><\/p>\n\n\n\n<p><\/p>\n\n\n\n<p><\/p>\n\n\n\n<p><\/p>\n\n\n\n<p><\/p>\n","protected":false},"excerpt":{"rendered":"<p>Progetto Vincitore: ISTITUTO SCOLASTICO: IISS JOHN VON NEUMANN &#8211; Roma II Classificato: ISTITUTO SCOLASTICO: IIS VIA ROMA 298 &#8211; Roma III Classificato: ISTITUTO SCOLASTICO: IIS GUGLIELMO MARCONI &#8211; Latina<\/p>\n","protected":false},"author":2,"featured_media":0,"parent":30985,"menu_order":0,"comment_status":"closed","ping_status":"closed","template":"","meta":{"_acf_changed":false,"ghostkit_customizer_options":"","ghostkit_custom_css":"","ghostkit_custom_js_head":"","ghostkit_custom_js_foot":"","ghostkit_typography":"","footnotes":""},"class_list":["post-30988","page","type-page","status-publish","hentry"],"acf":[],"yoast_head":"<!-- This site is optimized with the Yoast SEO plugin v24.2 - https:\/\/yoast.com\/wordpress\/plugins\/seo\/ -->\n<title>Startupper tra i banchi di scuola 2023-2024 - Prototipa la tua idea - Spazio Attivo - LazioInnova<\/title>\n<meta name=\"robots\" content=\"index, follow, max-snippet:-1, max-image-preview:large, max-video-preview:-1\" \/>\n<link rel=\"canonical\" href=\"https:\/\/www.lazioinnova.it\/spazioattivo\/startupper-school-academy-2023-24\/startupper-tra-i-banchi-di-scuola-2023-2024brprototipa-la-tua-idea\/\" \/>\n<meta property=\"og:locale\" content=\"it_IT\" \/>\n<meta property=\"og:type\" content=\"article\" \/>\n<meta property=\"og:title\" content=\"Startupper tra i banchi di scuola 2023-2024 - Prototipa la tua idea - Spazio Attivo - LazioInnova\" \/>\n<meta property=\"og:description\" content=\"Progetto Vincitore: ISTITUTO SCOLASTICO: IISS JOHN VON NEUMANN &#8211; Roma II Classificato: ISTITUTO SCOLASTICO: IIS VIA ROMA 298 &#8211; Roma III Classificato: ISTITUTO SCOLASTICO: IIS GUGLIELMO MARCONI &#8211; Latina\" \/>\n<meta property=\"og:url\" content=\"https:\/\/www.lazioinnova.it\/spazioattivo\/startupper-school-academy-2023-24\/startupper-tra-i-banchi-di-scuola-2023-2024brprototipa-la-tua-idea\/\" \/>\n<meta property=\"og:site_name\" content=\"Spazio Attivo - LazioInnova\" \/>\n<meta property=\"article:modified_time\" content=\"2024-10-07T11:13:51+00:00\" \/>\n<meta property=\"og:image\" content=\"https:\/\/www.lazioinnova.it\/spazioattivo\/app\/uploads\/2024\/06\/FitnessAir1.png\" \/>\n<meta name=\"twitter:card\" content=\"summary_large_image\" \/>\n<meta name=\"twitter:label1\" content=\"Est. reading time\" \/>\n\t<meta name=\"twitter:data1\" content=\"4 minuti\" \/>\n<script type=\"application\/ld+json\" class=\"yoast-schema-graph\">{\"@context\":\"https:\/\/schema.org\",\"@graph\":[{\"@type\":\"WebPage\",\"@id\":\"https:\/\/www.lazioinnova.it\/spazioattivo\/startupper-school-academy-2023-24\/startupper-tra-i-banchi-di-scuola-2023-2024brprototipa-la-tua-idea\/\",\"url\":\"https:\/\/www.lazioinnova.it\/spazioattivo\/startupper-school-academy-2023-24\/startupper-tra-i-banchi-di-scuola-2023-2024brprototipa-la-tua-idea\/\",\"name\":\"Startupper tra i banchi di scuola 2023-2024 - Prototipa la tua idea - Spazio Attivo - LazioInnova\",\"isPartOf\":{\"@id\":\"https:\/\/www.lazioinnova.it\/spazioattivo\/#website\"},\"primaryImageOfPage\":{\"@id\":\"https:\/\/www.lazioinnova.it\/spazioattivo\/startupper-school-academy-2023-24\/startupper-tra-i-banchi-di-scuola-2023-2024brprototipa-la-tua-idea\/#primaryimage\"},\"image\":{\"@id\":\"https:\/\/www.lazioinnova.it\/spazioattivo\/startupper-school-academy-2023-24\/startupper-tra-i-banchi-di-scuola-2023-2024brprototipa-la-tua-idea\/#primaryimage\"},\"thumbnailUrl\":\"https:\/\/www.lazioinnova.it\/spazioattivo\/app\/uploads\/2024\/06\/FitnessAir1.png\",\"datePublished\":\"2024-06-06T10:56:53+00:00\",\"dateModified\":\"2024-10-07T11:13:51+00:00\",\"breadcrumb\":{\"@id\":\"https:\/\/www.lazioinnova.it\/spazioattivo\/startupper-school-academy-2023-24\/startupper-tra-i-banchi-di-scuola-2023-2024brprototipa-la-tua-idea\/#breadcrumb\"},\"inLanguage\":\"it-IT\",\"potentialAction\":[{\"@type\":\"ReadAction\",\"target\":[\"https:\/\/www.lazioinnova.it\/spazioattivo\/startupper-school-academy-2023-24\/startupper-tra-i-banchi-di-scuola-2023-2024brprototipa-la-tua-idea\/\"]}]},{\"@type\":\"ImageObject\",\"inLanguage\":\"it-IT\",\"@id\":\"https:\/\/www.lazioinnova.it\/spazioattivo\/startupper-school-academy-2023-24\/startupper-tra-i-banchi-di-scuola-2023-2024brprototipa-la-tua-idea\/#primaryimage\",\"url\":\"https:\/\/www.lazioinnova.it\/spazioattivo\/app\/uploads\/2024\/06\/FitnessAir1.png\",\"contentUrl\":\"https:\/\/www.lazioinnova.it\/spazioattivo\/app\/uploads\/2024\/06\/FitnessAir1.png\"},{\"@type\":\"BreadcrumbList\",\"@id\":\"https:\/\/www.lazioinnova.it\/spazioattivo\/startupper-school-academy-2023-24\/startupper-tra-i-banchi-di-scuola-2023-2024brprototipa-la-tua-idea\/#breadcrumb\",\"itemListElement\":[{\"@type\":\"ListItem\",\"position\":1,\"name\":\"Spazio Attivo\",\"item\":\"https:\/\/www.lazioinnova.it\/spazioattivo\/\"},{\"@type\":\"ListItem\",\"position\":2,\"name\":\"Startupper School Academy 2023-24\",\"item\":\"https:\/\/www.lazioinnova.it\/spazioattivo\/startupper-school-academy-2023-24\/\"},{\"@type\":\"ListItem\",\"position\":3,\"name\":\"Startupper tra i banchi di scuola 2023-2024 &#8211; Prototipa la tua idea\"}]},{\"@type\":\"WebSite\",\"@id\":\"https:\/\/www.lazioinnova.it\/spazioattivo\/#website\",\"url\":\"https:\/\/www.lazioinnova.it\/spazioattivo\/\",\"name\":\"Spazio Attivo - LazioInnova\",\"description\":\"Lazio innova\",\"potentialAction\":[{\"@type\":\"SearchAction\",\"target\":{\"@type\":\"EntryPoint\",\"urlTemplate\":\"https:\/\/www.lazioinnova.it\/spazioattivo\/?s={search_term_string}\"},\"query-input\":{\"@type\":\"PropertyValueSpecification\",\"valueRequired\":true,\"valueName\":\"search_term_string\"}}],\"inLanguage\":\"it-IT\"}]}<\/script>\n<!-- \/ Yoast SEO plugin. -->","yoast_head_json":{"title":"Startupper tra i banchi di scuola 2023-2024 - Prototipa la tua idea - Spazio Attivo - LazioInnova","robots":{"index":"index","follow":"follow","max-snippet":"max-snippet:-1","max-image-preview":"max-image-preview:large","max-video-preview":"max-video-preview:-1"},"canonical":"https:\/\/www.lazioinnova.it\/spazioattivo\/startupper-school-academy-2023-24\/startupper-tra-i-banchi-di-scuola-2023-2024brprototipa-la-tua-idea\/","og_locale":"it_IT","og_type":"article","og_title":"Startupper tra i banchi di scuola 2023-2024 - Prototipa la tua idea - Spazio Attivo - LazioInnova","og_description":"Progetto Vincitore: ISTITUTO SCOLASTICO: IISS JOHN VON NEUMANN &#8211; Roma II Classificato: ISTITUTO SCOLASTICO: IIS VIA ROMA 298 &#8211; Roma III Classificato: ISTITUTO SCOLASTICO: IIS GUGLIELMO MARCONI &#8211; Latina","og_url":"https:\/\/www.lazioinnova.it\/spazioattivo\/startupper-school-academy-2023-24\/startupper-tra-i-banchi-di-scuola-2023-2024brprototipa-la-tua-idea\/","og_site_name":"Spazio Attivo - LazioInnova","article_modified_time":"2024-10-07T11:13:51+00:00","og_image":[{"url":"https:\/\/www.lazioinnova.it\/spazioattivo\/app\/uploads\/2024\/06\/FitnessAir1.png","type":"","width":"","height":""}],"twitter_card":"summary_large_image","twitter_misc":{"Est. reading time":"4 minuti"},"schema":{"@context":"https:\/\/schema.org","@graph":[{"@type":"WebPage","@id":"https:\/\/www.lazioinnova.it\/spazioattivo\/startupper-school-academy-2023-24\/startupper-tra-i-banchi-di-scuola-2023-2024brprototipa-la-tua-idea\/","url":"https:\/\/www.lazioinnova.it\/spazioattivo\/startupper-school-academy-2023-24\/startupper-tra-i-banchi-di-scuola-2023-2024brprototipa-la-tua-idea\/","name":"Startupper tra i banchi di scuola 2023-2024 - Prototipa la tua idea - Spazio Attivo - LazioInnova","isPartOf":{"@id":"https:\/\/www.lazioinnova.it\/spazioattivo\/#website"},"primaryImageOfPage":{"@id":"https:\/\/www.lazioinnova.it\/spazioattivo\/startupper-school-academy-2023-24\/startupper-tra-i-banchi-di-scuola-2023-2024brprototipa-la-tua-idea\/#primaryimage"},"image":{"@id":"https:\/\/www.lazioinnova.it\/spazioattivo\/startupper-school-academy-2023-24\/startupper-tra-i-banchi-di-scuola-2023-2024brprototipa-la-tua-idea\/#primaryimage"},"thumbnailUrl":"https:\/\/www.lazioinnova.it\/spazioattivo\/app\/uploads\/2024\/06\/FitnessAir1.png","datePublished":"2024-06-06T10:56:53+00:00","dateModified":"2024-10-07T11:13:51+00:00","breadcrumb":{"@id":"https:\/\/www.lazioinnova.it\/spazioattivo\/startupper-school-academy-2023-24\/startupper-tra-i-banchi-di-scuola-2023-2024brprototipa-la-tua-idea\/#breadcrumb"},"inLanguage":"it-IT","potentialAction":[{"@type":"ReadAction","target":["https:\/\/www.lazioinnova.it\/spazioattivo\/startupper-school-academy-2023-24\/startupper-tra-i-banchi-di-scuola-2023-2024brprototipa-la-tua-idea\/"]}]},{"@type":"ImageObject","inLanguage":"it-IT","@id":"https:\/\/www.lazioinnova.it\/spazioattivo\/startupper-school-academy-2023-24\/startupper-tra-i-banchi-di-scuola-2023-2024brprototipa-la-tua-idea\/#primaryimage","url":"https:\/\/www.lazioinnova.it\/spazioattivo\/app\/uploads\/2024\/06\/FitnessAir1.png","contentUrl":"https:\/\/www.lazioinnova.it\/spazioattivo\/app\/uploads\/2024\/06\/FitnessAir1.png"},{"@type":"BreadcrumbList","@id":"https:\/\/www.lazioinnova.it\/spazioattivo\/startupper-school-academy-2023-24\/startupper-tra-i-banchi-di-scuola-2023-2024brprototipa-la-tua-idea\/#breadcrumb","itemListElement":[{"@type":"ListItem","position":1,"name":"Spazio Attivo","item":"https:\/\/www.lazioinnova.it\/spazioattivo\/"},{"@type":"ListItem","position":2,"name":"Startupper School Academy 2023-24","item":"https:\/\/www.lazioinnova.it\/spazioattivo\/startupper-school-academy-2023-24\/"},{"@type":"ListItem","position":3,"name":"Startupper tra i banchi di scuola 2023-2024 &#8211; Prototipa la tua idea"}]},{"@type":"WebSite","@id":"https:\/\/www.lazioinnova.it\/spazioattivo\/#website","url":"https:\/\/www.lazioinnova.it\/spazioattivo\/","name":"Spazio Attivo - LazioInnova","description":"Lazio innova","potentialAction":[{"@type":"SearchAction","target":{"@type":"EntryPoint","urlTemplate":"https:\/\/www.lazioinnova.it\/spazioattivo\/?s={search_term_string}"},"query-input":{"@type":"PropertyValueSpecification","valueRequired":true,"valueName":"search_term_string"}}],"inLanguage":"it-IT"}]}},"featured_image_src":null,"featured_image_src_square":null,"_links":{"self":[{"href":"https:\/\/www.lazioinnova.it\/spazioattivo\/wp-json\/wp\/v2\/pages\/30988","targetHints":{"allow":["GET"]}}],"collection":[{"href":"https:\/\/www.lazioinnova.it\/spazioattivo\/wp-json\/wp\/v2\/pages"}],"about":[{"href":"https:\/\/www.lazioinnova.it\/spazioattivo\/wp-json\/wp\/v2\/types\/page"}],"author":[{"embeddable":true,"href":"https:\/\/www.lazioinnova.it\/spazioattivo\/wp-json\/wp\/v2\/users\/2"}],"replies":[{"embeddable":true,"href":"https:\/\/www.lazioinnova.it\/spazioattivo\/wp-json\/wp\/v2\/comments?post=30988"}],"version-history":[{"count":27,"href":"https:\/\/www.lazioinnova.it\/spazioattivo\/wp-json\/wp\/v2\/pages\/30988\/revisions"}],"predecessor-version":[{"id":31585,"href":"https:\/\/www.lazioinnova.it\/spazioattivo\/wp-json\/wp\/v2\/pages\/30988\/revisions\/31585"}],"up":[{"embeddable":true,"href":"https:\/\/www.lazioinnova.it\/spazioattivo\/wp-json\/wp\/v2\/pages\/30985"}],"wp:attachment":[{"href":"https:\/\/www.lazioinnova.it\/spazioattivo\/wp-json\/wp\/v2\/media?parent=30988"}],"curies":[{"name":"wp","href":"https:\/\/api.w.org\/{rel}","templated":true}]}}