{"id":31058,"date":"2024-06-06T10:56:59","date_gmt":"2024-06-06T10:56:59","guid":{"rendered":"https:\/\/www.lazioinnova.it\/spazioattivo\/?page_id=31058"},"modified":"2024-10-07T11:18:13","modified_gmt":"2024-10-07T11:18:13","slug":"startupper-tra-i-banchi-di-scuola-2023-2024brcontest-heritage-gamespatrimonio-da-salvagiocare","status":"publish","type":"page","link":"https:\/\/www.lazioinnova.it\/spazioattivo\/startupper-school-academy-2023-24\/startupper-tra-i-banchi-di-scuola-2023-2024brcontest-heritage-gamespatrimonio-da-salvagiocare\/","title":{"rendered":"Startupper tra i banchi di scuola 2023-2024 &#8211; Contest &#8220;Heritage Games: patrimonio da Salva(gioca)re&#8221;"},"content":{"rendered":"\n<p class=\"has-text-color has-link-color wp-elements-0e4a4c462df3607533c101b65f764780\" style=\"color:#007c3d;font-size:26px\"><br><strong>Progetti Vincitori:<\/strong><\/p>\n\n\n\n<p>ISTITUTO SCOLASTICO: LICEO LINGUISTICO MAESTRE PIE FILIPPINI &#8211; Frascati (Roma)<\/p>\n\n\n\n<figure class=\"wp-block-image size-large is-resized\"><a href=\"https:\/\/www.lazioinnova.it\/spazioattivo\/app\/uploads\/2024\/06\/Underwater1.png\"><img loading=\"lazy\" decoding=\"async\" width=\"1024\" height=\"585\" src=\"https:\/\/www.lazioinnova.it\/spazioattivo\/app\/uploads\/2024\/06\/Underwater1-1024x585.png\" alt=\"\" class=\"wp-image-31059\" style=\"width:489px;height:auto\" srcset=\"https:\/\/www.lazioinnova.it\/spazioattivo\/app\/uploads\/2024\/06\/Underwater1-1024x585.png 1024w, https:\/\/www.lazioinnova.it\/spazioattivo\/app\/uploads\/2024\/06\/Underwater1-300x171.png 300w, https:\/\/www.lazioinnova.it\/spazioattivo\/app\/uploads\/2024\/06\/Underwater1-768x439.png 768w, https:\/\/www.lazioinnova.it\/spazioattivo\/app\/uploads\/2024\/06\/Underwater1.png 1344w\" sizes=\"auto, (max-width: 1024px) 100vw, 1024px\" \/><\/a><\/figure>\n\n\n\n<div class=\"ghostkit-accordion ghostkit-accordion-1\">\n<div class=\"ghostkit-accordion-item ghostkit-custom-1TbLOh\" data-accordion=\"accordion-the-underwater-entrepreneur\"><div class=\"ghostkit-accordion-item-heading\"><button type=\"button\" id=\"accordion-the-underwater-entrepreneur-button\" aria-expanded=\"false\" aria-controls=\"accordion-the-underwater-entrepreneur-content\"><span class=\"ghostkit-accordion-item-label\">THE UNDERWATER ENTREPRENEUR<\/span><span class=\"ghostkit-accordion-item-collapse\"><svg class=\"ghostkit-svg-icon\" width=\"24\" height=\"24\" viewBox=\"0 0 24 24\" fill=\"none\" xmlns=\"http:\/\/www.w3.org\/2000\/svg\"><path d=\"M9.21967 6.2197C9.51256 5.9268 9.98744 5.9268 10.2803 6.2197L15.5303 11.4697C15.8232 11.7626 15.8232 12.2374 15.5303 12.5303L10.2803 17.7803C9.98744 18.0732 9.51256 18.0732 9.21967 17.7803C8.92678 17.4874 8.92678 17.0126 9.21967 16.7197L13.9393 12L9.21967 7.2803C8.92678 6.9874 8.92678 6.5126 9.21967 6.2197Z\" fill=\"currentColor\"><\/path><\/svg><\/span><\/button><\/div><div id=\"accordion-the-underwater-entrepreneur-content\" class=\"ghostkit-accordion-item-content is-layout-flow wp-block-accordion-item-is-layout-flow\" role=\"region\" aria-labelledby=\"accordion-the-underwater-entrepreneur-button\">\n<p>Videogioco ambientato nel 2150, in cui tutto il Lazio \u00e8 stato inondato, a causa dell&#8217;inquinamento. Per sopravvvire \u00e8 necessario costruire una nuova citt\u00e0 sottomarina.<br>Tuti dovranno unirsi per superare l difficolt\u00e0 che si presentano (es. come respirare).<br>\u00c8 inoltre necessario risolvere puzzle ed enigmi per trovare materiali e oggetti.<br>Il gioco serve a sensibilizzare in maniera divertente bambini e ragazzi al problema dell&#8217;inquinamento ambientale.<\/p>\n<\/div><\/div>\n<\/div>\n\n\n\n<figure class=\"wp-block-gallery has-nested-images columns-default is-cropped wp-block-gallery-1 is-layout-flex wp-block-gallery-is-layout-flex\">\n<figure class=\"wp-block-image size-large\"><a href=\"https:\/\/www.lazioinnova.it\/spazioattivo\/app\/uploads\/2024\/06\/Underwater2.png\"><img loading=\"lazy\" decoding=\"async\" width=\"1024\" height=\"493\" data-id=\"31063\" src=\"https:\/\/www.lazioinnova.it\/spazioattivo\/app\/uploads\/2024\/06\/Underwater2-1024x493.png\" alt=\"\" class=\"wp-image-31063\" srcset=\"https:\/\/www.lazioinnova.it\/spazioattivo\/app\/uploads\/2024\/06\/Underwater2-1024x493.png 1024w, https:\/\/www.lazioinnova.it\/spazioattivo\/app\/uploads\/2024\/06\/Underwater2-300x144.png 300w, https:\/\/www.lazioinnova.it\/spazioattivo\/app\/uploads\/2024\/06\/Underwater2-768x369.png 768w, https:\/\/www.lazioinnova.it\/spazioattivo\/app\/uploads\/2024\/06\/Underwater2-1536x739.png 1536w, https:\/\/www.lazioinnova.it\/spazioattivo\/app\/uploads\/2024\/06\/Underwater2.png 1553w\" sizes=\"auto, (max-width: 1024px) 100vw, 1024px\" \/><\/a><\/figure>\n\n\n\n<figure class=\"wp-block-image size-large\"><a href=\"https:\/\/www.lazioinnova.it\/spazioattivo\/app\/uploads\/2024\/06\/Underwater3.png\"><img loading=\"lazy\" decoding=\"async\" width=\"1024\" height=\"493\" data-id=\"31062\" src=\"https:\/\/www.lazioinnova.it\/spazioattivo\/app\/uploads\/2024\/06\/Underwater3-1024x493.png\" alt=\"\" class=\"wp-image-31062\" srcset=\"https:\/\/www.lazioinnova.it\/spazioattivo\/app\/uploads\/2024\/06\/Underwater3-1024x493.png 1024w, https:\/\/www.lazioinnova.it\/spazioattivo\/app\/uploads\/2024\/06\/Underwater3-300x144.png 300w, https:\/\/www.lazioinnova.it\/spazioattivo\/app\/uploads\/2024\/06\/Underwater3-768x370.png 768w, https:\/\/www.lazioinnova.it\/spazioattivo\/app\/uploads\/2024\/06\/Underwater3-1536x740.png 1536w, https:\/\/www.lazioinnova.it\/spazioattivo\/app\/uploads\/2024\/06\/Underwater3.png 1545w\" sizes=\"auto, (max-width: 1024px) 100vw, 1024px\" \/><\/a><\/figure>\n<\/figure>\n\n\n\n<p><br><br><br>ISTITUTO SCOLASTICO: ITTUR LIVIA BOTTARDI- Roma<\/p>\n\n\n\n<figure class=\"wp-block-image size-full is-resized\"><a href=\"https:\/\/www.lazioinnova.it\/spazioattivo\/app\/uploads\/2024\/06\/museo-del-tevere1.png\"><img loading=\"lazy\" decoding=\"async\" width=\"751\" height=\"431\" src=\"https:\/\/www.lazioinnova.it\/spazioattivo\/app\/uploads\/2024\/06\/museo-del-tevere1.png\" alt=\"\" class=\"wp-image-31066\" style=\"width:551px;height:auto\" srcset=\"https:\/\/www.lazioinnova.it\/spazioattivo\/app\/uploads\/2024\/06\/museo-del-tevere1.png 751w, https:\/\/www.lazioinnova.it\/spazioattivo\/app\/uploads\/2024\/06\/museo-del-tevere1-300x172.png 300w\" sizes=\"auto, (max-width: 751px) 100vw, 751px\" \/><\/a><\/figure>\n\n\n\n<div class=\"ghostkit-accordion ghostkit-accordion-1\">\n<div class=\"ghostkit-accordion-item ghostkit-custom-Z1TGukN\" data-accordion=\"accordion-museo-del-tevere\"><div class=\"ghostkit-accordion-item-heading\"><button type=\"button\" id=\"accordion-museo-del-tevere-button\" aria-expanded=\"false\" aria-controls=\"accordion-museo-del-tevere-content\"><span class=\"ghostkit-accordion-item-label\">MUSEO DEL TEVERE<\/span><span class=\"ghostkit-accordion-item-collapse\"><svg class=\"ghostkit-svg-icon\" width=\"24\" height=\"24\" viewBox=\"0 0 24 24\" fill=\"none\" xmlns=\"http:\/\/www.w3.org\/2000\/svg\"><path d=\"M9.21967 6.2197C9.51256 5.9268 9.98744 5.9268 10.2803 6.2197L15.5303 11.4697C15.8232 11.7626 15.8232 12.2374 15.5303 12.5303L10.2803 17.7803C9.98744 18.0732 9.51256 18.0732 9.21967 17.7803C8.92678 17.4874 8.92678 17.0126 9.21967 16.7197L13.9393 12L9.21967 7.2803C8.92678 6.9874 8.92678 6.5126 9.21967 6.2197Z\" fill=\"currentColor\"><\/path><\/svg><\/span><\/button><\/div><div id=\"accordion-museo-del-tevere-content\" class=\"ghostkit-accordion-item-content is-layout-flow wp-block-accordion-item-is-layout-flow\" role=\"region\" aria-labelledby=\"accordion-museo-del-tevere-button\">\n<p>Si tratta di un videogioco: un&#8217;escape room a quiz ambientata in un museo d&#8217;impresa, basato sulla valorizzazione del territorio romano e del Made in Italy. <br>Centrale \u00e8 la tematica relativa alla salvaguardia delle risorse idriche del territorio laziale, nello specifico del Tevere. <br>Lo scopo \u00e8 riuscire a uscire dal museo passando per tre stanze. <br>In ogni stanza \u00e8 necessario rispondere ad alcune domande per ritrovare alcuni quadri che sono stati rubati.<br>Il gioco intende dare rilievo alla storia delle industrie che in passato sorgevano sul fiume e che oggi sono scomparse e dimenticate.<\/p>\n<\/div><\/div>\n<\/div>\n\n\n\n<figure class=\"wp-block-gallery has-nested-images columns-default is-cropped wp-block-gallery-2 is-layout-flex wp-block-gallery-is-layout-flex\">\n<figure class=\"wp-block-image size-large\"><a href=\"https:\/\/www.lazioinnova.it\/spazioattivo\/app\/uploads\/2024\/06\/museo-del-tevere2.png\"><img loading=\"lazy\" decoding=\"async\" width=\"737\" height=\"417\" data-id=\"31068\" src=\"https:\/\/www.lazioinnova.it\/spazioattivo\/app\/uploads\/2024\/06\/museo-del-tevere2.png\" alt=\"\" class=\"wp-image-31068\" srcset=\"https:\/\/www.lazioinnova.it\/spazioattivo\/app\/uploads\/2024\/06\/museo-del-tevere2.png 737w, https:\/\/www.lazioinnova.it\/spazioattivo\/app\/uploads\/2024\/06\/museo-del-tevere2-300x170.png 300w\" sizes=\"auto, (max-width: 737px) 100vw, 737px\" \/><\/a><\/figure>\n\n\n\n<figure class=\"wp-block-image size-large\"><a href=\"https:\/\/www.lazioinnova.it\/spazioattivo\/app\/uploads\/2024\/06\/museo-del-tevere3.png\"><img loading=\"lazy\" decoding=\"async\" width=\"750\" height=\"394\" data-id=\"31067\" src=\"https:\/\/www.lazioinnova.it\/spazioattivo\/app\/uploads\/2024\/06\/museo-del-tevere3.png\" alt=\"\" class=\"wp-image-31067\" srcset=\"https:\/\/www.lazioinnova.it\/spazioattivo\/app\/uploads\/2024\/06\/museo-del-tevere3.png 750w, https:\/\/www.lazioinnova.it\/spazioattivo\/app\/uploads\/2024\/06\/museo-del-tevere3-300x158.png 300w\" sizes=\"auto, (max-width: 750px) 100vw, 750px\" \/><\/a><\/figure>\n<\/figure>\n\n\n\n<p><br><br><br><\/p>\n","protected":false},"excerpt":{"rendered":"<p>Progetti Vincitori: ISTITUTO SCOLASTICO: LICEO LINGUISTICO MAESTRE PIE FILIPPINI &#8211; Frascati (Roma) ISTITUTO SCOLASTICO: ITTUR LIVIA BOTTARDI- Roma<\/p>\n","protected":false},"author":2,"featured_media":0,"parent":30985,"menu_order":0,"comment_status":"closed","ping_status":"closed","template":"","meta":{"_acf_changed":false,"ghostkit_customizer_options":"","ghostkit_custom_css":"","ghostkit_custom_js_head":"","ghostkit_custom_js_foot":"","ghostkit_typography":"","footnotes":""},"class_list":["post-31058","page","type-page","status-publish","hentry"],"acf":[],"yoast_head":"<!-- This site is optimized with the Yoast SEO plugin v24.2 - https:\/\/yoast.com\/wordpress\/plugins\/seo\/ -->\n<title>Startupper tra i banchi di scuola 2023-2024 - Contest &quot;Heritage Games: patrimonio da Salva(gioca)re&quot; - Spazio Attivo - LazioInnova<\/title>\n<meta name=\"robots\" content=\"index, follow, max-snippet:-1, max-image-preview:large, max-video-preview:-1\" \/>\n<link rel=\"canonical\" href=\"https:\/\/www.lazioinnova.it\/spazioattivo\/startupper-school-academy-2023-24\/startupper-tra-i-banchi-di-scuola-2023-2024brcontest-heritage-gamespatrimonio-da-salvagiocare\/\" \/>\n<meta property=\"og:locale\" content=\"it_IT\" \/>\n<meta property=\"og:type\" content=\"article\" \/>\n<meta property=\"og:title\" content=\"Startupper tra i banchi di scuola 2023-2024 - Contest &quot;Heritage Games: patrimonio da Salva(gioca)re&quot; - Spazio Attivo - LazioInnova\" \/>\n<meta property=\"og:description\" content=\"Progetti Vincitori: ISTITUTO SCOLASTICO: LICEO LINGUISTICO MAESTRE PIE FILIPPINI &#8211; Frascati (Roma) ISTITUTO SCOLASTICO: ITTUR LIVIA BOTTARDI- Roma\" \/>\n<meta property=\"og:url\" content=\"https:\/\/www.lazioinnova.it\/spazioattivo\/startupper-school-academy-2023-24\/startupper-tra-i-banchi-di-scuola-2023-2024brcontest-heritage-gamespatrimonio-da-salvagiocare\/\" \/>\n<meta property=\"og:site_name\" content=\"Spazio Attivo - LazioInnova\" \/>\n<meta property=\"article:modified_time\" content=\"2024-10-07T11:18:13+00:00\" \/>\n<meta property=\"og:image\" content=\"https:\/\/www.lazioinnova.it\/spazioattivo\/app\/uploads\/2024\/06\/Underwater1-1024x585.png\" \/>\n<meta name=\"twitter:card\" content=\"summary_large_image\" \/>\n<meta name=\"twitter:label1\" content=\"Est. reading time\" \/>\n\t<meta name=\"twitter:data1\" content=\"3 minuti\" \/>\n<script type=\"application\/ld+json\" class=\"yoast-schema-graph\">{\"@context\":\"https:\/\/schema.org\",\"@graph\":[{\"@type\":\"WebPage\",\"@id\":\"https:\/\/www.lazioinnova.it\/spazioattivo\/startupper-school-academy-2023-24\/startupper-tra-i-banchi-di-scuola-2023-2024brcontest-heritage-gamespatrimonio-da-salvagiocare\/\",\"url\":\"https:\/\/www.lazioinnova.it\/spazioattivo\/startupper-school-academy-2023-24\/startupper-tra-i-banchi-di-scuola-2023-2024brcontest-heritage-gamespatrimonio-da-salvagiocare\/\",\"name\":\"Startupper tra i banchi di scuola 2023-2024 - Contest \\\"Heritage Games: patrimonio da Salva(gioca)re\\\" - Spazio Attivo - LazioInnova\",\"isPartOf\":{\"@id\":\"https:\/\/www.lazioinnova.it\/spazioattivo\/#website\"},\"primaryImageOfPage\":{\"@id\":\"https:\/\/www.lazioinnova.it\/spazioattivo\/startupper-school-academy-2023-24\/startupper-tra-i-banchi-di-scuola-2023-2024brcontest-heritage-gamespatrimonio-da-salvagiocare\/#primaryimage\"},\"image\":{\"@id\":\"https:\/\/www.lazioinnova.it\/spazioattivo\/startupper-school-academy-2023-24\/startupper-tra-i-banchi-di-scuola-2023-2024brcontest-heritage-gamespatrimonio-da-salvagiocare\/#primaryimage\"},\"thumbnailUrl\":\"https:\/\/www.lazioinnova.it\/spazioattivo\/app\/uploads\/2024\/06\/Underwater1-1024x585.png\",\"datePublished\":\"2024-06-06T10:56:59+00:00\",\"dateModified\":\"2024-10-07T11:18:13+00:00\",\"breadcrumb\":{\"@id\":\"https:\/\/www.lazioinnova.it\/spazioattivo\/startupper-school-academy-2023-24\/startupper-tra-i-banchi-di-scuola-2023-2024brcontest-heritage-gamespatrimonio-da-salvagiocare\/#breadcrumb\"},\"inLanguage\":\"it-IT\",\"potentialAction\":[{\"@type\":\"ReadAction\",\"target\":[\"https:\/\/www.lazioinnova.it\/spazioattivo\/startupper-school-academy-2023-24\/startupper-tra-i-banchi-di-scuola-2023-2024brcontest-heritage-gamespatrimonio-da-salvagiocare\/\"]}]},{\"@type\":\"ImageObject\",\"inLanguage\":\"it-IT\",\"@id\":\"https:\/\/www.lazioinnova.it\/spazioattivo\/startupper-school-academy-2023-24\/startupper-tra-i-banchi-di-scuola-2023-2024brcontest-heritage-gamespatrimonio-da-salvagiocare\/#primaryimage\",\"url\":\"https:\/\/www.lazioinnova.it\/spazioattivo\/app\/uploads\/2024\/06\/Underwater1.png\",\"contentUrl\":\"https:\/\/www.lazioinnova.it\/spazioattivo\/app\/uploads\/2024\/06\/Underwater1.png\",\"width\":1344,\"height\":768},{\"@type\":\"BreadcrumbList\",\"@id\":\"https:\/\/www.lazioinnova.it\/spazioattivo\/startupper-school-academy-2023-24\/startupper-tra-i-banchi-di-scuola-2023-2024brcontest-heritage-gamespatrimonio-da-salvagiocare\/#breadcrumb\",\"itemListElement\":[{\"@type\":\"ListItem\",\"position\":1,\"name\":\"Spazio Attivo\",\"item\":\"https:\/\/www.lazioinnova.it\/spazioattivo\/\"},{\"@type\":\"ListItem\",\"position\":2,\"name\":\"Startupper School Academy 2023-24\",\"item\":\"https:\/\/www.lazioinnova.it\/spazioattivo\/startupper-school-academy-2023-24\/\"},{\"@type\":\"ListItem\",\"position\":3,\"name\":\"Startupper tra i banchi di scuola 2023-2024 &#8211; Contest &#8220;Heritage Games: patrimonio da Salva(gioca)re&#8221;\"}]},{\"@type\":\"WebSite\",\"@id\":\"https:\/\/www.lazioinnova.it\/spazioattivo\/#website\",\"url\":\"https:\/\/www.lazioinnova.it\/spazioattivo\/\",\"name\":\"Spazio Attivo - LazioInnova\",\"description\":\"Lazio innova\",\"potentialAction\":[{\"@type\":\"SearchAction\",\"target\":{\"@type\":\"EntryPoint\",\"urlTemplate\":\"https:\/\/www.lazioinnova.it\/spazioattivo\/?s={search_term_string}\"},\"query-input\":{\"@type\":\"PropertyValueSpecification\",\"valueRequired\":true,\"valueName\":\"search_term_string\"}}],\"inLanguage\":\"it-IT\"}]}<\/script>\n<!-- \/ Yoast SEO plugin. -->","yoast_head_json":{"title":"Startupper tra i banchi di scuola 2023-2024 - Contest \"Heritage Games: patrimonio da Salva(gioca)re\" - Spazio Attivo - LazioInnova","robots":{"index":"index","follow":"follow","max-snippet":"max-snippet:-1","max-image-preview":"max-image-preview:large","max-video-preview":"max-video-preview:-1"},"canonical":"https:\/\/www.lazioinnova.it\/spazioattivo\/startupper-school-academy-2023-24\/startupper-tra-i-banchi-di-scuola-2023-2024brcontest-heritage-gamespatrimonio-da-salvagiocare\/","og_locale":"it_IT","og_type":"article","og_title":"Startupper tra i banchi di scuola 2023-2024 - Contest \"Heritage Games: patrimonio da Salva(gioca)re\" - Spazio Attivo - LazioInnova","og_description":"Progetti Vincitori: ISTITUTO SCOLASTICO: LICEO LINGUISTICO MAESTRE PIE FILIPPINI &#8211; Frascati (Roma) ISTITUTO SCOLASTICO: ITTUR LIVIA BOTTARDI- Roma","og_url":"https:\/\/www.lazioinnova.it\/spazioattivo\/startupper-school-academy-2023-24\/startupper-tra-i-banchi-di-scuola-2023-2024brcontest-heritage-gamespatrimonio-da-salvagiocare\/","og_site_name":"Spazio Attivo - LazioInnova","article_modified_time":"2024-10-07T11:18:13+00:00","og_image":[{"url":"https:\/\/www.lazioinnova.it\/spazioattivo\/app\/uploads\/2024\/06\/Underwater1-1024x585.png","type":"","width":"","height":""}],"twitter_card":"summary_large_image","twitter_misc":{"Est. reading time":"3 minuti"},"schema":{"@context":"https:\/\/schema.org","@graph":[{"@type":"WebPage","@id":"https:\/\/www.lazioinnova.it\/spazioattivo\/startupper-school-academy-2023-24\/startupper-tra-i-banchi-di-scuola-2023-2024brcontest-heritage-gamespatrimonio-da-salvagiocare\/","url":"https:\/\/www.lazioinnova.it\/spazioattivo\/startupper-school-academy-2023-24\/startupper-tra-i-banchi-di-scuola-2023-2024brcontest-heritage-gamespatrimonio-da-salvagiocare\/","name":"Startupper tra i banchi di scuola 2023-2024 - Contest \"Heritage Games: patrimonio da Salva(gioca)re\" - Spazio Attivo - LazioInnova","isPartOf":{"@id":"https:\/\/www.lazioinnova.it\/spazioattivo\/#website"},"primaryImageOfPage":{"@id":"https:\/\/www.lazioinnova.it\/spazioattivo\/startupper-school-academy-2023-24\/startupper-tra-i-banchi-di-scuola-2023-2024brcontest-heritage-gamespatrimonio-da-salvagiocare\/#primaryimage"},"image":{"@id":"https:\/\/www.lazioinnova.it\/spazioattivo\/startupper-school-academy-2023-24\/startupper-tra-i-banchi-di-scuola-2023-2024brcontest-heritage-gamespatrimonio-da-salvagiocare\/#primaryimage"},"thumbnailUrl":"https:\/\/www.lazioinnova.it\/spazioattivo\/app\/uploads\/2024\/06\/Underwater1-1024x585.png","datePublished":"2024-06-06T10:56:59+00:00","dateModified":"2024-10-07T11:18:13+00:00","breadcrumb":{"@id":"https:\/\/www.lazioinnova.it\/spazioattivo\/startupper-school-academy-2023-24\/startupper-tra-i-banchi-di-scuola-2023-2024brcontest-heritage-gamespatrimonio-da-salvagiocare\/#breadcrumb"},"inLanguage":"it-IT","potentialAction":[{"@type":"ReadAction","target":["https:\/\/www.lazioinnova.it\/spazioattivo\/startupper-school-academy-2023-24\/startupper-tra-i-banchi-di-scuola-2023-2024brcontest-heritage-gamespatrimonio-da-salvagiocare\/"]}]},{"@type":"ImageObject","inLanguage":"it-IT","@id":"https:\/\/www.lazioinnova.it\/spazioattivo\/startupper-school-academy-2023-24\/startupper-tra-i-banchi-di-scuola-2023-2024brcontest-heritage-gamespatrimonio-da-salvagiocare\/#primaryimage","url":"https:\/\/www.lazioinnova.it\/spazioattivo\/app\/uploads\/2024\/06\/Underwater1.png","contentUrl":"https:\/\/www.lazioinnova.it\/spazioattivo\/app\/uploads\/2024\/06\/Underwater1.png","width":1344,"height":768},{"@type":"BreadcrumbList","@id":"https:\/\/www.lazioinnova.it\/spazioattivo\/startupper-school-academy-2023-24\/startupper-tra-i-banchi-di-scuola-2023-2024brcontest-heritage-gamespatrimonio-da-salvagiocare\/#breadcrumb","itemListElement":[{"@type":"ListItem","position":1,"name":"Spazio Attivo","item":"https:\/\/www.lazioinnova.it\/spazioattivo\/"},{"@type":"ListItem","position":2,"name":"Startupper School Academy 2023-24","item":"https:\/\/www.lazioinnova.it\/spazioattivo\/startupper-school-academy-2023-24\/"},{"@type":"ListItem","position":3,"name":"Startupper tra i banchi di scuola 2023-2024 &#8211; Contest &#8220;Heritage Games: patrimonio da Salva(gioca)re&#8221;"}]},{"@type":"WebSite","@id":"https:\/\/www.lazioinnova.it\/spazioattivo\/#website","url":"https:\/\/www.lazioinnova.it\/spazioattivo\/","name":"Spazio Attivo - LazioInnova","description":"Lazio innova","potentialAction":[{"@type":"SearchAction","target":{"@type":"EntryPoint","urlTemplate":"https:\/\/www.lazioinnova.it\/spazioattivo\/?s={search_term_string}"},"query-input":{"@type":"PropertyValueSpecification","valueRequired":true,"valueName":"search_term_string"}}],"inLanguage":"it-IT"}]}},"featured_image_src":null,"featured_image_src_square":null,"_links":{"self":[{"href":"https:\/\/www.lazioinnova.it\/spazioattivo\/wp-json\/wp\/v2\/pages\/31058","targetHints":{"allow":["GET"]}}],"collection":[{"href":"https:\/\/www.lazioinnova.it\/spazioattivo\/wp-json\/wp\/v2\/pages"}],"about":[{"href":"https:\/\/www.lazioinnova.it\/spazioattivo\/wp-json\/wp\/v2\/types\/page"}],"author":[{"embeddable":true,"href":"https:\/\/www.lazioinnova.it\/spazioattivo\/wp-json\/wp\/v2\/users\/2"}],"replies":[{"embeddable":true,"href":"https:\/\/www.lazioinnova.it\/spazioattivo\/wp-json\/wp\/v2\/comments?post=31058"}],"version-history":[{"count":14,"href":"https:\/\/www.lazioinnova.it\/spazioattivo\/wp-json\/wp\/v2\/pages\/31058\/revisions"}],"predecessor-version":[{"id":31282,"href":"https:\/\/www.lazioinnova.it\/spazioattivo\/wp-json\/wp\/v2\/pages\/31058\/revisions\/31282"}],"up":[{"embeddable":true,"href":"https:\/\/www.lazioinnova.it\/spazioattivo\/wp-json\/wp\/v2\/pages\/30985"}],"wp:attachment":[{"href":"https:\/\/www.lazioinnova.it\/spazioattivo\/wp-json\/wp\/v2\/media?parent=31058"}],"curies":[{"name":"wp","href":"https:\/\/api.w.org\/{rel}","templated":true}]}}