{"id":31380,"date":"2024-11-18T16:55:47","date_gmt":"2024-11-18T16:55:47","guid":{"rendered":"https:\/\/www.lazioinnova.it\/spazioattivo\/?page_id=31380"},"modified":"2024-11-22T09:37:31","modified_gmt":"2024-11-22T09:37:31","slug":"food-innovation-hub-2024","status":"publish","type":"page","link":"https:\/\/www.lazioinnova.it\/spazioattivo\/food-innovation-hub-2024\/","title":{"rendered":"Food Innovation Hub 2024"},"content":{"rendered":"\n<h1 class=\"wp-block-heading\" id=\"iii-edizione\">III Edizione: I progetti finalisti<\/h1>\n\n\n\n<p><br>La terza edizione di Food Innovation Hub ha accompagnato verso il mercato soluzioni innovative al servizio della filiera agroindustriale.<\/p>\n\n\n\n<p>Di seguito, i progetti che sono giunti alla conclusione del percorso.<\/p>\n\n\n\n<p>Per saperne di pi\u00f9 sulla terza edizione del Laboratorio o candidarsi come partner, visitare la <a href=\"https:\/\/www.lazioinnova.it\/innovazione-aperta\/iniziativa\/food-innovation-hub-3\/\"><strong>landing page<\/strong><\/a> dedicata.<\/p>\n\n\n\n<p><strong><a href=\"https:\/\/www.lazioinnova.it\/spazioattivo\/food-innovation-hub\/\">QUI<\/a> <\/strong>maggiori dettagli sulle prime due edizioni.<\/p>\n\n\n\n<div class=\"ghostkit-divider ghostkit-divider-type-solid ghostkit-custom-2eU0YW\"><\/div>\n\n\n\n<h3 class=\"wp-block-heading has-background\" id=\"polyter-agrifertile-srl\" style=\"background-color:#adeed4\"><strong>POLYTER &#8211; Agrifertile srl<\/strong><\/h3>\n\n\n<div class=\"wp-block-image\">\n<figure class=\"alignleft size-full\"><img loading=\"lazy\" decoding=\"async\" width=\"400\" height=\"324\" src=\"https:\/\/www.lazioinnova.it\/spazioattivo\/app\/uploads\/2024\/11\/Agrifertile-Logo-Polyter-4.png\" alt=\"\" class=\"wp-image-31397\" srcset=\"https:\/\/www.lazioinnova.it\/spazioattivo\/app\/uploads\/2024\/11\/Agrifertile-Logo-Polyter-4.png 400w, https:\/\/www.lazioinnova.it\/spazioattivo\/app\/uploads\/2024\/11\/Agrifertile-Logo-Polyter-4-300x243.png 300w\" sizes=\"auto, (max-width: 400px) 100vw, 400px\" \/><\/figure><\/div>\n\n\n<p><a href=\"https:\/\/www.polyter.it\/\" target=\"_blank\" rel=\"noreferrer noopener\">www.polyter.it<\/a><\/p>\n\n\n\n<p class=\"has-black-color has-text-color has-link-color wp-elements-406479b01f2408ec431ce13211599f53\">Polyter \u00e8 un idroretentore fertilizzante biodegradabile naturalmente nel suolo che assorbe acqua fino a 200 volte il suo peso, riducendo il consumo idrico fino all\u201980%, il consumo di fertilizzanti fino al 50% e migliorando la resa agricola del 30-100%. Il Polyter aumenta da 3 a 5 volte la massa radicale, e migliora la qualit\u00e0 delle piante, con un impatto positivo su efficienza e sostenibilit\u00e0 agricola.<\/p>\n\n\n\n<div class=\"ghostkit-divider ghostkit-divider-type-solid ghostkit-custom-Z1pw6pt\"><\/div>\n\n\n\n<p class=\"has-vivid-red-color has-text-color has-link-color wp-elements-56e3f71bf9facf690dee30f370c732ba\"><strong>Progetto I Classificato &#8211; Vincitore del Premio da 10.000 euro<\/strong><br><\/p>\n\n\n\n<h3 class=\"wp-block-heading has-background\" id=\"agrobit-agrobit-srl\" style=\"background-color:#adeed4\"><strong>Agrobit &#8211; Agrobit srl<\/strong><\/h3>\n\n\n<div class=\"wp-block-image\">\n<figure class=\"alignleft size-full\"><img loading=\"lazy\" decoding=\"async\" width=\"400\" height=\"325\" src=\"https:\/\/www.lazioinnova.it\/spazioattivo\/app\/uploads\/2024\/11\/Agrobit-logo-3.png\" alt=\"\" class=\"wp-image-31394\" srcset=\"https:\/\/www.lazioinnova.it\/spazioattivo\/app\/uploads\/2024\/11\/Agrobit-logo-3.png 400w, https:\/\/www.lazioinnova.it\/spazioattivo\/app\/uploads\/2024\/11\/Agrobit-logo-3-300x244.png 300w\" sizes=\"auto, (max-width: 400px) 100vw, 400px\" \/><\/figure><\/div>\n\n\n<p><a href=\"https:\/\/www.agrobit.ag\/\" target=\"_blank\" rel=\"noreferrer noopener\">www.agrobit.ag<\/a><\/p>\n\n\n\n<p>Sistemi di supporto alle decisioni (DSS) per il comparto agricolo. La mobile app iAgro e il servizio iDrone sfruttano immagini raccolte da smartphone e da drone per radiografare le colture, creare mappe e modelli 3D (digital twin) e analizzarli con algoritmi, al fine di dare ad aziende e tecnici suggerimenti su come ottimizzare l\u2019apporto di input chimici o acqua, perseguendo la sostenibilit\u00e0 economica, ambientale e sociale.<br><\/p>\n\n\n\n<div class=\"ghostkit-divider ghostkit-divider-type-solid ghostkit-custom-t5tzI\"><\/div>\n\n\n\n<h3 class=\"wp-block-heading has-background\" id=\"nuetra-dal-digital-labeling-al-carbon-labeling-altera-fabrica-srls\" style=\"background-color:#adeed4\"><strong>nUEtra <\/strong>\u00ae dal \u00abdigital labeling\u00bb al \u00abcarbon labeling\u00bb &#8211; <strong>Altera Fabrica srls<\/strong><\/h3>\n\n\n<div class=\"wp-block-image\">\n<figure class=\"alignleft size-full\"><img loading=\"lazy\" decoding=\"async\" width=\"400\" height=\"324\" src=\"https:\/\/www.lazioinnova.it\/spazioattivo\/app\/uploads\/2024\/11\/Altera-Fabrica-Logo-nEUtra-2.png\" alt=\"\" class=\"wp-image-31398\" srcset=\"https:\/\/www.lazioinnova.it\/spazioattivo\/app\/uploads\/2024\/11\/Altera-Fabrica-Logo-nEUtra-2.png 400w, https:\/\/www.lazioinnova.it\/spazioattivo\/app\/uploads\/2024\/11\/Altera-Fabrica-Logo-nEUtra-2-300x243.png 300w\" sizes=\"auto, (max-width: 400px) 100vw, 400px\" \/><\/figure><\/div>\n\n\n<p><br>Un\u2019informazione B2C certificata con Blockchain da cui produttori, consumatori e ambiente traggono beneficio dalle buone pratiche ecosostenibili. <br>Una comunicazione immediata e diretta dal packaging alla tavola per raccontare e valorizzare le buone pratiche dei produttori virtuosi e rispettosi dell&#8217;ambiente.<br><br><br><\/p>\n\n\n\n<h3 class=\"wp-block-heading has-background\" id=\"bye-bye-srl\" style=\"background-color:#adeed4\"><strong>BYE &#8211; Bye srl<\/strong><\/h3>\n\n\n<div class=\"wp-block-image\">\n<figure class=\"alignleft size-full\"><img loading=\"lazy\" decoding=\"async\" width=\"400\" height=\"324\" src=\"https:\/\/www.lazioinnova.it\/spazioattivo\/app\/uploads\/2024\/11\/BYE-SRL-LOGO-2.png\" alt=\"\" class=\"wp-image-31401\" srcset=\"https:\/\/www.lazioinnova.it\/spazioattivo\/app\/uploads\/2024\/11\/BYE-SRL-LOGO-2.png 400w, https:\/\/www.lazioinnova.it\/spazioattivo\/app\/uploads\/2024\/11\/BYE-SRL-LOGO-2-300x243.png 300w\" sizes=\"auto, (max-width: 400px) 100vw, 400px\" \/><\/figure><\/div>\n\n\n<p><a href=\"https:\/\/byesrl.it\/\" target=\"_blank\" rel=\"noreferrer noopener\">byesrl.it<\/a><\/p>\n\n\n\n<p>BYE \u00e8 un impianto modulare e scalabile, che trasforma il rifiuto di matrice legnosa (potature vigne, alberi da frutto, verde urbano, scarto di lavorazioni agroalimentari gusci e noccioli, tutolo di mais, sansa, digestato, etc. scarti o sfridi dell\u2019industria di trasformazione del legno) in energia elettrica e termica. La trasformazione della biomassa in Syngas avviene nel reattore a pressione ambiente, senza immissione in atmosfera di inquinanti.&nbsp;<br>Il syngas, raffinato, pulito e con una temperatura di circa 50\u00b0C \u00e8 inviato al cogeneratore per la produzione di energia.<br><br><\/p>\n\n\n\n<h3 class=\"wp-block-heading has-background\" id=\"tethys-centrale-valutativa-srl\" style=\"background-color:#adeed4\"><strong>TETHYS &#8211; Centrale Valutativa srl<\/strong><\/h3>\n\n\n<div class=\"wp-block-image\">\n<figure class=\"alignleft size-full\"><img loading=\"lazy\" decoding=\"async\" width=\"400\" height=\"326\" src=\"https:\/\/www.lazioinnova.it\/spazioattivo\/app\/uploads\/2024\/11\/Logo-tethys-2.png\" alt=\"\" class=\"wp-image-31403\" srcset=\"https:\/\/www.lazioinnova.it\/spazioattivo\/app\/uploads\/2024\/11\/Logo-tethys-2.png 400w, https:\/\/www.lazioinnova.it\/spazioattivo\/app\/uploads\/2024\/11\/Logo-tethys-2-300x245.png 300w\" sizes=\"auto, (max-width: 400px) 100vw, 400px\" \/><\/figure><\/div>\n\n\n<p><a href=\"https:\/\/tethys.farm\/\" target=\"_blank\" rel=\"noreferrer noopener\">tethys.farm<\/a><\/p>\n\n\n\n<p>App per l\u2019agricoltura di precisione basata su immagini satellitari e altri dati che non richiede n\u00e9 l\u2019installazione n\u00e9 la manutenzione di centraline o sensori in campo. Basta uno smartphone, un tablet o un PC per accedere subito a tutte le informazioni che contano. Il suo uso consente un minore utilizzo degli input, la riduzione dei tempi di attivit\u00e0 e decisioni pi\u00f9 rapide, migliorando la sostenibilit\u00e0 ambientale e la redditivit\u00e0 delle produzioni.<br><br><\/p>\n\n\n\n<h3 class=\"wp-block-heading has-background\" id=\"yeastime-yeastime-srl\" style=\"background-color:#adeed4\"><strong>YEASTIME &#8211; Yeastime srl&nbsp;<\/strong><\/h3>\n\n\n<div class=\"wp-block-image\">\n<figure class=\"alignleft size-full\"><img loading=\"lazy\" decoding=\"async\" width=\"400\" height=\"324\" src=\"https:\/\/www.lazioinnova.it\/spazioattivo\/app\/uploads\/2024\/11\/Yeastime-2.png\" alt=\"\" class=\"wp-image-31409\" srcset=\"https:\/\/www.lazioinnova.it\/spazioattivo\/app\/uploads\/2024\/11\/Yeastime-2.png 400w, https:\/\/www.lazioinnova.it\/spazioattivo\/app\/uploads\/2024\/11\/Yeastime-2-300x243.png 300w\" sizes=\"auto, (max-width: 400px) 100vw, 400px\" \/><\/figure><\/div>\n\n\n<p><a href=\"https:\/\/www.yeastime.com\/\" target=\"_blank\" rel=\"noreferrer noopener\">www.yeastime.com<\/a><\/p>\n\n\n\n<p>Tecnologia innovativa a ultrasuoni che ottimizza i processi di fermentazione accelerandoli del del 30%. La tecnologia \u00e8 applicata a lieviti, batteri e microalghe verdi, con un prodotto pronto per il mercato della produzione di birra, proteine alternative e novel foods. La tecnologia stimola il metabolismo cellulare, senza necessit\u00e0 di modificare i bioreattori esistenti, migliorando l\u2019accessibilit\u00e0 ai nutrienti e rimuovendo metaboliti inibitori, consentendo una produzione pi\u00f9 efficiente, sostenibile e con una riduzione significativa dei consumi energetici.\u00a0<\/p>\n\n\n\n<div class=\"ghostkit-divider ghostkit-divider-type-solid ghostkit-custom-Z1DSY0d\"><\/div>\n\n\n\n<p class=\"has-vivid-red-color has-text-color has-link-color wp-elements-0e0828c9c0796f98cc0d1fc9b58739c9\"><strong>Progetto II Classificato &#8211; Vincitore del Premio da 10.000 euro<\/strong><\/p>\n\n\n\n<h3 class=\"wp-block-heading has-background\" id=\"terragrid-terravionics-srl\" style=\"background-color:#adeed4\"><strong>TERRAGRID &#8211; Terravionics srl<\/strong><\/h3>\n\n\n<div class=\"wp-block-image\">\n<figure class=\"alignleft size-full\"><img loading=\"lazy\" decoding=\"async\" width=\"400\" height=\"325\" src=\"https:\/\/www.lazioinnova.it\/spazioattivo\/app\/uploads\/2024\/11\/TERRAVIONICS_2.png\" alt=\"\" class=\"wp-image-31404\" srcset=\"https:\/\/www.lazioinnova.it\/spazioattivo\/app\/uploads\/2024\/11\/TERRAVIONICS_2.png 400w, https:\/\/www.lazioinnova.it\/spazioattivo\/app\/uploads\/2024\/11\/TERRAVIONICS_2-300x244.png 300w\" sizes=\"auto, (max-width: 400px) 100vw, 400px\" \/><\/figure><\/div>\n\n\n<p><a href=\"https:\/\/www.terravionics.com\/\" target=\"_blank\" rel=\"noreferrer noopener\">www.terravionics.com<\/a><\/p>\n\n\n\n<p>La soluzione analizza il campo come un \u201csistema complesso\u201d, facendo convergere dati che all\u2019occhio umano sono sconnessi (satellitari, meteo, da sensoristica, da droni, analisi del terreno), attraverso un modello matematico georeferenziato (Digital Twin) e metodologie di data science (AI, ma non solo). Realizzando sistemi di early warning, analisi retrospettiva e simulazioni di scenario in un sistema personalizzato di monitoraggio georeferenziato per il supporto alle decisioni, ottimizzando le risorse e contribuendo a ridurre l&#8217;impatto ambientale.<\/p>\n\n\n\n<div class=\"ghostkit-divider ghostkit-divider-type-solid ghostkit-custom-1UiG6r\"><\/div>\n","protected":false},"excerpt":{"rendered":"<p>III Edizione: I progetti finalisti La terza edizione di Food Innovation Hub ha accompagnato verso il mercato soluzioni innovative al servizio della filiera agroindustriale. Di seguito, i progetti che sono giunti alla conclusione del percorso. Per saperne di pi\u00f9 sulla terza edizione del Laboratorio o candidarsi come partner, visitare la landing page dedicata. QUI maggiori [&hellip;]<\/p>\n","protected":false},"author":2,"featured_media":0,"parent":0,"menu_order":0,"comment_status":"closed","ping_status":"closed","template":"","meta":{"_acf_changed":false,"ghostkit_customizer_options":"","ghostkit_custom_css":"","ghostkit_custom_js_head":"","ghostkit_custom_js_foot":"","ghostkit_typography":"","footnotes":""},"class_list":["post-31380","page","type-page","status-publish","hentry"],"acf":[],"yoast_head":"<!-- This site is optimized with the Yoast SEO plugin v24.2 - https:\/\/yoast.com\/wordpress\/plugins\/seo\/ -->\n<title>Food Innovation Hub 2024 - Spazio Attivo - LazioInnova<\/title>\n<meta name=\"robots\" content=\"index, follow, max-snippet:-1, max-image-preview:large, max-video-preview:-1\" \/>\n<link rel=\"canonical\" href=\"https:\/\/www.lazioinnova.it\/spazioattivo\/food-innovation-hub-2024\/\" \/>\n<meta property=\"og:locale\" content=\"it_IT\" \/>\n<meta property=\"og:type\" content=\"article\" \/>\n<meta property=\"og:title\" content=\"Food Innovation Hub 2024 - Spazio Attivo - LazioInnova\" \/>\n<meta property=\"og:description\" content=\"III Edizione: I progetti finalisti La terza edizione di Food Innovation Hub ha accompagnato verso il mercato soluzioni innovative al servizio della filiera agroindustriale. Di seguito, i progetti che sono giunti alla conclusione del percorso. Per saperne di pi\u00f9 sulla terza edizione del Laboratorio o candidarsi come partner, visitare la landing page dedicata. QUI maggiori [&hellip;]\" \/>\n<meta property=\"og:url\" content=\"https:\/\/www.lazioinnova.it\/spazioattivo\/food-innovation-hub-2024\/\" \/>\n<meta property=\"og:site_name\" content=\"Spazio Attivo - LazioInnova\" \/>\n<meta property=\"article:modified_time\" content=\"2024-11-22T09:37:31+00:00\" \/>\n<meta property=\"og:image\" content=\"https:\/\/www.lazioinnova.it\/spazioattivo\/app\/uploads\/2024\/11\/Agrifertile-Logo-Polyter-4.png\" \/>\n<meta name=\"twitter:card\" content=\"summary_large_image\" \/>\n<meta name=\"twitter:label1\" content=\"Est. reading time\" \/>\n\t<meta name=\"twitter:data1\" content=\"5 minuti\" \/>\n<script type=\"application\/ld+json\" class=\"yoast-schema-graph\">{\"@context\":\"https:\/\/schema.org\",\"@graph\":[{\"@type\":\"WebPage\",\"@id\":\"https:\/\/www.lazioinnova.it\/spazioattivo\/food-innovation-hub-2024\/\",\"url\":\"https:\/\/www.lazioinnova.it\/spazioattivo\/food-innovation-hub-2024\/\",\"name\":\"Food Innovation Hub 2024 - Spazio Attivo - LazioInnova\",\"isPartOf\":{\"@id\":\"https:\/\/www.lazioinnova.it\/spazioattivo\/#website\"},\"primaryImageOfPage\":{\"@id\":\"https:\/\/www.lazioinnova.it\/spazioattivo\/food-innovation-hub-2024\/#primaryimage\"},\"image\":{\"@id\":\"https:\/\/www.lazioinnova.it\/spazioattivo\/food-innovation-hub-2024\/#primaryimage\"},\"thumbnailUrl\":\"https:\/\/www.lazioinnova.it\/spazioattivo\/app\/uploads\/2024\/11\/Agrifertile-Logo-Polyter-4.png\",\"datePublished\":\"2024-11-18T16:55:47+00:00\",\"dateModified\":\"2024-11-22T09:37:31+00:00\",\"breadcrumb\":{\"@id\":\"https:\/\/www.lazioinnova.it\/spazioattivo\/food-innovation-hub-2024\/#breadcrumb\"},\"inLanguage\":\"it-IT\",\"potentialAction\":[{\"@type\":\"ReadAction\",\"target\":[\"https:\/\/www.lazioinnova.it\/spazioattivo\/food-innovation-hub-2024\/\"]}]},{\"@type\":\"ImageObject\",\"inLanguage\":\"it-IT\",\"@id\":\"https:\/\/www.lazioinnova.it\/spazioattivo\/food-innovation-hub-2024\/#primaryimage\",\"url\":\"https:\/\/www.lazioinnova.it\/spazioattivo\/app\/uploads\/2024\/11\/Agrifertile-Logo-Polyter-4.png\",\"contentUrl\":\"https:\/\/www.lazioinnova.it\/spazioattivo\/app\/uploads\/2024\/11\/Agrifertile-Logo-Polyter-4.png\",\"width\":400,\"height\":324},{\"@type\":\"BreadcrumbList\",\"@id\":\"https:\/\/www.lazioinnova.it\/spazioattivo\/food-innovation-hub-2024\/#breadcrumb\",\"itemListElement\":[{\"@type\":\"ListItem\",\"position\":1,\"name\":\"Spazio Attivo\",\"item\":\"https:\/\/www.lazioinnova.it\/spazioattivo\/\"},{\"@type\":\"ListItem\",\"position\":2,\"name\":\"Food Innovation Hub 2024\"}]},{\"@type\":\"WebSite\",\"@id\":\"https:\/\/www.lazioinnova.it\/spazioattivo\/#website\",\"url\":\"https:\/\/www.lazioinnova.it\/spazioattivo\/\",\"name\":\"Spazio Attivo - LazioInnova\",\"description\":\"Lazio innova\",\"potentialAction\":[{\"@type\":\"SearchAction\",\"target\":{\"@type\":\"EntryPoint\",\"urlTemplate\":\"https:\/\/www.lazioinnova.it\/spazioattivo\/?s={search_term_string}\"},\"query-input\":{\"@type\":\"PropertyValueSpecification\",\"valueRequired\":true,\"valueName\":\"search_term_string\"}}],\"inLanguage\":\"it-IT\"}]}<\/script>\n<!-- \/ Yoast SEO plugin. -->","yoast_head_json":{"title":"Food Innovation Hub 2024 - Spazio Attivo - LazioInnova","robots":{"index":"index","follow":"follow","max-snippet":"max-snippet:-1","max-image-preview":"max-image-preview:large","max-video-preview":"max-video-preview:-1"},"canonical":"https:\/\/www.lazioinnova.it\/spazioattivo\/food-innovation-hub-2024\/","og_locale":"it_IT","og_type":"article","og_title":"Food Innovation Hub 2024 - Spazio Attivo - LazioInnova","og_description":"III Edizione: I progetti finalisti La terza edizione di Food Innovation Hub ha accompagnato verso il mercato soluzioni innovative al servizio della filiera agroindustriale. Di seguito, i progetti che sono giunti alla conclusione del percorso. Per saperne di pi\u00f9 sulla terza edizione del Laboratorio o candidarsi come partner, visitare la landing page dedicata. QUI maggiori [&hellip;]","og_url":"https:\/\/www.lazioinnova.it\/spazioattivo\/food-innovation-hub-2024\/","og_site_name":"Spazio Attivo - LazioInnova","article_modified_time":"2024-11-22T09:37:31+00:00","og_image":[{"url":"https:\/\/www.lazioinnova.it\/spazioattivo\/app\/uploads\/2024\/11\/Agrifertile-Logo-Polyter-4.png","type":"","width":"","height":""}],"twitter_card":"summary_large_image","twitter_misc":{"Est. reading time":"5 minuti"},"schema":{"@context":"https:\/\/schema.org","@graph":[{"@type":"WebPage","@id":"https:\/\/www.lazioinnova.it\/spazioattivo\/food-innovation-hub-2024\/","url":"https:\/\/www.lazioinnova.it\/spazioattivo\/food-innovation-hub-2024\/","name":"Food Innovation Hub 2024 - Spazio Attivo - LazioInnova","isPartOf":{"@id":"https:\/\/www.lazioinnova.it\/spazioattivo\/#website"},"primaryImageOfPage":{"@id":"https:\/\/www.lazioinnova.it\/spazioattivo\/food-innovation-hub-2024\/#primaryimage"},"image":{"@id":"https:\/\/www.lazioinnova.it\/spazioattivo\/food-innovation-hub-2024\/#primaryimage"},"thumbnailUrl":"https:\/\/www.lazioinnova.it\/spazioattivo\/app\/uploads\/2024\/11\/Agrifertile-Logo-Polyter-4.png","datePublished":"2024-11-18T16:55:47+00:00","dateModified":"2024-11-22T09:37:31+00:00","breadcrumb":{"@id":"https:\/\/www.lazioinnova.it\/spazioattivo\/food-innovation-hub-2024\/#breadcrumb"},"inLanguage":"it-IT","potentialAction":[{"@type":"ReadAction","target":["https:\/\/www.lazioinnova.it\/spazioattivo\/food-innovation-hub-2024\/"]}]},{"@type":"ImageObject","inLanguage":"it-IT","@id":"https:\/\/www.lazioinnova.it\/spazioattivo\/food-innovation-hub-2024\/#primaryimage","url":"https:\/\/www.lazioinnova.it\/spazioattivo\/app\/uploads\/2024\/11\/Agrifertile-Logo-Polyter-4.png","contentUrl":"https:\/\/www.lazioinnova.it\/spazioattivo\/app\/uploads\/2024\/11\/Agrifertile-Logo-Polyter-4.png","width":400,"height":324},{"@type":"BreadcrumbList","@id":"https:\/\/www.lazioinnova.it\/spazioattivo\/food-innovation-hub-2024\/#breadcrumb","itemListElement":[{"@type":"ListItem","position":1,"name":"Spazio Attivo","item":"https:\/\/www.lazioinnova.it\/spazioattivo\/"},{"@type":"ListItem","position":2,"name":"Food Innovation Hub 2024"}]},{"@type":"WebSite","@id":"https:\/\/www.lazioinnova.it\/spazioattivo\/#website","url":"https:\/\/www.lazioinnova.it\/spazioattivo\/","name":"Spazio Attivo - LazioInnova","description":"Lazio innova","potentialAction":[{"@type":"SearchAction","target":{"@type":"EntryPoint","urlTemplate":"https:\/\/www.lazioinnova.it\/spazioattivo\/?s={search_term_string}"},"query-input":{"@type":"PropertyValueSpecification","valueRequired":true,"valueName":"search_term_string"}}],"inLanguage":"it-IT"}]}},"featured_image_src":null,"featured_image_src_square":null,"_links":{"self":[{"href":"https:\/\/www.lazioinnova.it\/spazioattivo\/wp-json\/wp\/v2\/pages\/31380","targetHints":{"allow":["GET"]}}],"collection":[{"href":"https:\/\/www.lazioinnova.it\/spazioattivo\/wp-json\/wp\/v2\/pages"}],"about":[{"href":"https:\/\/www.lazioinnova.it\/spazioattivo\/wp-json\/wp\/v2\/types\/page"}],"author":[{"embeddable":true,"href":"https:\/\/www.lazioinnova.it\/spazioattivo\/wp-json\/wp\/v2\/users\/2"}],"replies":[{"embeddable":true,"href":"https:\/\/www.lazioinnova.it\/spazioattivo\/wp-json\/wp\/v2\/comments?post=31380"}],"version-history":[{"count":24,"href":"https:\/\/www.lazioinnova.it\/spazioattivo\/wp-json\/wp\/v2\/pages\/31380\/revisions"}],"predecessor-version":[{"id":31418,"href":"https:\/\/www.lazioinnova.it\/spazioattivo\/wp-json\/wp\/v2\/pages\/31380\/revisions\/31418"}],"wp:attachment":[{"href":"https:\/\/www.lazioinnova.it\/spazioattivo\/wp-json\/wp\/v2\/media?parent=31380"}],"curies":[{"name":"wp","href":"https:\/\/api.w.org\/{rel}","templated":true}]}}