{"id":9283,"date":"2017-06-07T14:06:58","date_gmt":"2017-06-07T13:06:58","guid":{"rendered":"https:\/\/www.lazioinnova.it\/?page_id=9283"},"modified":"2024-10-03T09:04:56","modified_gmt":"2024-10-03T09:04:56","slug":"progetti-europei","status":"publish","type":"page","link":"https:\/\/www.lazioinnova.it\/spazioattivo\/progetti-europei\/","title":{"rendered":"Progetti Europei"},"content":{"rendered":"\n<p>L\u2019Unione europea, per il periodo 2021-2027, ha messo a disposizione, oltre ai \u201cFinanziamenti Indiretti\u201d, i cosiddetti Fondi Strutturali e di Investimento Europei (SIE), anche i \u201c<strong>Finanziamenti Diretti<\/strong>\u201d destinati a progetti di cooperazione che richiedano <strong>la costituzione di partenariati transnazionali con la partecipazione di almeno tre Stati Membri<\/strong>.<\/p>\n\n\n\n<div class=\"ghostkit-accordion ghostkit-accordion-1\">\n<div class=\"ghostkit-accordion-item ghostkit-custom-ZG7DLC\" data-accordion=\"accordion-cosa-sono-i-fondi-diretti\"><div class=\"ghostkit-accordion-item-heading\"><button type=\"button\" id=\"accordion-cosa-sono-i-fondi-diretti-button\" aria-expanded=\"false\" aria-controls=\"accordion-cosa-sono-i-fondi-diretti-content\"><span class=\"ghostkit-accordion-item-label\">  Cosa sono i <strong>Fondi Diretti<\/strong><\/span><span class=\"ghostkit-accordion-item-collapse\"><svg class=\"ghostkit-svg-icon\" width=\"24\" height=\"24\" viewBox=\"0 0 24 24\" fill=\"none\" xmlns=\"http:\/\/www.w3.org\/2000\/svg\"><path d=\"M9.21967 6.2197C9.51256 5.9268 9.98744 5.9268 10.2803 6.2197L15.5303 11.4697C15.8232 11.7626 15.8232 12.2374 15.5303 12.5303L10.2803 17.7803C9.98744 18.0732 9.51256 18.0732 9.21967 17.7803C8.92678 17.4874 8.92678 17.0126 9.21967 16.7197L13.9393 12L9.21967 7.2803C8.92678 6.9874 8.92678 6.5126 9.21967 6.2197Z\" fill=\"currentColor\"><\/path><\/svg><\/span><\/button><\/div><div id=\"accordion-cosa-sono-i-fondi-diretti-content\" class=\"ghostkit-accordion-item-content is-layout-flow wp-block-accordion-item-is-layout-flow\" role=\"region\" aria-labelledby=\"accordion-cosa-sono-i-fondi-diretti-button\">\n<p> I<strong> Fondi Diretti <\/strong>fanno riferimento a specifici Programmi Comunitari dedicati a temi economici, sociali, culturali, ambientali e di ricerca scientifica.<\/p>\n\n\n\n<p> Sono <strong>gestiti direttamente <\/strong>dalle diverse <strong>Direzioni Generali della Commissione Europea <\/strong>che sono responsabili di tutte le fasi progettuali: elaborazione e pubblicazione dei bandi, selezione delle proposte, certificazione delle spese ed erogazione del co-finanziamento.<\/p>\n\n\n\n<p> Le <strong>\u201cCalls for proposals\u201d dei Fondi Diretti <\/strong>sono pubblicate periodicamente sulla Gazzetta Ufficiale dell\u2019Unione Europea (GUUE) e sui<strong> portali web<\/strong> delle Direzioni Generali della Commissione Ue o delle apposite Agenzie Nazionali istituite negli Stati Membri.<\/p>\n<\/div><\/div>\n<\/div>\n\n\n\n<div class=\"ghostkit-divider ghostkit-divider-type-solid ghostkit-custom-Z1thOK8\"><\/div>\n\n\n\n<h1 class=\"wp-block-heading\" id=\"infoday-europe-project-lab-4-europe\">Infoday Europe &amp; Project Lab 4 Europe<\/h1>\n\n\n<div class=\"wp-block-image\">\n<figure class=\"aligncenter size-full is-resized\"><img loading=\"lazy\" decoding=\"async\" width=\"777\" height=\"437\" src=\"https:\/\/www.lazioinnova.it\/spazioattivo\/app\/uploads\/2024\/10\/Infoday-Europe_b2match.jpg\" alt=\"Locandina Infoday &amp; Project Europe Info nella pagina\" class=\"wp-image-31238\" style=\"width:625px;height:auto\" srcset=\"https:\/\/www.lazioinnova.it\/spazioattivo\/app\/uploads\/2024\/10\/Infoday-Europe_b2match.jpg 777w, https:\/\/www.lazioinnova.it\/spazioattivo\/app\/uploads\/2024\/10\/Infoday-Europe_b2match-300x169.jpg 300w, https:\/\/www.lazioinnova.it\/spazioattivo\/app\/uploads\/2024\/10\/Infoday-Europe_b2match-768x432.jpg 768w\" sizes=\"auto, (max-width: 777px) 100vw, 777px\" \/><\/figure><\/div>\n\n\n<p><br><strong><em><strong>Il programma di attivit\u00e0 per il rafforzamento della capacit\u00e0 di accesso delle MPMI alle opportunit\u00e0 europee<\/strong><\/em><\/strong><\/p>\n\n\n\n<p>La <strong>Regione Lazio<\/strong> e <strong>Lazio Innova<\/strong> hanno dato avvio a un programma di attivit\u00e0 che intende rafforzare e favorire l\u2019accesso delle <strong>imprese<\/strong>, delle <strong>startup <\/strong>e del <strong>sistema della ricerca e innovazione<\/strong> del Lazio alle <strong>opportunit\u00e0 <\/strong>derivanti dalla <strong>programmazione europea<\/strong> a gestione diretta e dalle iniziative promosse dalle principali Reti europee, con specifico riferimento a:<\/p>\n\n\n\n<ul class=\"wp-block-list\">\n<li>Call for proposal e altre opportunit\u00e0 lanciati dai Programmi europei a gestione diretta;<\/li>\n\n\n\n<li>Partecipazione e utilizzo delle Reti europee, per il rafforzamento dei partenariati e delle collaborazioni.<\/li>\n<\/ul>\n\n\n\n<p style=\"font-size:22px\"><strong>Per saperne di pi\u00f9 e partecipare, clicca <a href=\"https:\/\/www.lazioinnova.it\/innovazione-aperta\/iniziativa\/infoday-europe-project-lab-4-europe\/\" target=\"_blank\" rel=\"noreferrer noopener\">QUI<\/a><\/strong><\/p>\n\n\n\n<div class=\"ghostkit-divider ghostkit-divider-type-solid ghostkit-custom-Z1BMlYE\"><\/div>\n\n\n\n<p style=\"font-size:22px\"><\/p>\n\n\n\n<div class=\"ghostkit-accordion ghostkit-accordion-1\">\n<div class=\"ghostkit-accordion-item ghostkit-custom-rxGdd\" data-accordion=\"accordion-programmazione-2014-2020\"><div class=\"ghostkit-accordion-item-heading\"><button type=\"button\" id=\"accordion-programmazione-2014-2020-button\" aria-expanded=\"false\" aria-controls=\"accordion-programmazione-2014-2020-content\"><span class=\"ghostkit-accordion-item-label\"><strong>  Programmazione 2014-2020<\/strong><\/span><span class=\"ghostkit-accordion-item-collapse\"><svg class=\"ghostkit-svg-icon\" width=\"24\" height=\"24\" viewBox=\"0 0 24 24\" fill=\"none\" xmlns=\"http:\/\/www.w3.org\/2000\/svg\"><path d=\"M9.21967 6.2197C9.51256 5.9268 9.98744 5.9268 10.2803 6.2197L15.5303 11.4697C15.8232 11.7626 15.8232 12.2374 15.5303 12.5303L10.2803 17.7803C9.98744 18.0732 9.51256 18.0732 9.21967 17.7803C8.92678 17.4874 8.92678 17.0126 9.21967 16.7197L13.9393 12L9.21967 7.2803C8.92678 6.9874 8.92678 6.5126 9.21967 6.2197Z\" fill=\"currentColor\"><\/path><\/svg><\/span><\/button><\/div><div id=\"accordion-programmazione-2014-2020-content\" class=\"ghostkit-accordion-item-content is-layout-flow wp-block-accordion-item-is-layout-flow\" role=\"region\" aria-labelledby=\"accordion-programmazione-2014-2020-button\">\n<p> <strong>Lazio Innova<\/strong> ha fornito supporto operativo e specialistico alla <strong>Regione Lazio<\/strong> nella gestione di 6 Progetti che hanno beneficiato di Finanziamenti Diretti, afferenti a 3 diversi Programmi Ue:<\/p>\n\n\n\n<ul class=\"wp-block-list\">\n<li><strong><a href=\"https:\/\/www.lazioinnova.it\/spazioattivo\/progetti-europei\/space-up-assisting-european-space-start-ups-in-scaling-up\/\">SPACE UP<\/a>&nbsp; <\/strong>(HORIZON 2020)<\/li>\n\n\n\n<li><strong><a href=\"https:\/\/www.lazioinnova.it\/spazioattivo\/progetti-europei\/cast-creative-accelerators-for-sustainable-tourism\/\">CAST<\/a><\/strong>&nbsp; (COSME)<\/li>\n\n\n\n<li><strong><a href=\"https:\/\/www.lazioinnova.it\/spazioattivo\/progetti-europei\/prometeus-promotion-of-emobility-in-eu-regions-interreg-europe-2014-2020\/\">PROMETEUS<\/a><\/strong>&nbsp; (INTERREG EUROPE 2014-2020)<\/li>\n\n\n\n<li><strong><a href=\"https:\/\/www.lazioinnova.it\/spazioattivo\/progetti-europei\/urban-manufacturing-stimulating-innovation-through-collaborative-maker-spaces\/\">Urban Manufacturing<\/a>&nbsp; <\/strong>(INTERREG EUROPE 2014-2020)<\/li>\n\n\n\n<li><strong><a href=\"https:\/\/www.lazioinnova.it\/spazioattivo\/progetti-europei\/smart-hy-aware-smart-solutions-for-hydrogen-potential-awareness-enhancing\/\">SMART-HY-AWARE<\/a><\/strong><strong>&nbsp; <\/strong>(INTERREG EUROPE 2014-2020)<\/li>\n\n\n\n<li><strong><a href=\"https:\/\/www.lazioinnova.it\/spazioattivo\/progetti-europei\/scale-up-supporting-concentration-and-robustness-of-smes-within-the-renewed-eu-industrial-policy\/\">SCALE UP<\/a>&nbsp; <\/strong>(INTERREG EUROPE 2014-2020)<\/li>\n<\/ul>\n<\/div><\/div>\n<\/div>\n","protected":false},"excerpt":{"rendered":"<p>L\u2019Unione europea, per il periodo 2021-2027, ha messo a disposizione, oltre ai \u201cFinanziamenti Indiretti\u201d, i cosiddetti Fondi Strutturali e di Investimento Europei (SIE), anche i \u201cFinanziamenti Diretti\u201d destinati a progetti di cooperazione che richiedano la costituzione di partenariati transnazionali con la partecipazione di almeno tre Stati Membri. Infoday Europe &amp; Project Lab 4 Europe Il [&hellip;]<\/p>\n","protected":false},"author":1,"featured_media":0,"parent":0,"menu_order":0,"comment_status":"closed","ping_status":"closed","template":"","meta":{"_acf_changed":false,"ghostkit_customizer_options":"","ghostkit_custom_css":"","ghostkit_custom_js_head":"","ghostkit_custom_js_foot":"","ghostkit_typography":"","footnotes":""},"class_list":["post-9283","page","type-page","status-publish","hentry"],"acf":[],"yoast_head":"<!-- This site is optimized with the Yoast SEO plugin v24.2 - https:\/\/yoast.com\/wordpress\/plugins\/seo\/ -->\n<title>Progetti Europei - Spazio Attivo - LazioInnova<\/title>\n<meta name=\"robots\" content=\"index, follow, max-snippet:-1, max-image-preview:large, max-video-preview:-1\" \/>\n<link rel=\"canonical\" href=\"https:\/\/www.lazioinnova.it\/spazioattivo\/progetti-europei\/\" \/>\n<meta property=\"og:locale\" content=\"it_IT\" \/>\n<meta property=\"og:type\" content=\"article\" \/>\n<meta property=\"og:title\" content=\"Progetti Europei - Spazio Attivo - LazioInnova\" \/>\n<meta property=\"og:description\" content=\"L\u2019Unione europea, per il periodo 2021-2027, ha messo a disposizione, oltre ai \u201cFinanziamenti Indiretti\u201d, i cosiddetti Fondi Strutturali e di Investimento Europei (SIE), anche i \u201cFinanziamenti Diretti\u201d destinati a progetti di cooperazione che richiedano la costituzione di partenariati transnazionali con la partecipazione di almeno tre Stati Membri. Infoday Europe &amp; Project Lab 4 Europe Il [&hellip;]\" \/>\n<meta property=\"og:url\" content=\"https:\/\/www.lazioinnova.it\/spazioattivo\/progetti-europei\/\" \/>\n<meta property=\"og:site_name\" content=\"Spazio Attivo - LazioInnova\" \/>\n<meta property=\"article:modified_time\" content=\"2024-10-03T09:04:56+00:00\" \/>\n<meta property=\"og:image\" content=\"https:\/\/www.lazioinnova.it\/spazioattivo\/app\/uploads\/2024\/10\/Infoday-Europe_b2match.jpg\" \/>\n<meta name=\"twitter:card\" content=\"summary_large_image\" \/>\n<meta name=\"twitter:label1\" content=\"Est. reading time\" \/>\n\t<meta name=\"twitter:data1\" content=\"2 minuti\" \/>\n<script type=\"application\/ld+json\" class=\"yoast-schema-graph\">{\"@context\":\"https:\/\/schema.org\",\"@graph\":[{\"@type\":\"WebPage\",\"@id\":\"https:\/\/www.lazioinnova.it\/spazioattivo\/progetti-europei\/\",\"url\":\"https:\/\/www.lazioinnova.it\/spazioattivo\/progetti-europei\/\",\"name\":\"Progetti Europei - Spazio Attivo - LazioInnova\",\"isPartOf\":{\"@id\":\"https:\/\/www.lazioinnova.it\/spazioattivo\/#website\"},\"primaryImageOfPage\":{\"@id\":\"https:\/\/www.lazioinnova.it\/spazioattivo\/progetti-europei\/#primaryimage\"},\"image\":{\"@id\":\"https:\/\/www.lazioinnova.it\/spazioattivo\/progetti-europei\/#primaryimage\"},\"thumbnailUrl\":\"https:\/\/www.lazioinnova.it\/spazioattivo\/app\/uploads\/2024\/10\/Infoday-Europe_b2match.jpg\",\"datePublished\":\"2017-06-07T13:06:58+00:00\",\"dateModified\":\"2024-10-03T09:04:56+00:00\",\"breadcrumb\":{\"@id\":\"https:\/\/www.lazioinnova.it\/spazioattivo\/progetti-europei\/#breadcrumb\"},\"inLanguage\":\"it-IT\",\"potentialAction\":[{\"@type\":\"ReadAction\",\"target\":[\"https:\/\/www.lazioinnova.it\/spazioattivo\/progetti-europei\/\"]}]},{\"@type\":\"ImageObject\",\"inLanguage\":\"it-IT\",\"@id\":\"https:\/\/www.lazioinnova.it\/spazioattivo\/progetti-europei\/#primaryimage\",\"url\":\"https:\/\/www.lazioinnova.it\/spazioattivo\/app\/uploads\/2024\/10\/Infoday-Europe_b2match.jpg\",\"contentUrl\":\"https:\/\/www.lazioinnova.it\/spazioattivo\/app\/uploads\/2024\/10\/Infoday-Europe_b2match.jpg\",\"width\":777,\"height\":437,\"caption\":\"Locandina Infoday & Project Europe Info nella pagina\"},{\"@type\":\"BreadcrumbList\",\"@id\":\"https:\/\/www.lazioinnova.it\/spazioattivo\/progetti-europei\/#breadcrumb\",\"itemListElement\":[{\"@type\":\"ListItem\",\"position\":1,\"name\":\"Spazio Attivo\",\"item\":\"https:\/\/www.lazioinnova.it\/spazioattivo\/\"},{\"@type\":\"ListItem\",\"position\":2,\"name\":\"Progetti Europei\"}]},{\"@type\":\"WebSite\",\"@id\":\"https:\/\/www.lazioinnova.it\/spazioattivo\/#website\",\"url\":\"https:\/\/www.lazioinnova.it\/spazioattivo\/\",\"name\":\"Spazio Attivo - LazioInnova\",\"description\":\"Lazio innova\",\"potentialAction\":[{\"@type\":\"SearchAction\",\"target\":{\"@type\":\"EntryPoint\",\"urlTemplate\":\"https:\/\/www.lazioinnova.it\/spazioattivo\/?s={search_term_string}\"},\"query-input\":{\"@type\":\"PropertyValueSpecification\",\"valueRequired\":true,\"valueName\":\"search_term_string\"}}],\"inLanguage\":\"it-IT\"}]}<\/script>\n<!-- \/ Yoast SEO plugin. -->","yoast_head_json":{"title":"Progetti Europei - Spazio Attivo - LazioInnova","robots":{"index":"index","follow":"follow","max-snippet":"max-snippet:-1","max-image-preview":"max-image-preview:large","max-video-preview":"max-video-preview:-1"},"canonical":"https:\/\/www.lazioinnova.it\/spazioattivo\/progetti-europei\/","og_locale":"it_IT","og_type":"article","og_title":"Progetti Europei - Spazio Attivo - LazioInnova","og_description":"L\u2019Unione europea, per il periodo 2021-2027, ha messo a disposizione, oltre ai \u201cFinanziamenti Indiretti\u201d, i cosiddetti Fondi Strutturali e di Investimento Europei (SIE), anche i \u201cFinanziamenti Diretti\u201d destinati a progetti di cooperazione che richiedano la costituzione di partenariati transnazionali con la partecipazione di almeno tre Stati Membri. Infoday Europe &amp; Project Lab 4 Europe Il [&hellip;]","og_url":"https:\/\/www.lazioinnova.it\/spazioattivo\/progetti-europei\/","og_site_name":"Spazio Attivo - LazioInnova","article_modified_time":"2024-10-03T09:04:56+00:00","og_image":[{"url":"https:\/\/www.lazioinnova.it\/spazioattivo\/app\/uploads\/2024\/10\/Infoday-Europe_b2match.jpg","type":"","width":"","height":""}],"twitter_card":"summary_large_image","twitter_misc":{"Est. reading time":"2 minuti"},"schema":{"@context":"https:\/\/schema.org","@graph":[{"@type":"WebPage","@id":"https:\/\/www.lazioinnova.it\/spazioattivo\/progetti-europei\/","url":"https:\/\/www.lazioinnova.it\/spazioattivo\/progetti-europei\/","name":"Progetti Europei - Spazio Attivo - LazioInnova","isPartOf":{"@id":"https:\/\/www.lazioinnova.it\/spazioattivo\/#website"},"primaryImageOfPage":{"@id":"https:\/\/www.lazioinnova.it\/spazioattivo\/progetti-europei\/#primaryimage"},"image":{"@id":"https:\/\/www.lazioinnova.it\/spazioattivo\/progetti-europei\/#primaryimage"},"thumbnailUrl":"https:\/\/www.lazioinnova.it\/spazioattivo\/app\/uploads\/2024\/10\/Infoday-Europe_b2match.jpg","datePublished":"2017-06-07T13:06:58+00:00","dateModified":"2024-10-03T09:04:56+00:00","breadcrumb":{"@id":"https:\/\/www.lazioinnova.it\/spazioattivo\/progetti-europei\/#breadcrumb"},"inLanguage":"it-IT","potentialAction":[{"@type":"ReadAction","target":["https:\/\/www.lazioinnova.it\/spazioattivo\/progetti-europei\/"]}]},{"@type":"ImageObject","inLanguage":"it-IT","@id":"https:\/\/www.lazioinnova.it\/spazioattivo\/progetti-europei\/#primaryimage","url":"https:\/\/www.lazioinnova.it\/spazioattivo\/app\/uploads\/2024\/10\/Infoday-Europe_b2match.jpg","contentUrl":"https:\/\/www.lazioinnova.it\/spazioattivo\/app\/uploads\/2024\/10\/Infoday-Europe_b2match.jpg","width":777,"height":437,"caption":"Locandina Infoday & Project Europe Info nella pagina"},{"@type":"BreadcrumbList","@id":"https:\/\/www.lazioinnova.it\/spazioattivo\/progetti-europei\/#breadcrumb","itemListElement":[{"@type":"ListItem","position":1,"name":"Spazio Attivo","item":"https:\/\/www.lazioinnova.it\/spazioattivo\/"},{"@type":"ListItem","position":2,"name":"Progetti Europei"}]},{"@type":"WebSite","@id":"https:\/\/www.lazioinnova.it\/spazioattivo\/#website","url":"https:\/\/www.lazioinnova.it\/spazioattivo\/","name":"Spazio Attivo - LazioInnova","description":"Lazio innova","potentialAction":[{"@type":"SearchAction","target":{"@type":"EntryPoint","urlTemplate":"https:\/\/www.lazioinnova.it\/spazioattivo\/?s={search_term_string}"},"query-input":{"@type":"PropertyValueSpecification","valueRequired":true,"valueName":"search_term_string"}}],"inLanguage":"it-IT"}]}},"featured_image_src":null,"featured_image_src_square":null,"_links":{"self":[{"href":"https:\/\/www.lazioinnova.it\/spazioattivo\/wp-json\/wp\/v2\/pages\/9283","targetHints":{"allow":["GET"]}}],"collection":[{"href":"https:\/\/www.lazioinnova.it\/spazioattivo\/wp-json\/wp\/v2\/pages"}],"about":[{"href":"https:\/\/www.lazioinnova.it\/spazioattivo\/wp-json\/wp\/v2\/types\/page"}],"author":[{"embeddable":true,"href":"https:\/\/www.lazioinnova.it\/spazioattivo\/wp-json\/wp\/v2\/users\/1"}],"replies":[{"embeddable":true,"href":"https:\/\/www.lazioinnova.it\/spazioattivo\/wp-json\/wp\/v2\/comments?post=9283"}],"version-history":[{"count":29,"href":"https:\/\/www.lazioinnova.it\/spazioattivo\/wp-json\/wp\/v2\/pages\/9283\/revisions"}],"predecessor-version":[{"id":31269,"href":"https:\/\/www.lazioinnova.it\/spazioattivo\/wp-json\/wp\/v2\/pages\/9283\/revisions\/31269"}],"wp:attachment":[{"href":"https:\/\/www.lazioinnova.it\/spazioattivo\/wp-json\/wp\/v2\/media?parent=9283"}],"curies":[{"name":"wp","href":"https:\/\/api.w.org\/{rel}","templated":true}]}}