{"id":9289,"date":"2017-06-07T14:12:21","date_gmt":"2017-06-07T14:12:21","guid":{"rendered":"https:\/\/www.lazioinnova.it\/?page_id=9289"},"modified":"2021-11-25T16:29:26","modified_gmt":"2021-11-25T16:29:26","slug":"prometeus-promotion-of-emobility-in-eu-regions-interreg-europe-2014-2020","status":"publish","type":"page","link":"https:\/\/www.lazioinnova.it\/spazioattivo\/progetti-europei\/prometeus-promotion-of-emobility-in-eu-regions-interreg-europe-2014-2020\/","title":{"rendered":"\u201cPROMETEUS &#8211; PROMotion of EmobiliTy in EU regionS\u201d (Interreg Europe 2014-2020)"},"content":{"rendered":"<p>L\u2019elettromobilit\u00e0 \u00e8 stata identificata come una delle Politiche Comunitarie Prioritarie in quanto alternativa di trasporto sostenibile e a basso livello di emissioni di carbonio.<\/p>\n<p>Il Progetto Interreg Europe PROMETEUS intende promuovere l\u2019E-mobility superando le barriere rappresentate dalla mancanza di infrastrutture dedicate e dalla bassa consapevolezza e conoscenza delle potenzialit\u00e0 del settore da parte degli utilizzatori finali.<\/p>\n<p>\u00c8 strutturato in due Fasi.<\/p>\n<p><strong>Fase I<\/strong>: scambio di esperienze, selezione da parte di ciascun partner di una Best Practice ed elaborazione di un Regional Action Plan contenente la strategia di inserimento della Buona Pratica individuata nella Programmazione Mainstreaming.<\/p>\n<p><strong>Fase II<\/strong>: implementazione operativa del Regional Action Plan.<\/p>\n<p>Lo Strumento della Regione Lazio all\u2019interno del quale la Best Practice sar\u00e0 inserita \u00e8 il Por Fesr 2014-2020 &#8211; Priorit\u00e0 di Investimento 4.6 \u201cPromuovere strategie per basse emissioni di carbonio per tutti i tipi di territorio, in particolare per le aree urbane, inclusa la promozione della mobilit\u00e0 urbana multimodale sostenibile e di pertinenti misure di adattamento e mitigazione\u201d.<\/p>\n<p>Partner del Progetto sono il Ministero delle Infrastrutture e dei Trasporti di Malta, la Regione della Carinzia, la Regione di Castilla e Leon, la Regione Lazio, la Regione di Presov (Slovacchia) e il Consorzio Poliedra-Politecnico di Milano.<\/p>\n<p>Il Progetto \u00e8 iniziato in data 1 gennaio 2017. La sua conclusione \u00e8 prevista in data 30 giugno 2021.<\/p>\n<p>Visita il <a href=\"https:\/\/www.interregeurope.eu\/prometeus\/\">sito ufficiale<\/a> del progetto<\/p>\n","protected":false},"excerpt":{"rendered":"<p>L\u2019elettromobilit\u00e0 \u00e8 stata identificata come una delle Politiche Comunitarie Prioritarie in quanto alternativa di trasporto sostenibile e a basso livello di emissioni di carbonio. Il Progetto Interreg Europe PROMETEUS intende promuovere l\u2019E-mobility superando le barriere rappresentate dalla mancanza di infrastrutture dedicate e dalla bassa consapevolezza e conoscenza delle potenzialit\u00e0 del settore da parte degli utilizzatori [&hellip;]<\/p>\n","protected":false},"author":1,"featured_media":0,"parent":9283,"menu_order":0,"comment_status":"closed","ping_status":"closed","template":"","meta":{"_acf_changed":false,"ghostkit_customizer_options":"","ghostkit_custom_css":"","ghostkit_custom_js_head":"","ghostkit_custom_js_foot":"","ghostkit_typography":"","footnotes":""},"class_list":["post-9289","page","type-page","status-publish","hentry"],"acf":[],"yoast_head":"<!-- This site is optimized with the Yoast SEO plugin v24.2 - https:\/\/yoast.com\/wordpress\/plugins\/seo\/ -->\n<title>\u201cPROMETEUS - PROMotion of EmobiliTy in EU regionS\u201d (Interreg Europe 2014-2020) - Spazio Attivo - LazioInnova<\/title>\n<meta name=\"robots\" content=\"index, follow, max-snippet:-1, max-image-preview:large, max-video-preview:-1\" \/>\n<link rel=\"canonical\" href=\"https:\/\/www.lazioinnova.it\/spazioattivo\/progetti-europei\/prometeus-promotion-of-emobility-in-eu-regions-interreg-europe-2014-2020\/\" \/>\n<meta property=\"og:locale\" content=\"it_IT\" \/>\n<meta property=\"og:type\" content=\"article\" \/>\n<meta property=\"og:title\" content=\"\u201cPROMETEUS - PROMotion of EmobiliTy in EU regionS\u201d (Interreg Europe 2014-2020) - Spazio Attivo - LazioInnova\" \/>\n<meta property=\"og:description\" content=\"L\u2019elettromobilit\u00e0 \u00e8 stata identificata come una delle Politiche Comunitarie Prioritarie in quanto alternativa di trasporto sostenibile e a basso livello di emissioni di carbonio. Il Progetto Interreg Europe PROMETEUS intende promuovere l\u2019E-mobility superando le barriere rappresentate dalla mancanza di infrastrutture dedicate e dalla bassa consapevolezza e conoscenza delle potenzialit\u00e0 del settore da parte degli utilizzatori [&hellip;]\" \/>\n<meta property=\"og:url\" content=\"https:\/\/www.lazioinnova.it\/spazioattivo\/progetti-europei\/prometeus-promotion-of-emobility-in-eu-regions-interreg-europe-2014-2020\/\" \/>\n<meta property=\"og:site_name\" content=\"Spazio Attivo - LazioInnova\" \/>\n<meta property=\"article:modified_time\" content=\"2021-11-25T16:29:26+00:00\" \/>\n<meta name=\"twitter:card\" content=\"summary_large_image\" \/>\n<meta name=\"twitter:label1\" content=\"Est. reading time\" \/>\n\t<meta name=\"twitter:data1\" content=\"1 minuto\" \/>\n<script type=\"application\/ld+json\" class=\"yoast-schema-graph\">{\"@context\":\"https:\/\/schema.org\",\"@graph\":[{\"@type\":\"WebPage\",\"@id\":\"https:\/\/www.lazioinnova.it\/spazioattivo\/progetti-europei\/prometeus-promotion-of-emobility-in-eu-regions-interreg-europe-2014-2020\/\",\"url\":\"https:\/\/www.lazioinnova.it\/spazioattivo\/progetti-europei\/prometeus-promotion-of-emobility-in-eu-regions-interreg-europe-2014-2020\/\",\"name\":\"\u201cPROMETEUS - PROMotion of EmobiliTy in EU regionS\u201d (Interreg Europe 2014-2020) - Spazio Attivo - LazioInnova\",\"isPartOf\":{\"@id\":\"https:\/\/www.lazioinnova.it\/spazioattivo\/#website\"},\"datePublished\":\"2017-06-07T14:12:21+00:00\",\"dateModified\":\"2021-11-25T16:29:26+00:00\",\"breadcrumb\":{\"@id\":\"https:\/\/www.lazioinnova.it\/spazioattivo\/progetti-europei\/prometeus-promotion-of-emobility-in-eu-regions-interreg-europe-2014-2020\/#breadcrumb\"},\"inLanguage\":\"it-IT\",\"potentialAction\":[{\"@type\":\"ReadAction\",\"target\":[\"https:\/\/www.lazioinnova.it\/spazioattivo\/progetti-europei\/prometeus-promotion-of-emobility-in-eu-regions-interreg-europe-2014-2020\/\"]}]},{\"@type\":\"BreadcrumbList\",\"@id\":\"https:\/\/www.lazioinnova.it\/spazioattivo\/progetti-europei\/prometeus-promotion-of-emobility-in-eu-regions-interreg-europe-2014-2020\/#breadcrumb\",\"itemListElement\":[{\"@type\":\"ListItem\",\"position\":1,\"name\":\"Spazio Attivo\",\"item\":\"https:\/\/www.lazioinnova.it\/spazioattivo\/\"},{\"@type\":\"ListItem\",\"position\":2,\"name\":\"Progetti Europei\",\"item\":\"https:\/\/www.lazioinnova.it\/spazioattivo\/progetti-europei\/\"},{\"@type\":\"ListItem\",\"position\":3,\"name\":\"\u201cPROMETEUS &#8211; PROMotion of EmobiliTy in EU regionS\u201d (Interreg Europe 2014-2020)\"}]},{\"@type\":\"WebSite\",\"@id\":\"https:\/\/www.lazioinnova.it\/spazioattivo\/#website\",\"url\":\"https:\/\/www.lazioinnova.it\/spazioattivo\/\",\"name\":\"Spazio Attivo - LazioInnova\",\"description\":\"Lazio innova\",\"potentialAction\":[{\"@type\":\"SearchAction\",\"target\":{\"@type\":\"EntryPoint\",\"urlTemplate\":\"https:\/\/www.lazioinnova.it\/spazioattivo\/?s={search_term_string}\"},\"query-input\":{\"@type\":\"PropertyValueSpecification\",\"valueRequired\":true,\"valueName\":\"search_term_string\"}}],\"inLanguage\":\"it-IT\"}]}<\/script>\n<!-- \/ Yoast SEO plugin. -->","yoast_head_json":{"title":"\u201cPROMETEUS - PROMotion of EmobiliTy in EU regionS\u201d (Interreg Europe 2014-2020) - Spazio Attivo - LazioInnova","robots":{"index":"index","follow":"follow","max-snippet":"max-snippet:-1","max-image-preview":"max-image-preview:large","max-video-preview":"max-video-preview:-1"},"canonical":"https:\/\/www.lazioinnova.it\/spazioattivo\/progetti-europei\/prometeus-promotion-of-emobility-in-eu-regions-interreg-europe-2014-2020\/","og_locale":"it_IT","og_type":"article","og_title":"\u201cPROMETEUS - PROMotion of EmobiliTy in EU regionS\u201d (Interreg Europe 2014-2020) - Spazio Attivo - LazioInnova","og_description":"L\u2019elettromobilit\u00e0 \u00e8 stata identificata come una delle Politiche Comunitarie Prioritarie in quanto alternativa di trasporto sostenibile e a basso livello di emissioni di carbonio. Il Progetto Interreg Europe PROMETEUS intende promuovere l\u2019E-mobility superando le barriere rappresentate dalla mancanza di infrastrutture dedicate e dalla bassa consapevolezza e conoscenza delle potenzialit\u00e0 del settore da parte degli utilizzatori [&hellip;]","og_url":"https:\/\/www.lazioinnova.it\/spazioattivo\/progetti-europei\/prometeus-promotion-of-emobility-in-eu-regions-interreg-europe-2014-2020\/","og_site_name":"Spazio Attivo - LazioInnova","article_modified_time":"2021-11-25T16:29:26+00:00","twitter_card":"summary_large_image","twitter_misc":{"Est. reading time":"1 minuto"},"schema":{"@context":"https:\/\/schema.org","@graph":[{"@type":"WebPage","@id":"https:\/\/www.lazioinnova.it\/spazioattivo\/progetti-europei\/prometeus-promotion-of-emobility-in-eu-regions-interreg-europe-2014-2020\/","url":"https:\/\/www.lazioinnova.it\/spazioattivo\/progetti-europei\/prometeus-promotion-of-emobility-in-eu-regions-interreg-europe-2014-2020\/","name":"\u201cPROMETEUS - PROMotion of EmobiliTy in EU regionS\u201d (Interreg Europe 2014-2020) - Spazio Attivo - LazioInnova","isPartOf":{"@id":"https:\/\/www.lazioinnova.it\/spazioattivo\/#website"},"datePublished":"2017-06-07T14:12:21+00:00","dateModified":"2021-11-25T16:29:26+00:00","breadcrumb":{"@id":"https:\/\/www.lazioinnova.it\/spazioattivo\/progetti-europei\/prometeus-promotion-of-emobility-in-eu-regions-interreg-europe-2014-2020\/#breadcrumb"},"inLanguage":"it-IT","potentialAction":[{"@type":"ReadAction","target":["https:\/\/www.lazioinnova.it\/spazioattivo\/progetti-europei\/prometeus-promotion-of-emobility-in-eu-regions-interreg-europe-2014-2020\/"]}]},{"@type":"BreadcrumbList","@id":"https:\/\/www.lazioinnova.it\/spazioattivo\/progetti-europei\/prometeus-promotion-of-emobility-in-eu-regions-interreg-europe-2014-2020\/#breadcrumb","itemListElement":[{"@type":"ListItem","position":1,"name":"Spazio Attivo","item":"https:\/\/www.lazioinnova.it\/spazioattivo\/"},{"@type":"ListItem","position":2,"name":"Progetti Europei","item":"https:\/\/www.lazioinnova.it\/spazioattivo\/progetti-europei\/"},{"@type":"ListItem","position":3,"name":"\u201cPROMETEUS &#8211; PROMotion of EmobiliTy in EU regionS\u201d (Interreg Europe 2014-2020)"}]},{"@type":"WebSite","@id":"https:\/\/www.lazioinnova.it\/spazioattivo\/#website","url":"https:\/\/www.lazioinnova.it\/spazioattivo\/","name":"Spazio Attivo - LazioInnova","description":"Lazio innova","potentialAction":[{"@type":"SearchAction","target":{"@type":"EntryPoint","urlTemplate":"https:\/\/www.lazioinnova.it\/spazioattivo\/?s={search_term_string}"},"query-input":{"@type":"PropertyValueSpecification","valueRequired":true,"valueName":"search_term_string"}}],"inLanguage":"it-IT"}]}},"featured_image_src":null,"featured_image_src_square":null,"_links":{"self":[{"href":"https:\/\/www.lazioinnova.it\/spazioattivo\/wp-json\/wp\/v2\/pages\/9289","targetHints":{"allow":["GET"]}}],"collection":[{"href":"https:\/\/www.lazioinnova.it\/spazioattivo\/wp-json\/wp\/v2\/pages"}],"about":[{"href":"https:\/\/www.lazioinnova.it\/spazioattivo\/wp-json\/wp\/v2\/types\/page"}],"author":[{"embeddable":true,"href":"https:\/\/www.lazioinnova.it\/spazioattivo\/wp-json\/wp\/v2\/users\/1"}],"replies":[{"embeddable":true,"href":"https:\/\/www.lazioinnova.it\/spazioattivo\/wp-json\/wp\/v2\/comments?post=9289"}],"version-history":[{"count":1,"href":"https:\/\/www.lazioinnova.it\/spazioattivo\/wp-json\/wp\/v2\/pages\/9289\/revisions"}],"predecessor-version":[{"id":28092,"href":"https:\/\/www.lazioinnova.it\/spazioattivo\/wp-json\/wp\/v2\/pages\/9289\/revisions\/28092"}],"up":[{"embeddable":true,"href":"https:\/\/www.lazioinnova.it\/spazioattivo\/wp-json\/wp\/v2\/pages\/9283"}],"wp:attachment":[{"href":"https:\/\/www.lazioinnova.it\/spazioattivo\/wp-json\/wp\/v2\/media?parent=9289"}],"curies":[{"name":"wp","href":"https:\/\/api.w.org\/{rel}","templated":true}]}}